{"id":79981,"date":"2022-10-27T14:37:57","date_gmt":"2022-10-27T12:37:57","guid":{"rendered":"https:\/\/www.v-valley.com\/vendor\/veritas\/"},"modified":"2023-02-16T10:44:29","modified_gmt":"2023-02-16T09:44:29","slug":"veritas","status":"publish","type":"page","link":"https:\/\/www.v-valley.com\/es\/vendor\/veritas\/","title":{"rendered":"Veritas"},"content":{"rendered":"\n\n\t\t\t\t<img loading=\"lazy\" decoding=\"async\" src=\"https:\/\/statics.v-valley.com\/prod\/2022\/10\/logo_veritas.gif\" alt=\"logo_veritas\" itemprop=\"image\" height=\"55\" width=\"140\" title=\"logo_veritas\" onerror=\"this.style.display='none'\"  \/>\n<h2>\n\t\t\u00bfQUI\u00c9N ES VERITAS?\n\t<\/h2>\n\t<p>Veritas acelera la transformaci\u00f3n digital y resuelve retos empresariales como la gesti\u00f3n de datos multi-nube, la protecci\u00f3n de datos, la optimizaci\u00f3n del almacenamiento, el cumplimiento de normativas y la portabilidad de las cargas de trabajo. Te permite tratar la informaci\u00f3n como un activo, tanto para reducir costes riesgos, como para utilizar los datos con un valor diferenciador.<\/p>\n<h2>\n\t\tLOS PRODUCTOS DE VERITAS\n\t<\/h2>\n\t<ul>\n<li>Backup Exec. Soluci\u00f3n simple y poderosa que garantiza que tus datos cr\u00edticos del negocio nunca corran el riesgo de perderse, ser robados o da\u00f1ados. Facilita la protecci\u00f3n de Microsoft 365, de datos en la nube y de cargas de trabajo virtuales con total seguridad.<\/li>\n<li>NetBackup (v10). \u00danica soluci\u00f3n de administraci\u00f3n de datos empresariales que combina automatizaci\u00f3n, inteligencia artificial y una arquitectura el\u00e1stica para mejorar la agilidad y la seguridad de los datos en cualquier nube, a cualquier escala.<\/li>\n<li>Appliance NetBackup: permitien una r\u00e1pida implementaci\u00f3n de la protecci\u00f3n de datos de clase empresarial resistente al ransomware. Las appliances de NetBackup simplifican la administraci\u00f3n de datos empresariales a la vez que reducen los costos, entre los que puedes encontrar Flex Scale, Netbackup Flex (5350, 5250 y 5350) y NetBackup Access Appliance.<\/li>\n<li>DLO (Desktop anda Laptop Option): Soluci\u00f3n de respaldo sencilla de utilizar y escalar para todos sus endpoints Windows y Mac<\/li>\n<li>System Recovery. protecci\u00f3n de equipos port\u00e1tiles, servidores y m\u00e1quinas virtuales sin interrumpir la productividad de los empleados ni los servicios de TI. Restaura r\u00e1pidamente sistemas f\u00edsicos y virtuales; archivos y carpetas en diferentes plataformas de hardware sobre la marcha y rompe la barrera de los controladores de almacenamiento incompatibles y mucho m\u00e1s.<\/li>\n<li>NetBackup SaaS Protection: soluci\u00f3n unificada de administraci\u00f3n y protecci\u00f3n de datos, que brinda automatizaciones simples y rentables de copia de seguridad como servicio (BaaS) para las principales aplicaciones empresariales de SaaS mediante una sola interfaz intuitiva.<\/li>\n<\/ul>\n\t<p>Almacenamiento <\/p>\n\t<p>Software de Backup y DR <\/p>\n\t<p>Soluciones para Service Providers<\/p>\n\n","protected":false},"excerpt":{"rendered":"<p>\u00bfQUI\u00c9N ES VERITAS? Veritas acelera la transformaci\u00f3n digital y resuelve retos empresariales como la gesti\u00f3n de datos multi-nube, la protecci\u00f3n de datos, la optimizaci\u00f3n del almacenamiento, el cumplimiento de normativas y la portabilidad de las cargas de trabajo. Te permite tratar la informaci\u00f3n como un activo, tanto para reducir costes riesgos, como para utilizar los [&hellip;]<\/p>\n","protected":false},"author":7,"featured_media":0,"parent":79554,"menu_order":0,"comment_status":"closed","ping_status":"closed","template":"templates\/template-vendor-category.php","meta":{"_acf_changed":false,"_genesis_hide_title":false,"_genesis_hide_breadcrumbs":false,"_genesis_hide_singular_image":false,"_genesis_hide_footer_widgets":false,"_genesis_custom_body_class":"","_genesis_custom_post_class":"","_genesis_layout":"","footnotes":""},"class_list":{"0":"post-79981","1":"page","2":"type-page","3":"status-publish","5":"entry"},"acf":[],"_links":{"self":[{"href":"https:\/\/www.v-valley.com\/es\/wp-json\/wp\/v2\/pages\/79981","targetHints":{"allow":["GET"]}}],"collection":[{"href":"https:\/\/www.v-valley.com\/es\/wp-json\/wp\/v2\/pages"}],"about":[{"href":"https:\/\/www.v-valley.com\/es\/wp-json\/wp\/v2\/types\/page"}],"author":[{"embeddable":true,"href":"https:\/\/www.v-valley.com\/es\/wp-json\/wp\/v2\/users\/7"}],"replies":[{"embeddable":true,"href":"https:\/\/www.v-valley.com\/es\/wp-json\/wp\/v2\/comments?post=79981"}],"version-history":[{"count":0,"href":"https:\/\/www.v-valley.com\/es\/wp-json\/wp\/v2\/pages\/79981\/revisions"}],"up":[{"embeddable":true,"href":"https:\/\/www.v-valley.com\/es\/wp-json\/wp\/v2\/pages\/79554"}],"wp:attachment":[{"href":"https:\/\/www.v-valley.com\/es\/wp-json\/wp\/v2\/media?parent=79981"}],"curies":[{"name":"wp","href":"https:\/\/api.w.org\/{rel}","templated":true}]}}