{"id":79965,"date":"2022-10-27T14:27:31","date_gmt":"2022-10-27T12:27:31","guid":{"rendered":"https:\/\/www.v-valley.com\/vendor\/corel\/"},"modified":"2023-02-16T10:25:07","modified_gmt":"2023-02-16T09:25:07","slug":"corel","status":"publish","type":"page","link":"https:\/\/www.v-valley.com\/es\/vendor\/corel\/","title":{"rendered":"Corel"},"content":{"rendered":"\n\n\t\t\t\t<img loading=\"lazy\" decoding=\"async\" src=\"https:\/\/statics.v-valley.com\/prod\/2022\/10\/logo_corel.gif\" alt=\"logo_corel\" itemprop=\"image\" height=\"55\" width=\"140\" title=\"logo_corel\" onerror=\"this.style.display='none'\"  \/>\n<h2>\n\t\t\u00bfQUI\u00c9N ES COREL?\n\t<\/h2>\n\t<p>Corel tiene decenas de millones de usuarios en m\u00e1s de 75 pa\u00edses. Ofrece desde soluciones profesionales \u00abtodo en uno\u00bb para ilustraci\u00f3n vectorial, dise\u00f1o de p\u00e1ginas, edici\u00f3n de fotograf\u00edas hasta soluciones de ofim\u00e1tica integral.<\/p>\n<h2>\n\t\tLOS PRODUCTOS DE COREL\n\t<\/h2>\n\t<p>Portfolio de Soluciones Corel:<\/p>\n<ul>\n<li>Ilustraci\u00f3n, dise\u00f1o y pintura digital: dise\u00f1o gr\u00e1fico creativo (CorelDRAW), pintura digital (Painter, ParticleShop), y dise\u00f1o gr\u00e1fico t\u00e9cnico ( CorelCAD, CorelDRAW Technical Suite)<\/li>\n<li>Edici\u00f3n de im\u00e1genes: PaintShop, Ultimate, Photo Video Bundle, AfterShot<\/li>\n<li>Edici\u00f3n de v\u00eddeo y reproducci\u00f3n de DVDs, copia, conversi\u00f3n y grabaci\u00f3n<\/li>\n<\/ul>\n\t<p>Software de dise\u00f1o<\/p>\n\n","protected":false},"excerpt":{"rendered":"<p>\u00bfQUI\u00c9N ES COREL? Corel tiene decenas de millones de usuarios en m\u00e1s de 75 pa\u00edses. Ofrece desde soluciones profesionales \u00abtodo en uno\u00bb para ilustraci\u00f3n vectorial, dise\u00f1o de p\u00e1ginas, edici\u00f3n de fotograf\u00edas hasta soluciones de ofim\u00e1tica integral. LOS PRODUCTOS DE COREL Portfolio de Soluciones Corel: Ilustraci\u00f3n, dise\u00f1o y pintura digital: dise\u00f1o gr\u00e1fico creativo (CorelDRAW), pintura digital [&hellip;]<\/p>\n","protected":false},"author":7,"featured_media":0,"parent":79554,"menu_order":0,"comment_status":"closed","ping_status":"closed","template":"templates\/template-vendor-category.php","meta":{"_acf_changed":false,"_genesis_hide_title":false,"_genesis_hide_breadcrumbs":false,"_genesis_hide_singular_image":false,"_genesis_hide_footer_widgets":false,"_genesis_custom_body_class":"","_genesis_custom_post_class":"","_genesis_layout":"","footnotes":""},"class_list":{"0":"post-79965","1":"page","2":"type-page","3":"status-publish","5":"entry"},"acf":[],"_links":{"self":[{"href":"https:\/\/www.v-valley.com\/es\/wp-json\/wp\/v2\/pages\/79965","targetHints":{"allow":["GET"]}}],"collection":[{"href":"https:\/\/www.v-valley.com\/es\/wp-json\/wp\/v2\/pages"}],"about":[{"href":"https:\/\/www.v-valley.com\/es\/wp-json\/wp\/v2\/types\/page"}],"author":[{"embeddable":true,"href":"https:\/\/www.v-valley.com\/es\/wp-json\/wp\/v2\/users\/7"}],"replies":[{"embeddable":true,"href":"https:\/\/www.v-valley.com\/es\/wp-json\/wp\/v2\/comments?post=79965"}],"version-history":[{"count":0,"href":"https:\/\/www.v-valley.com\/es\/wp-json\/wp\/v2\/pages\/79965\/revisions"}],"up":[{"embeddable":true,"href":"https:\/\/www.v-valley.com\/es\/wp-json\/wp\/v2\/pages\/79554"}],"wp:attachment":[{"href":"https:\/\/www.v-valley.com\/es\/wp-json\/wp\/v2\/media?parent=79965"}],"curies":[{"name":"wp","href":"https:\/\/api.w.org\/{rel}","templated":true}]}}