{"id":79956,"date":"2022-10-27T12:58:48","date_gmt":"2022-10-27T10:58:48","guid":{"rendered":"https:\/\/www.v-valley.com\/vendor\/microfocus\/"},"modified":"2025-02-06T11:22:09","modified_gmt":"2025-02-06T10:22:09","slug":"opentext","status":"publish","type":"page","link":"https:\/\/www.v-valley.com\/es\/vendor\/opentext\/","title":{"rendered":"Opentext"},"content":{"rendered":"\r\n\r\n\t\t\t\t<img loading=\"lazy\" decoding=\"async\" src=\"https:\/\/statics.v-valley.com\/prod\/2025\/02\/logo-opentext.gif\" alt=\"logo-opentext\" itemprop=\"image\" height=\"55\" width=\"140\" title=\"logo-opentext\" onerror=\"this.style.display='none'\"  \/>\r\n\t\t\t\t<img decoding=\"async\" src=\"https:\/\/www.v-valley.com\/wp-content\/plugins\/bb-plugin\/img\/pixel.png\" alt=\"\" itemprop=\"image\" onerror=\"this.style.display='none'\"  \/>\r\n<h2>\r\n\t\t\u00bfQUI\u00c9N ES OPENTEXT?\r\n\t<\/h2>\r\n\t<p>Opentext es uno de los mayores proveedores de software empresarial del mundo. Ofrece servicios tecnol\u00f3gicos y de apoyo cr\u00edticos que permiten a miles de clientes de todo el mundo gestionar los elementos inform\u00e1ticos clave de sus empresas, para que puedan gestionar y transformar al mismo tiempo.<\/p>\r\n<h2>\r\n\t\tLOS PRODUCTOS DE OPENTEXT\r\n\t<\/h2>\r\n\t<p>Opentext ofrece una amplia cartera de productos, desde soluciones CyberRes de seguridad inform\u00e1tica en las \u00e1reas de seguridad de aplicaciones, administraci\u00f3n de identidad y accesos, seguridad de datos, operaciones de seguridad y gesti\u00f3n de contenidos seguros, hasta soluciones para gestionar la distribuci\u00f3n de aplicaciones, modernizar el software y la conectividad, gobernanza y gesti\u00f3n de la informaci\u00f3n, anal\u00edtica y big data.<\/p>\r\n\t<p>Ciberprotecci\u00f3n<\/p>\r\n\t<p>Soluciones de copia de seguridad<\/p>\r\n\t<p>Soluciones de c\u00f3digo abierto<\/p>\r\n\t<p>Soluciones de protecci\u00f3n de datos<\/p>\r\n\t<p>Soluciones de gesti\u00f3n de aplicaciones empresariales<\/p>\r\n\t<p>Soluciones en la nube<\/p>\r\n\r\n","protected":false},"excerpt":{"rendered":"<p>\u00bfQUI\u00c9N ES OPENTEXT? Opentext es uno de los mayores proveedores de software empresarial del mundo. Ofrece servicios tecnol\u00f3gicos y de apoyo cr\u00edticos que permiten a miles de clientes de todo el mundo gestionar los elementos inform\u00e1ticos clave de sus empresas, para que puedan gestionar y transformar al mismo tiempo. LOS PRODUCTOS DE OPENTEXT Opentext ofrece [&hellip;]<\/p>\n","protected":false},"author":7,"featured_media":0,"parent":79554,"menu_order":0,"comment_status":"closed","ping_status":"closed","template":"templates\/template-vendor-category.php","meta":{"_acf_changed":false,"_genesis_hide_title":false,"_genesis_hide_breadcrumbs":false,"_genesis_hide_singular_image":false,"_genesis_hide_footer_widgets":false,"_genesis_custom_body_class":"","_genesis_custom_post_class":"","_genesis_layout":"","footnotes":""},"class_list":{"0":"post-79956","1":"page","2":"type-page","3":"status-publish","5":"entry"},"acf":[],"_links":{"self":[{"href":"https:\/\/www.v-valley.com\/es\/wp-json\/wp\/v2\/pages\/79956","targetHints":{"allow":["GET"]}}],"collection":[{"href":"https:\/\/www.v-valley.com\/es\/wp-json\/wp\/v2\/pages"}],"about":[{"href":"https:\/\/www.v-valley.com\/es\/wp-json\/wp\/v2\/types\/page"}],"author":[{"embeddable":true,"href":"https:\/\/www.v-valley.com\/es\/wp-json\/wp\/v2\/users\/7"}],"replies":[{"embeddable":true,"href":"https:\/\/www.v-valley.com\/es\/wp-json\/wp\/v2\/comments?post=79956"}],"version-history":[{"count":2,"href":"https:\/\/www.v-valley.com\/es\/wp-json\/wp\/v2\/pages\/79956\/revisions"}],"predecessor-version":[{"id":498580,"href":"https:\/\/www.v-valley.com\/es\/wp-json\/wp\/v2\/pages\/79956\/revisions\/498580"}],"up":[{"embeddable":true,"href":"https:\/\/www.v-valley.com\/es\/wp-json\/wp\/v2\/pages\/79554"}],"wp:attachment":[{"href":"https:\/\/www.v-valley.com\/es\/wp-json\/wp\/v2\/media?parent=79956"}],"curies":[{"name":"wp","href":"https:\/\/api.w.org\/{rel}","templated":true}]}}