{"id":79953,"date":"2022-10-27T12:57:03","date_gmt":"2022-10-27T10:57:03","guid":{"rendered":"https:\/\/www.v-valley.com\/vendor\/parallels\/"},"modified":"2024-09-03T15:25:05","modified_gmt":"2024-09-03T13:25:05","slug":"parallels","status":"publish","type":"page","link":"https:\/\/www.v-valley.com\/es\/vendor\/parallels\/","title":{"rendered":"Parallels"},"content":{"rendered":"\n\n\t\t\t\t<img loading=\"lazy\" decoding=\"async\" src=\"https:\/\/statics.v-valley.com\/prod\/2022\/10\/logo_parallels.gif\" alt=\"logo_parallels\" itemprop=\"image\" height=\"55\" width=\"140\" title=\"logo_parallels\" onerror=\"this.style.display='none'\"  \/>\n<h2>\n\t\t\u00bfQUI\u00c9N ES PARALLELS?\n\t<\/h2>\n\t<p>Parallels es l\u00edder mundial en soluciones multiplataforma que permiten a las empresas y a los usuarios individuales acceder y utilizar f\u00e1cilmente aplicaciones y archivos en cualquier dispositivo o sistema operativo. Parallels ayuda a los clientes a sacar el m\u00e1ximo partido de las mejores tecnolog\u00edas disponibles en el mercado, ya sea Windows, Mac, iOS, Android o la nube. Con Parallels, las empresas, organismos p\u00fablicos, educadores y usuarios finales pueden crear entornos de trabajo y formaci\u00f3n \u00f3ptimos. Parallels resuelve problemas t\u00e9cnicos complejos y detectados por los usuarios, simplificando y optimizando los costes tanto para las empresas como para los usuarios finales, as\u00ed como el uso de aplicaciones desde cualquier lugar.<\/p>\n<h2>\n\t\tLOS PRODUCTOS DE PARALLELS\n\t<\/h2>\n\t<p>Parallels ofrece una amplia gama de soluciones, entre las que destacan:<\/p>\n\t<ul>\n<li>Parallels Desktop para Mac: una soluci\u00f3n sencilla, r\u00e1pida y potente para ejecutar Windows en Mac sin necesidad de reiniciar. La primera elecci\u00f3n de m\u00e1s de siete millones de usuarios de Mac durante m\u00e1s de 14 a\u00f1os.<\/li>\n<li>Parallels Remote Application Server (RAS): una completa soluci\u00f3n de teletrabajo que proporciona acceso seguro a las aplicaciones y escritorios virtuales en cualquier momento, en cualquier lugar y desde cualquier dispositivo.<\/li>\n<\/ul>\n\t<p>Soluciones para servidores de aplicaciones remotas<\/p>\n\t<p>Soluciones de virtualizaci\u00f3n de escritorios<\/p>\n\t<p>Soluciones en la nube<\/p>\n\n","protected":false},"excerpt":{"rendered":"<p>\u00bfQUI\u00c9N ES PARALLELS? Parallels es l\u00edder mundial en soluciones multiplataforma que permiten a las empresas y a los usuarios individuales acceder y utilizar f\u00e1cilmente aplicaciones y archivos en cualquier dispositivo o sistema operativo. Parallels ayuda a los clientes a sacar el m\u00e1ximo partido de las mejores tecnolog\u00edas disponibles en el mercado, ya sea Windows, Mac, [&hellip;]<\/p>\n","protected":false},"author":7,"featured_media":0,"parent":79554,"menu_order":0,"comment_status":"closed","ping_status":"closed","template":"templates\/template-vendor-category.php","meta":{"_acf_changed":false,"_genesis_hide_title":false,"_genesis_hide_breadcrumbs":false,"_genesis_hide_singular_image":false,"_genesis_hide_footer_widgets":false,"_genesis_custom_body_class":"","_genesis_custom_post_class":"","_genesis_layout":"","footnotes":""},"class_list":{"0":"post-79953","1":"page","2":"type-page","3":"status-publish","5":"entry"},"acf":[],"_links":{"self":[{"href":"https:\/\/www.v-valley.com\/es\/wp-json\/wp\/v2\/pages\/79953","targetHints":{"allow":["GET"]}}],"collection":[{"href":"https:\/\/www.v-valley.com\/es\/wp-json\/wp\/v2\/pages"}],"about":[{"href":"https:\/\/www.v-valley.com\/es\/wp-json\/wp\/v2\/types\/page"}],"author":[{"embeddable":true,"href":"https:\/\/www.v-valley.com\/es\/wp-json\/wp\/v2\/users\/7"}],"replies":[{"embeddable":true,"href":"https:\/\/www.v-valley.com\/es\/wp-json\/wp\/v2\/comments?post=79953"}],"version-history":[{"count":0,"href":"https:\/\/www.v-valley.com\/es\/wp-json\/wp\/v2\/pages\/79953\/revisions"}],"up":[{"embeddable":true,"href":"https:\/\/www.v-valley.com\/es\/wp-json\/wp\/v2\/pages\/79554"}],"wp:attachment":[{"href":"https:\/\/www.v-valley.com\/es\/wp-json\/wp\/v2\/media?parent=79953"}],"curies":[{"name":"wp","href":"https:\/\/api.w.org\/{rel}","templated":true}]}}