{"id":79948,"date":"2022-10-27T12:55:03","date_gmt":"2022-10-27T10:55:03","guid":{"rendered":"https:\/\/www.v-valley.com\/vendor\/veeam\/"},"modified":"2023-02-16T10:42:41","modified_gmt":"2023-02-16T09:42:41","slug":"veeam","status":"publish","type":"page","link":"https:\/\/www.v-valley.com\/es\/vendor\/veeam\/","title":{"rendered":"Veeam"},"content":{"rendered":"\n\n\t\t\t\t<img loading=\"lazy\" decoding=\"async\" src=\"https:\/\/statics.v-valley.com\/prod\/2022\/10\/logo_veeam.gif\" alt=\"logo_veeam\" itemprop=\"image\" height=\"48\" width=\"128\" title=\"logo_veeam\" onerror=\"this.style.display='none'\"  \/>\n<h2>\n\t\t\u00bfQUI\u00c9N ES VEEAM?\n\t<\/h2>\n\t<p>Veeam proporciona continuidad del negocio sin interrupciones y agilidad para la transformaci\u00f3n digital con soluciones de gesti\u00f3n, migraci\u00f3n multinube, y anal\u00edtica y visibilidad de los datos. <\/p>\n<h2>\n\t\tLOS PRODUCTOS DE VEEAM\n\t<\/h2>\n\tVeeam\u00ae Backup &#038; Replication proporciona disponibilidad para todas las cargas de trabajo cloud, virtuales y f\u00edsicas.<br \/>\nVeeam Availability Suite\u2122 combina las funcionalidades de backup, restauraci\u00f3n y replicaci\u00f3n de Veeam Backup &#038; Replication\u2122 con la monitorizaci\u00f3n y an\u00e1lisis avanzado de Veeam ONE\u2122.\n\t<p>Almacenamiento <\/p>\n\t<p>Software de Backup y DR <\/p>\n\t<p>Soluciones para Service Providers<\/p>\n\n","protected":false},"excerpt":{"rendered":"<p>\u00bfQUI\u00c9N ES VEEAM? Veeam proporciona continuidad del negocio sin interrupciones y agilidad para la transformaci\u00f3n digital con soluciones de gesti\u00f3n, migraci\u00f3n multinube, y anal\u00edtica y visibilidad de los datos. LOS PRODUCTOS DE VEEAM Veeam\u00ae Backup &#038; Replication proporciona disponibilidad para todas las cargas de trabajo cloud, virtuales y f\u00edsicas. Veeam Availability Suite\u2122 combina las funcionalidades [&hellip;]<\/p>\n","protected":false},"author":7,"featured_media":0,"parent":79554,"menu_order":0,"comment_status":"closed","ping_status":"closed","template":"templates\/template-vendor-category.php","meta":{"_acf_changed":false,"_genesis_hide_title":false,"_genesis_hide_breadcrumbs":false,"_genesis_hide_singular_image":false,"_genesis_hide_footer_widgets":false,"_genesis_custom_body_class":"","_genesis_custom_post_class":"","_genesis_layout":"","footnotes":""},"class_list":{"0":"post-79948","1":"page","2":"type-page","3":"status-publish","5":"entry"},"acf":[],"_links":{"self":[{"href":"https:\/\/www.v-valley.com\/es\/wp-json\/wp\/v2\/pages\/79948","targetHints":{"allow":["GET"]}}],"collection":[{"href":"https:\/\/www.v-valley.com\/es\/wp-json\/wp\/v2\/pages"}],"about":[{"href":"https:\/\/www.v-valley.com\/es\/wp-json\/wp\/v2\/types\/page"}],"author":[{"embeddable":true,"href":"https:\/\/www.v-valley.com\/es\/wp-json\/wp\/v2\/users\/7"}],"replies":[{"embeddable":true,"href":"https:\/\/www.v-valley.com\/es\/wp-json\/wp\/v2\/comments?post=79948"}],"version-history":[{"count":0,"href":"https:\/\/www.v-valley.com\/es\/wp-json\/wp\/v2\/pages\/79948\/revisions"}],"up":[{"embeddable":true,"href":"https:\/\/www.v-valley.com\/es\/wp-json\/wp\/v2\/pages\/79554"}],"wp:attachment":[{"href":"https:\/\/www.v-valley.com\/es\/wp-json\/wp\/v2\/media?parent=79948"}],"curies":[{"name":"wp","href":"https:\/\/api.w.org\/{rel}","templated":true}]}}