{"id":79944,"date":"2022-10-27T12:52:17","date_gmt":"2022-10-27T10:52:17","guid":{"rendered":"https:\/\/www.v-valley.com\/vendor\/acronis\/"},"modified":"2024-07-24T09:20:37","modified_gmt":"2024-07-24T07:20:37","slug":"acronis","status":"publish","type":"page","link":"https:\/\/www.v-valley.com\/es\/vendor\/acronis\/","title":{"rendered":"Acronis"},"content":{"rendered":"\n\n\t\t\t\t<img loading=\"lazy\" decoding=\"async\" src=\"https:\/\/statics.v-valley.com\/prod\/2022\/10\/logo_acronis.gif\" alt=\"logo_acronis\" itemprop=\"image\" height=\"55\" width=\"140\" title=\"logo_acronis\" onerror=\"this.style.display='none'\"  \/>\n<h2>\n\t\t\u00bfQUI\u00c9N ES ACRONIS?\n\t<\/h2>\n\t<p>Acronis marca la pauta en ciberprotecci\u00f3n y almacenamiento en la nube h\u00edbrida mediante sus innovadoras soluciones de copia de seguridad, antiransomware, recuperaci\u00f3n ante desastres, almacenamiento, sincronizaci\u00f3n y uso compartido de archivos de empresa.<\/p>\n<h2>\n\t\tLOS PRODUCTOS DE ACRONIS\n\t<\/h2>\n\tAcronis Cyber Protect es la \u00fanica soluci\u00f3n que integra la ciberseguridad, la gesti\u00f3n y la protecci\u00f3n de datos de forma nativa para proteger endpoints, sistemas y datos.<br \/>\nAcronis Cyber Backup proporciona la copia de seguridad m\u00e1s fiable y sencilla para empresas de cualquier tama\u00f1o, brindando la protecci\u00f3n de datos que cumple con las demandas actuales.\n\t<p>Almacenamiento<\/p>\n\t<p>EndPoint Security<\/p>\n\t<p>Information Security<\/p>\n\t<p>Software de Backup y DR<\/p>\n\t<p>Soluciones para Service Providers<\/p>\n\n","protected":false},"excerpt":{"rendered":"<p>\u00bfQUI\u00c9N ES ACRONIS? Acronis marca la pauta en ciberprotecci\u00f3n y almacenamiento en la nube h\u00edbrida mediante sus innovadoras soluciones de copia de seguridad, antiransomware, recuperaci\u00f3n ante desastres, almacenamiento, sincronizaci\u00f3n y uso compartido de archivos de empresa. LOS PRODUCTOS DE ACRONIS Acronis Cyber Protect es la \u00fanica soluci\u00f3n que integra la ciberseguridad, la gesti\u00f3n y la [&hellip;]<\/p>\n","protected":false},"author":7,"featured_media":0,"parent":79554,"menu_order":0,"comment_status":"closed","ping_status":"closed","template":"templates\/template-vendor-category.php","meta":{"_acf_changed":false,"_genesis_hide_title":false,"_genesis_hide_breadcrumbs":false,"_genesis_hide_singular_image":false,"_genesis_hide_footer_widgets":false,"_genesis_custom_body_class":"","_genesis_custom_post_class":"","_genesis_layout":"","footnotes":""},"class_list":{"0":"post-79944","1":"page","2":"type-page","3":"status-publish","5":"entry"},"acf":[],"_links":{"self":[{"href":"https:\/\/www.v-valley.com\/es\/wp-json\/wp\/v2\/pages\/79944","targetHints":{"allow":["GET"]}}],"collection":[{"href":"https:\/\/www.v-valley.com\/es\/wp-json\/wp\/v2\/pages"}],"about":[{"href":"https:\/\/www.v-valley.com\/es\/wp-json\/wp\/v2\/types\/page"}],"author":[{"embeddable":true,"href":"https:\/\/www.v-valley.com\/es\/wp-json\/wp\/v2\/users\/7"}],"replies":[{"embeddable":true,"href":"https:\/\/www.v-valley.com\/es\/wp-json\/wp\/v2\/comments?post=79944"}],"version-history":[{"count":0,"href":"https:\/\/www.v-valley.com\/es\/wp-json\/wp\/v2\/pages\/79944\/revisions"}],"up":[{"embeddable":true,"href":"https:\/\/www.v-valley.com\/es\/wp-json\/wp\/v2\/pages\/79554"}],"wp:attachment":[{"href":"https:\/\/www.v-valley.com\/es\/wp-json\/wp\/v2\/media?parent=79944"}],"curies":[{"name":"wp","href":"https:\/\/api.w.org\/{rel}","templated":true}]}}