{"id":79903,"date":"2022-10-27T12:30:34","date_gmt":"2022-10-27T10:30:34","guid":{"rendered":"https:\/\/www.v-valley.com\/vendor\/hikvision\/"},"modified":"2022-11-22T09:56:38","modified_gmt":"2022-11-22T08:56:38","slug":"hikvision","status":"publish","type":"page","link":"https:\/\/www.v-valley.com\/es\/vendor\/hikvision\/","title":{"rendered":"Hikvision"},"content":{"rendered":"\r\n\r\n\t\t\t\t<img loading=\"lazy\" decoding=\"async\" src=\"https:\/\/statics.v-valley.com\/prod\/2022\/10\/logo_hikvision.gif\" alt=\"logo_hikvision\" itemprop=\"image\" height=\"55\" width=\"140\" title=\"logo_hikvision\" onerror=\"this.style.display='none'\"  \/>\r\n<h2>\r\n\t\t\u00bfQUI\u00c9N ES HIKVISION?\r\n\t<\/h2>\r\n\tHikvision es un proveedor l\u00edder de productos y soluciones de seguridad a nivel mundial.<br \/>\r\nCon una  plantilla de investigaci\u00f3n y desarrollo amplia y muy cualificada, Hikvision fabrica una completa gama de productos y soluciones para una gran variedad de mercados verticales.<br \/>\r\nAdem\u00e1s del sector de la seguridad, Hikvision tambi\u00e9n trabaja en las \u00e1reas de la tecnolog\u00eda del hogar inteligente, la automatizaci\u00f3n industrial y la electr\u00f3nica del autom\u00f3vil para llegar a alcanzar su visi\u00f3n a largo plazo.    \r\n<h2>\r\n\t\tLOS PRODUCTOS DE HIKVISION\r\n\t<\/h2>\r\n\t<p>Los productos de Hikvision ofrecen adem\u00e1s una potente inteligencia empresarial para usuarios finales, permitiendo operaciones m\u00e1s eficientes y un mayor \u00e9xito empresarial.<\/p>\r\n\t<p>Accesorios para intercomunicadores y control de accesos<\/p>\r\n\t<p>Accesorios para monitores<\/p>\r\n\t<p>Accesorios para redes<\/p>\r\n\t<p>Audio y videoconferencia &#8211; accesorios<\/p>\r\n\t<p>Audio y videoconferencia &#8211; sistemas<\/p>\r\n\t<p>Memorias usb<\/p>\r\n\t<p>Control de accesos<\/p>\r\n\t<p>Se\u00f1alizaci\u00f3n digital<\/p>\r\n\t<p>Ampliaci\u00f3n de garant\u00eda<\/p>\r\n\t<p>HDD<\/p>\r\n\t<p>Lectores del certificado covid-19 y termoesc\u00e1neres<\/p>\r\n\t<p>Monitores de sobremesa<\/p>\r\n\t<p>Monitores de se\u00f1alizaci\u00f3n digital<\/p>\r\n\t<p>Monitores LCD<\/p>\r\n\t<p>Monitores inteligentes<\/p>\r\n\t<p>Puertas<\/p>\r\n\t<p>Grabadores de videovigilancia<\/p>\r\n\t<p>Servicios<\/p>\r\n\t<p>SSD<\/p>\r\n\t<p>Conmutadores<\/p>\r\n\t<p>Tabletas<\/p>\r\n\t<p>C\u00e1maras<\/p>\r\n\t<p>C\u00e1maras &#8211; accesorios<\/p>\r\n\t<p>UCC &#8211; software<\/p>\r\n\t<p>Video intercomunicadores IP<\/p>\r\n\t<p>Lan inal\u00e1mbrica<\/p>\r\n\r\n","protected":false},"excerpt":{"rendered":"<p>\u00bfQUI\u00c9N ES HIKVISION? Hikvision es un proveedor l\u00edder de productos y soluciones de seguridad a nivel mundial. Con una plantilla de investigaci\u00f3n y desarrollo amplia y muy cualificada, Hikvision fabrica una completa gama de productos y soluciones para una gran variedad de mercados verticales. Adem\u00e1s del sector de la seguridad, Hikvision tambi\u00e9n trabaja en las [&hellip;]<\/p>\n","protected":false},"author":7,"featured_media":0,"parent":79554,"menu_order":0,"comment_status":"closed","ping_status":"closed","template":"templates\/template-vendor-category.php","meta":{"_acf_changed":false,"_genesis_hide_title":false,"_genesis_hide_breadcrumbs":false,"_genesis_hide_singular_image":false,"_genesis_hide_footer_widgets":false,"_genesis_custom_body_class":"","_genesis_custom_post_class":"","_genesis_layout":"","footnotes":""},"class_list":{"0":"post-79903","1":"page","2":"type-page","3":"status-publish","5":"entry"},"acf":[],"_links":{"self":[{"href":"https:\/\/www.v-valley.com\/es\/wp-json\/wp\/v2\/pages\/79903","targetHints":{"allow":["GET"]}}],"collection":[{"href":"https:\/\/www.v-valley.com\/es\/wp-json\/wp\/v2\/pages"}],"about":[{"href":"https:\/\/www.v-valley.com\/es\/wp-json\/wp\/v2\/types\/page"}],"author":[{"embeddable":true,"href":"https:\/\/www.v-valley.com\/es\/wp-json\/wp\/v2\/users\/7"}],"replies":[{"embeddable":true,"href":"https:\/\/www.v-valley.com\/es\/wp-json\/wp\/v2\/comments?post=79903"}],"version-history":[{"count":0,"href":"https:\/\/www.v-valley.com\/es\/wp-json\/wp\/v2\/pages\/79903\/revisions"}],"up":[{"embeddable":true,"href":"https:\/\/www.v-valley.com\/es\/wp-json\/wp\/v2\/pages\/79554"}],"wp:attachment":[{"href":"https:\/\/www.v-valley.com\/es\/wp-json\/wp\/v2\/media?parent=79903"}],"curies":[{"name":"wp","href":"https:\/\/api.w.org\/{rel}","templated":true}]}}