{"id":79804,"date":"2022-10-27T12:10:15","date_gmt":"2022-10-27T10:10:15","guid":{"rendered":"https:\/\/www.v-valley.com\/vendor\/yealink\/"},"modified":"2022-11-22T09:57:30","modified_gmt":"2022-11-22T08:57:30","slug":"yealink","status":"publish","type":"page","link":"https:\/\/www.v-valley.com\/es\/vendor\/yealink\/","title":{"rendered":"Yealink"},"content":{"rendered":"\r\n\r\n\t\t\t\t<img loading=\"lazy\" decoding=\"async\" src=\"https:\/\/statics.v-valley.com\/prod\/2022\/10\/logo_yealink.gif\" alt=\"logo_yealink\" itemprop=\"image\" height=\"55\" width=\"140\" title=\"logo_yealink\" onerror=\"this.style.display='none'\"  \/>\r\n\t\t\t\t<img decoding=\"async\" src=\"https:\/\/www.v-valley.com\/wp-content\/plugins\/bb-plugin\/img\/pixel.png\" alt=\"\" itemprop=\"image\" onerror=\"this.style.display='none'\"  \/>\r\n<h2>\r\n\t\t\u00bfQUI\u00c9N ES YEALINK?\r\n\t<\/h2>\r\n\t<p>Yealink es una marca especializada en tel\u00e9fonos VoIP profesionales, presente en el mercado desde 2001. La compatibilidad de los tel\u00e9fonos Yealink con el est\u00e1ndar SIP permite la interoperabilidad con las principales centralitas basadas en SIP del mercado. Los tel\u00e9fonos VoIP de Yealink cuentan con numerosas caracter\u00edsticas para simplificar la comunicaci\u00f3n con \u00f3ptimos est\u00e1ndares de seguridad y calidad, y est\u00e1n dise\u00f1ados y desarrollados para garantizar la m\u00e1xima compatibilidad con un gran n\u00famero de IP-PBX que soportan el protocolo SIP. Yealink es una marca que se adapta a las necesidades del mercado: siempre sigue innovando, por ejemplo lanzando el nuevo sistema multicelular W80 y soluciones ideales para el smart working, como el auricular UH36. <\/p>\r\n<h2>\r\n\t\tLOS PRODUCTOS DE YEALINK\r\n\t<\/h2>\r\n\t<p>Yealink fabrica tel\u00e9fonos VOIP y sistemas DECT que se adaptan a todas las situaciones y necesidades, desde la gama b\u00e1sica hasta los productos m\u00e1s avanzados.  Ofrece dispositivos USB y sistemas de audio y videoconferencia, tambi\u00e9n homologados para Microsoft Teams. <\/p>\r\n\t<p>Sistemas DECT &#8211; Base<\/p>\r\n\t<p>Sistemas DECT &#8211; Tel\u00e9fonos<\/p>\r\n\t<p>Tel\u00e9fonos IP y VOIP<\/p>\r\n\t<p>Altavoces<\/p>\r\n\t<p>Cascos con cable<\/p>\r\n\t<p>Audio y Videoconferencia &#8211; Sistemas<\/p>\r\n\r\n","protected":false},"excerpt":{"rendered":"<p>\u00bfQUI\u00c9N ES YEALINK? Yealink es una marca especializada en tel\u00e9fonos VoIP profesionales, presente en el mercado desde 2001. La compatibilidad de los tel\u00e9fonos Yealink con el est\u00e1ndar SIP permite la interoperabilidad con las principales centralitas basadas en SIP del mercado. Los tel\u00e9fonos VoIP de Yealink cuentan con numerosas caracter\u00edsticas para simplificar la comunicaci\u00f3n con \u00f3ptimos [&hellip;]<\/p>\n","protected":false},"author":7,"featured_media":0,"parent":79554,"menu_order":0,"comment_status":"closed","ping_status":"closed","template":"templates\/template-vendor-category.php","meta":{"_acf_changed":false,"_genesis_hide_title":false,"_genesis_hide_breadcrumbs":false,"_genesis_hide_singular_image":false,"_genesis_hide_footer_widgets":false,"_genesis_custom_body_class":"","_genesis_custom_post_class":"","_genesis_layout":"","footnotes":""},"class_list":{"0":"post-79804","1":"page","2":"type-page","3":"status-publish","5":"entry"},"acf":[],"_links":{"self":[{"href":"https:\/\/www.v-valley.com\/es\/wp-json\/wp\/v2\/pages\/79804","targetHints":{"allow":["GET"]}}],"collection":[{"href":"https:\/\/www.v-valley.com\/es\/wp-json\/wp\/v2\/pages"}],"about":[{"href":"https:\/\/www.v-valley.com\/es\/wp-json\/wp\/v2\/types\/page"}],"author":[{"embeddable":true,"href":"https:\/\/www.v-valley.com\/es\/wp-json\/wp\/v2\/users\/7"}],"replies":[{"embeddable":true,"href":"https:\/\/www.v-valley.com\/es\/wp-json\/wp\/v2\/comments?post=79804"}],"version-history":[{"count":0,"href":"https:\/\/www.v-valley.com\/es\/wp-json\/wp\/v2\/pages\/79804\/revisions"}],"up":[{"embeddable":true,"href":"https:\/\/www.v-valley.com\/es\/wp-json\/wp\/v2\/pages\/79554"}],"wp:attachment":[{"href":"https:\/\/www.v-valley.com\/es\/wp-json\/wp\/v2\/media?parent=79804"}],"curies":[{"name":"wp","href":"https:\/\/api.w.org\/{rel}","templated":true}]}}