{"id":79796,"date":"2022-10-27T11:55:31","date_gmt":"2022-10-27T09:55:31","guid":{"rendered":"https:\/\/www.v-valley.com\/vendor\/alcatel-lucent\/"},"modified":"2022-11-22T09:57:38","modified_gmt":"2022-11-22T08:57:38","slug":"alcatel-lucent","status":"publish","type":"page","link":"https:\/\/www.v-valley.com\/es\/vendor\/alcatel-lucent\/","title":{"rendered":"Alcatel-Lucent"},"content":{"rendered":"\r\n\r\n\t\t\t\t<img loading=\"lazy\" decoding=\"async\" src=\"https:\/\/statics.v-valley.com\/prod\/2022\/10\/logo_Alcatel-Lucent.gif\" alt=\"logo_Alcatel-Lucent\" itemprop=\"image\" height=\"55\" width=\"140\" title=\"logo_Alcatel-Lucent\" onerror=\"this.style.display='none'\"  \/>\r\n<h2>\r\n\t\t\u00bfQUI\u00c9N ES ALCATEL-LUCENT?\r\n\t<\/h2>\r\n\t<p>ALCATEL-LUCENT es un proveedor internacional de servicios empresariales, comunicaci\u00f3n, networking y soluciones en la nube.  Est\u00e1 comprometida con el desarrollo de soluciones tecnol\u00f3gicas para fomentar el \u00e9xito de sus clientes, conectando personas, dispositivos y procesos, al tiempo que sigue luchando por un futuro sostenible.<\/p>\r\n<h2>\r\n\t\tLOS PRODUCTOS DE ALCATEL-LUCENT\r\n\t<\/h2>\r\n\t<p>ALCATEL-LUCENT es un proveedor internacional de servicios empresariales, comunicaci\u00f3n, networking y soluciones en la nube. La oferta incluye soluciones IP-PBX (OXO Connect y OXE), softphones y dispositivos complementarios (ALE DeskPhones, tel\u00e9fonos, softphones y dispositivos, conferencias, IP Desktop Softphone, PIMphony y terminales DECT, tel\u00e9fonos WLAN, infraestructura DECT, intercomunicadores inal\u00e1mbricos, comunicaci\u00f3n unificada, rainbow).<\/p>\r\n\t<p>IP-PBX<\/p>\r\n\t<p>Plataformas UCC<\/p>\r\n\t<p>Servicios UCC<\/p>\r\n\t<p>Sistemas DECT &#8211; Base<\/p>\r\n\t<p>Sistemas DECT &#8211; Tel\u00e9fonos<\/p>\r\n\t<p>Tel\u00e9fonos IP y VOIP<\/p>\r\n\t<p>Conmutadores<\/p>\r\n\t<p>LAN inal\u00e1mbrica<\/p>\r\n\r\n","protected":false},"excerpt":{"rendered":"<p>\u00bfQUI\u00c9N ES ALCATEL-LUCENT? ALCATEL-LUCENT es un proveedor internacional de servicios empresariales, comunicaci\u00f3n, networking y soluciones en la nube. Est\u00e1 comprometida con el desarrollo de soluciones tecnol\u00f3gicas para fomentar el \u00e9xito de sus clientes, conectando personas, dispositivos y procesos, al tiempo que sigue luchando por un futuro sostenible. LOS PRODUCTOS DE ALCATEL-LUCENT ALCATEL-LUCENT es un proveedor [&hellip;]<\/p>\n","protected":false},"author":7,"featured_media":0,"parent":79554,"menu_order":0,"comment_status":"closed","ping_status":"closed","template":"templates\/template-vendor-category.php","meta":{"_acf_changed":false,"_genesis_hide_title":false,"_genesis_hide_breadcrumbs":false,"_genesis_hide_singular_image":false,"_genesis_hide_footer_widgets":false,"_genesis_custom_body_class":"","_genesis_custom_post_class":"","_genesis_layout":"","footnotes":""},"class_list":{"0":"post-79796","1":"page","2":"type-page","3":"status-publish","5":"entry"},"acf":[],"_links":{"self":[{"href":"https:\/\/www.v-valley.com\/es\/wp-json\/wp\/v2\/pages\/79796","targetHints":{"allow":["GET"]}}],"collection":[{"href":"https:\/\/www.v-valley.com\/es\/wp-json\/wp\/v2\/pages"}],"about":[{"href":"https:\/\/www.v-valley.com\/es\/wp-json\/wp\/v2\/types\/page"}],"author":[{"embeddable":true,"href":"https:\/\/www.v-valley.com\/es\/wp-json\/wp\/v2\/users\/7"}],"replies":[{"embeddable":true,"href":"https:\/\/www.v-valley.com\/es\/wp-json\/wp\/v2\/comments?post=79796"}],"version-history":[{"count":0,"href":"https:\/\/www.v-valley.com\/es\/wp-json\/wp\/v2\/pages\/79796\/revisions"}],"up":[{"embeddable":true,"href":"https:\/\/www.v-valley.com\/es\/wp-json\/wp\/v2\/pages\/79554"}],"wp:attachment":[{"href":"https:\/\/www.v-valley.com\/es\/wp-json\/wp\/v2\/media?parent=79796"}],"curies":[{"name":"wp","href":"https:\/\/api.w.org\/{rel}","templated":true}]}}