{"id":79754,"date":"2022-10-27T11:27:36","date_gmt":"2022-10-27T09:27:36","guid":{"rendered":"https:\/\/www.v-valley.com\/vendor\/poly\/"},"modified":"2023-02-16T10:34:47","modified_gmt":"2023-02-16T09:34:47","slug":"poly","status":"publish","type":"page","link":"https:\/\/www.v-valley.com\/es\/vendor\/poly\/","title":{"rendered":"Poly"},"content":{"rendered":"\n\n\t\t\t\t<img loading=\"lazy\" decoding=\"async\" src=\"https:\/\/statics.v-valley.com\/prod\/2022\/10\/logo_Poly.png\" alt=\"logo_Poly\" itemprop=\"image\" height=\"55\" width=\"140\" title=\"logo_Poly\" onerror=\"this.style.display='none'\"  \/>\n\t\t\t\t<img decoding=\"async\" src=\"https:\/\/www.v-valley.com\/wp-content\/plugins\/bb-plugin\/img\/pixel.png\" alt=\"\" itemprop=\"image\" onerror=\"this.style.display='none'\"  \/>\n<h2>\n\t\t\u00bfQUI\u00c9N ES POLY?\n\t<\/h2>\n\t\u00abPoly\u00bb (antes Plantronics y Polycom) es una empresa de comunicaciones global que fomenta la conexi\u00f3n y la colaboraci\u00f3n entre las personas.<br \/>\nPoly combina su legendaria experiencia de audio con potentes funciones de v\u00eddeo y conferencia para superar las distracciones, la complejidad y la distancia que dificultan la comunicaci\u00f3n dentro y fuera del lugar de trabajo.<br \/>\nPoly cree en las soluciones que facilitan la vida al trabajar juntos y con los servicios de nuestros socios.\n<h2>\n\t\tLOS PRODUCTOS DE POLY\n\t<\/h2>\n\tLas soluciones de Poly simplifican las comunicaciones de audio y v\u00eddeo y permiten a los profesionales  concentrarse en el mensaje que necesitan transmitir sin preocuparse del dispositivo que utilizan para transmitirlo.<br \/>\nNuestros auriculares, software, tel\u00e9fonos de sobremesa, audio y videoconferencia, an\u00e1lisis y servicios se utilizan en todo el mundo y son la mejor opci\u00f3n para todo tipo de entornos de trabajo.\n\t<p>Cascos profesionales con cable<\/p>\n\t<p>Cascos y auriculares profesionales Bluetooth<\/p>\n\t<p>Cascos y auriculares profesionales inal\u00e1mbricos<\/p>\n\t<p>Altavoces<\/p>\n\t<p>Equipos de videoconferencia<\/p>\n\n","protected":false},"excerpt":{"rendered":"<p>\u00bfQUI\u00c9N ES POLY? \u00abPoly\u00bb (antes Plantronics y Polycom) es una empresa de comunicaciones global que fomenta la conexi\u00f3n y la colaboraci\u00f3n entre las personas. Poly combina su legendaria experiencia de audio con potentes funciones de v\u00eddeo y conferencia para superar las distracciones, la complejidad y la distancia que dificultan la comunicaci\u00f3n dentro y fuera del [&hellip;]<\/p>\n","protected":false},"author":7,"featured_media":0,"parent":79554,"menu_order":0,"comment_status":"closed","ping_status":"closed","template":"templates\/template-vendor-category.php","meta":{"_acf_changed":false,"_genesis_hide_title":false,"_genesis_hide_breadcrumbs":false,"_genesis_hide_singular_image":false,"_genesis_hide_footer_widgets":false,"_genesis_custom_body_class":"","_genesis_custom_post_class":"","_genesis_layout":"","footnotes":""},"class_list":{"0":"post-79754","1":"page","2":"type-page","3":"status-publish","5":"entry"},"acf":[],"_links":{"self":[{"href":"https:\/\/www.v-valley.com\/es\/wp-json\/wp\/v2\/pages\/79754","targetHints":{"allow":["GET"]}}],"collection":[{"href":"https:\/\/www.v-valley.com\/es\/wp-json\/wp\/v2\/pages"}],"about":[{"href":"https:\/\/www.v-valley.com\/es\/wp-json\/wp\/v2\/types\/page"}],"author":[{"embeddable":true,"href":"https:\/\/www.v-valley.com\/es\/wp-json\/wp\/v2\/users\/7"}],"replies":[{"embeddable":true,"href":"https:\/\/www.v-valley.com\/es\/wp-json\/wp\/v2\/comments?post=79754"}],"version-history":[{"count":0,"href":"https:\/\/www.v-valley.com\/es\/wp-json\/wp\/v2\/pages\/79754\/revisions"}],"up":[{"embeddable":true,"href":"https:\/\/www.v-valley.com\/es\/wp-json\/wp\/v2\/pages\/79554"}],"wp:attachment":[{"href":"https:\/\/www.v-valley.com\/es\/wp-json\/wp\/v2\/media?parent=79754"}],"curies":[{"name":"wp","href":"https:\/\/api.w.org\/{rel}","templated":true}]}}