{"id":79721,"date":"2022-10-26T22:41:16","date_gmt":"2022-10-26T20:41:16","guid":{"rendered":"https:\/\/www.v-valley.com\/vendor\/digitus\/"},"modified":"2022-11-22T09:59:21","modified_gmt":"2022-11-22T08:59:21","slug":"digitus","status":"publish","type":"page","link":"https:\/\/www.v-valley.com\/es\/vendor\/digitus\/","title":{"rendered":"DIGITUS"},"content":{"rendered":"\r\n\r\n\t\t\t\t<img loading=\"lazy\" decoding=\"async\" src=\"https:\/\/statics.v-valley.com\/prod\/2022\/10\/logo_digitus.gif\" alt=\"logo_digitus\" itemprop=\"image\" height=\"55\" width=\"140\" title=\"logo_digitus\" onerror=\"this.style.display='none'\"  \/>\r\n<h2>\r\n\t\t\u00bfQUI\u00c9N ES DIGITUS?\r\n\t<\/h2>\r\n\t<p>DIGITUS es la marca de los amantes de la tecnolog\u00eda, de los jugadores de videojuegos, de los desarrolladores y entusiastas de la inform\u00e1tica, de los inventores y de todos los seres pensantes.<\/p>\r\n<h2>\r\n\t\tLOS PRODUCTOS DE DIGITUS\r\n\t<\/h2>\r\n\t<p>La l\u00ednea de productos DIGITUS ayuda a conectar entre s\u00ed dispositivos como televisores, PC, ordenadores port\u00e1tiles y sistemas de audio\/v\u00eddeo con un rendimiento \u00f3ptimo para ofrecerle los mejores resultados en la realizaci\u00f3n de sus proyectos. <\/p>\r\n\t<p>Accesorios para monitores<\/p>\r\n\t<p>Accesorios para networking<\/p>\r\n\t<p>Accesorios para notebook<\/p>\r\n\t<p>Accesorios para rack<\/p>\r\n\t<p>Adaptadores<\/p>\r\n\t<p>Adaptadores de red<\/p>\r\n\t<p>Bonus<\/p>\r\n\t<p>Cableado de fibra \u00f3ptica<\/p>\r\n\t<p>Cableado de cobre<\/p>\r\n\t<p>Cables de audio y v\u00eddeo <\/p>\r\n\t<p>Cables para ordenador\/m\u00f3vil<\/p>\r\n\t<p>Cables de fibra\/ethernet\/tel\u00e9fono<\/p>\r\n\t<p>Bridas y etiquetas <\/p>\r\n\t<p>Filtrado de sobretensiones <\/p>\r\n\t<p>HDD<\/p>\r\n\t<p>Conmutadores KVM<\/p>\r\n\t<p>PDU<\/p>\r\n\t<p>Tomas de corriente<\/p>\r\n\t<p>Rack<\/p>\r\n\t<p>Tarjetas PCI<\/p>\r\n\t<p>Soportes tv\/monitor<\/p>\r\n\t<p>Conmutadores<\/p>\r\n\t<p>SAI<\/p>\r\n\t<p>Herramientas<\/p>\r\n\r\n","protected":false},"excerpt":{"rendered":"<p>\u00bfQUI\u00c9N ES DIGITUS? DIGITUS es la marca de los amantes de la tecnolog\u00eda, de los jugadores de videojuegos, de los desarrolladores y entusiastas de la inform\u00e1tica, de los inventores y de todos los seres pensantes. LOS PRODUCTOS DE DIGITUS La l\u00ednea de productos DIGITUS ayuda a conectar entre s\u00ed dispositivos como televisores, PC, ordenadores port\u00e1tiles [&hellip;]<\/p>\n","protected":false},"author":7,"featured_media":0,"parent":79554,"menu_order":0,"comment_status":"closed","ping_status":"closed","template":"templates\/template-vendor-category.php","meta":{"_acf_changed":false,"_genesis_hide_title":false,"_genesis_hide_breadcrumbs":false,"_genesis_hide_singular_image":false,"_genesis_hide_footer_widgets":false,"_genesis_custom_body_class":"","_genesis_custom_post_class":"","_genesis_layout":"","footnotes":""},"class_list":{"0":"post-79721","1":"page","2":"type-page","3":"status-publish","5":"entry"},"acf":[],"_links":{"self":[{"href":"https:\/\/www.v-valley.com\/es\/wp-json\/wp\/v2\/pages\/79721","targetHints":{"allow":["GET"]}}],"collection":[{"href":"https:\/\/www.v-valley.com\/es\/wp-json\/wp\/v2\/pages"}],"about":[{"href":"https:\/\/www.v-valley.com\/es\/wp-json\/wp\/v2\/types\/page"}],"author":[{"embeddable":true,"href":"https:\/\/www.v-valley.com\/es\/wp-json\/wp\/v2\/users\/7"}],"replies":[{"embeddable":true,"href":"https:\/\/www.v-valley.com\/es\/wp-json\/wp\/v2\/comments?post=79721"}],"version-history":[{"count":0,"href":"https:\/\/www.v-valley.com\/es\/wp-json\/wp\/v2\/pages\/79721\/revisions"}],"up":[{"embeddable":true,"href":"https:\/\/www.v-valley.com\/es\/wp-json\/wp\/v2\/pages\/79554"}],"wp:attachment":[{"href":"https:\/\/www.v-valley.com\/es\/wp-json\/wp\/v2\/media?parent=79721"}],"curies":[{"name":"wp","href":"https:\/\/api.w.org\/{rel}","templated":true}]}}