{"id":79677,"date":"2022-10-26T22:05:44","date_gmt":"2022-10-26T20:05:44","guid":{"rendered":"https:\/\/www.v-valley.com\/vendor\/vertiv\/"},"modified":"2022-11-22T09:59:45","modified_gmt":"2022-11-22T08:59:45","slug":"vertiv","status":"publish","type":"page","link":"https:\/\/www.v-valley.com\/es\/vendor\/vertiv\/","title":{"rendered":"Vertiv"},"content":{"rendered":"\r\n\r\n\t\t\t\t<img loading=\"lazy\" decoding=\"async\" src=\"https:\/\/statics.v-valley.com\/prod\/2022\/10\/logo_veritv.gif\" alt=\"logo_veritv\" itemprop=\"image\" height=\"55\" width=\"140\" title=\"logo_veritv\" onerror=\"this.style.display='none'\"  \/>\r\n<h2>\r\n\t\t\u00bfQUI\u00c9N ES VERTIV?\r\n\t<\/h2>\r\n\t<p>Vertiv apoya las distintas necesidades de los clientes en las \u00e1reas de la infraestructura digital, incluyendo soluciones para dispositivos m\u00f3viles, la nube y el proceso perimetral, as\u00ed como en el campo de los centros de datos, el ahorro de energ\u00eda y la sostenibilidad. La empresa cuenta con equipos de ventas y servicios en pr\u00e1cticamente todos los mercados importantes, con m\u00e1s de 255 centros de servicio en todo el mundo, m\u00e1s de 3000 t\u00e9cnicos de servicio sobre el terreno y m\u00e1s de 400 recursos de asistencia t\u00e9cnica especializados.\u00a0<\/p>\r\n<h2>\r\n\t\tLOS PRODUCTOS DE VERTIV\r\n\t<\/h2>\r\n\t<p>Vertiv ofrece tecnolog\u00edas para infraestructuras cr\u00edticas, hardware y software inteligentes de r\u00e1pida implantaci\u00f3n y soluciones personalizadas para satisfacer los requisitos y necesidades espec\u00edficas de los sistemas de alimentaci\u00f3n de energ\u00eda, climatizaci\u00f3n e infraestructuras.<\/p>\r\n\t<p>SAI<\/p>\r\n\t<p>Rack<\/p>\r\n\t<p>PDU<\/p>\r\n\t<p>Accesorios varios<\/p>\r\n\t<p>Conmutador KVM<\/p>\r\n\t<p>Servidor de consola serie<\/p>\r\n\r\n","protected":false},"excerpt":{"rendered":"<p>\u00bfQUI\u00c9N ES VERTIV? Vertiv apoya las distintas necesidades de los clientes en las \u00e1reas de la infraestructura digital, incluyendo soluciones para dispositivos m\u00f3viles, la nube y el proceso perimetral, as\u00ed como en el campo de los centros de datos, el ahorro de energ\u00eda y la sostenibilidad. La empresa cuenta con equipos de ventas y servicios [&hellip;]<\/p>\n","protected":false},"author":7,"featured_media":0,"parent":79554,"menu_order":0,"comment_status":"closed","ping_status":"closed","template":"templates\/template-vendor-category.php","meta":{"_acf_changed":false,"_genesis_hide_title":false,"_genesis_hide_breadcrumbs":false,"_genesis_hide_singular_image":false,"_genesis_hide_footer_widgets":false,"_genesis_custom_body_class":"","_genesis_custom_post_class":"","_genesis_layout":"","footnotes":""},"class_list":{"0":"post-79677","1":"page","2":"type-page","3":"status-publish","5":"entry"},"acf":[],"_links":{"self":[{"href":"https:\/\/www.v-valley.com\/es\/wp-json\/wp\/v2\/pages\/79677","targetHints":{"allow":["GET"]}}],"collection":[{"href":"https:\/\/www.v-valley.com\/es\/wp-json\/wp\/v2\/pages"}],"about":[{"href":"https:\/\/www.v-valley.com\/es\/wp-json\/wp\/v2\/types\/page"}],"author":[{"embeddable":true,"href":"https:\/\/www.v-valley.com\/es\/wp-json\/wp\/v2\/users\/7"}],"replies":[{"embeddable":true,"href":"https:\/\/www.v-valley.com\/es\/wp-json\/wp\/v2\/comments?post=79677"}],"version-history":[{"count":0,"href":"https:\/\/www.v-valley.com\/es\/wp-json\/wp\/v2\/pages\/79677\/revisions"}],"up":[{"embeddable":true,"href":"https:\/\/www.v-valley.com\/es\/wp-json\/wp\/v2\/pages\/79554"}],"wp:attachment":[{"href":"https:\/\/www.v-valley.com\/es\/wp-json\/wp\/v2\/media?parent=79677"}],"curies":[{"name":"wp","href":"https:\/\/api.w.org\/{rel}","templated":true}]}}