{"id":79674,"date":"2022-10-26T22:00:24","date_gmt":"2022-10-26T20:00:24","guid":{"rendered":"https:\/\/www.v-valley.com\/vendor\/panduit\/"},"modified":"2022-11-22T10:00:04","modified_gmt":"2022-11-22T09:00:04","slug":"panduit","status":"publish","type":"page","link":"https:\/\/www.v-valley.com\/es\/vendor\/panduit\/","title":{"rendered":"Panduit"},"content":{"rendered":"\r\n\r\n\t\t\t\t<img loading=\"lazy\" decoding=\"async\" src=\"https:\/\/statics.v-valley.com\/prod\/2022\/10\/logo_panduit.gif\" alt=\"logo_panduit\" itemprop=\"image\" height=\"55\" width=\"140\" title=\"logo_panduit\" onerror=\"this.style.display='none'\"  \/>\r\n<h2>\r\n\t\t\u00bfQUI\u00c9N ES PANDUIT?\r\n\t<\/h2>\r\n\t<p>Como empresa orientada al cliente, Panduit se enorgullece de crear continuamente nuevos productos, software y soluciones dise\u00f1ados para ayudarle a alcanzar sus objetivos empresariales. Colaborando con Panduit, podr\u00e1 desarrollar su estrategia de conectividad sobre una base que garantice la escalabilidad, la precisi\u00f3n, la seguridad y la fiabilidad, de modo que pueda prepararse para el crecimiento a largo plazo.<\/p>\r\n<h2>\r\n\t\tLOS PRODUCTOS DE PANDUIT\r\n\t<\/h2>\r\n\tLa infraestructura f\u00edsica es una base estrat\u00e9gica que puede ayudar a que su empresa est\u00e9 preparada para el futuro. La infraestructura de red el\u00e9ctrica e industrial de Panduit proporciona soluciones de conectividad inteligentes, escalables y eficientes en toda la empresa para ayudarle a competir y a tener \u00e9xito en un mercado global en constante cambio.<br \/>\r\nDesde centros de datos e instalaciones de oficinas hasta f\u00e1bricas y l\u00edneas de procesamiento, dise\u00f1amos, construimos, instalamos y damos servicio a soluciones innovadoras que convierten la conectividad en una ventaja competitiva.\r\n\t<p>Accesorios de empalme de fibra \u00f3ptica<\/p>\r\n\t<p>Accesorios para paneles de conexi\u00f3n<\/p>\r\n\t<p>Accesorios para tomas de corriente<\/p>\r\n\t<p>Accesorios para rack<\/p>\r\n\t<p>Cableado de fibra \u00f3ptica<\/p>\r\n\t<p>Cableado de cobre<\/p>\r\n\t<p>Conductos para cables<\/p>\r\n\t<p>Cables de cobre<\/p>\r\n\t<p>Cables de fibra \u00f3ptica<\/p>\r\n\t<p>Puntos de consolidaci\u00f3n<\/p>\r\n\t<p>Cables Trunk e Hydra<\/p>\r\n\t<p>Bridas y etiquetas<\/p>\r\n\t<p>PDU<\/p>\r\n\t<p>Tomas de corriente<\/p>\r\n\t<p>Rack<\/p>\r\n\t<p>Herramientas<\/p>\r\n\r\n","protected":false},"excerpt":{"rendered":"<p>\u00bfQUI\u00c9N ES PANDUIT? Como empresa orientada al cliente, Panduit se enorgullece de crear continuamente nuevos productos, software y soluciones dise\u00f1ados para ayudarle a alcanzar sus objetivos empresariales. Colaborando con Panduit, podr\u00e1 desarrollar su estrategia de conectividad sobre una base que garantice la escalabilidad, la precisi\u00f3n, la seguridad y la fiabilidad, de modo que pueda prepararse [&hellip;]<\/p>\n","protected":false},"author":7,"featured_media":0,"parent":79554,"menu_order":0,"comment_status":"closed","ping_status":"closed","template":"templates\/template-vendor-category.php","meta":{"_acf_changed":false,"_genesis_hide_title":false,"_genesis_hide_breadcrumbs":false,"_genesis_hide_singular_image":false,"_genesis_hide_footer_widgets":false,"_genesis_custom_body_class":"","_genesis_custom_post_class":"","_genesis_layout":"","footnotes":""},"class_list":{"0":"post-79674","1":"page","2":"type-page","3":"status-publish","5":"entry"},"acf":[],"_links":{"self":[{"href":"https:\/\/www.v-valley.com\/es\/wp-json\/wp\/v2\/pages\/79674","targetHints":{"allow":["GET"]}}],"collection":[{"href":"https:\/\/www.v-valley.com\/es\/wp-json\/wp\/v2\/pages"}],"about":[{"href":"https:\/\/www.v-valley.com\/es\/wp-json\/wp\/v2\/types\/page"}],"author":[{"embeddable":true,"href":"https:\/\/www.v-valley.com\/es\/wp-json\/wp\/v2\/users\/7"}],"replies":[{"embeddable":true,"href":"https:\/\/www.v-valley.com\/es\/wp-json\/wp\/v2\/comments?post=79674"}],"version-history":[{"count":0,"href":"https:\/\/www.v-valley.com\/es\/wp-json\/wp\/v2\/pages\/79674\/revisions"}],"up":[{"embeddable":true,"href":"https:\/\/www.v-valley.com\/es\/wp-json\/wp\/v2\/pages\/79554"}],"wp:attachment":[{"href":"https:\/\/www.v-valley.com\/es\/wp-json\/wp\/v2\/media?parent=79674"}],"curies":[{"name":"wp","href":"https:\/\/api.w.org\/{rel}","templated":true}]}}