{"id":79642,"date":"2022-10-26T20:23:56","date_gmt":"2022-10-26T18:23:56","guid":{"rendered":"https:\/\/www.v-valley.com\/vendor\/eaton\/"},"modified":"2022-11-22T10:02:14","modified_gmt":"2022-11-22T09:02:14","slug":"eaton","status":"publish","type":"page","link":"https:\/\/www.v-valley.com\/es\/vendor\/eaton\/","title":{"rendered":"Eaton"},"content":{"rendered":"\r\n\r\n\t\t\t\t<img loading=\"lazy\" decoding=\"async\" src=\"https:\/\/statics.v-valley.com\/prod\/2022\/10\/logo_eaton.gif\" alt=\"logo_eaton\" itemprop=\"image\" height=\"55\" width=\"140\" title=\"logo_eaton\" onerror=\"this.style.display='none'\"  \/>\r\n<h2>\r\n\t\t\u00bfQUI\u00c9N ES EATON?\r\n\t<\/h2>\r\n\t<p>Eaton, una empresa con m\u00e1s de 96.000 empleados presente en m\u00e1s de 175 pa\u00edses, ofrece soluciones de ahorro energ\u00e9tico que ayudan a los clientes a gestionar la energ\u00eda de forma m\u00e1s eficaz, segura y sostenible. Su objetivo es proporcionar a las personas las herramientas necesarias para utilizar la energ\u00eda de forma m\u00e1s eficiente y trabajar de forma m\u00e1s sostenible.<\/p>\r\n<h2>\r\n\t\tLOS PRODUCTOS DE EATON\r\n\t<\/h2>\r\n\t<p>Eaton ofrece soluciones de ahorro energ\u00e9tico que ayudan a los clientes a gestionar la energ\u00eda de forma m\u00e1s eficaz, segura y sostenible, proporcionando a las personas las herramientas necesarias para utilizar la energ\u00eda de forma m\u00e1s eficiente.<\/p>\r\n\t<p>SAI<\/p>\r\n\t<p>Rack<\/p>\r\n\t<p>PDU<\/p>\r\n\t<p>Accesorios varios<\/p>\r\n\t<p>Filtrado de sobretensiones<\/p>\r\n\r\n","protected":false},"excerpt":{"rendered":"<p>\u00bfQUI\u00c9N ES EATON? Eaton, una empresa con m\u00e1s de 96.000 empleados presente en m\u00e1s de 175 pa\u00edses, ofrece soluciones de ahorro energ\u00e9tico que ayudan a los clientes a gestionar la energ\u00eda de forma m\u00e1s eficaz, segura y sostenible. Su objetivo es proporcionar a las personas las herramientas necesarias para utilizar la energ\u00eda de forma m\u00e1s [&hellip;]<\/p>\n","protected":false},"author":7,"featured_media":0,"parent":79554,"menu_order":0,"comment_status":"closed","ping_status":"closed","template":"templates\/template-vendor-category.php","meta":{"_acf_changed":false,"_genesis_hide_title":false,"_genesis_hide_breadcrumbs":false,"_genesis_hide_singular_image":false,"_genesis_hide_footer_widgets":false,"_genesis_custom_body_class":"","_genesis_custom_post_class":"","_genesis_layout":"","footnotes":""},"class_list":{"0":"post-79642","1":"page","2":"type-page","3":"status-publish","5":"entry"},"acf":[],"_links":{"self":[{"href":"https:\/\/www.v-valley.com\/es\/wp-json\/wp\/v2\/pages\/79642","targetHints":{"allow":["GET"]}}],"collection":[{"href":"https:\/\/www.v-valley.com\/es\/wp-json\/wp\/v2\/pages"}],"about":[{"href":"https:\/\/www.v-valley.com\/es\/wp-json\/wp\/v2\/types\/page"}],"author":[{"embeddable":true,"href":"https:\/\/www.v-valley.com\/es\/wp-json\/wp\/v2\/users\/7"}],"replies":[{"embeddable":true,"href":"https:\/\/www.v-valley.com\/es\/wp-json\/wp\/v2\/comments?post=79642"}],"version-history":[{"count":0,"href":"https:\/\/www.v-valley.com\/es\/wp-json\/wp\/v2\/pages\/79642\/revisions"}],"up":[{"embeddable":true,"href":"https:\/\/www.v-valley.com\/es\/wp-json\/wp\/v2\/pages\/79554"}],"wp:attachment":[{"href":"https:\/\/www.v-valley.com\/es\/wp-json\/wp\/v2\/media?parent=79642"}],"curies":[{"name":"wp","href":"https:\/\/api.w.org\/{rel}","templated":true}]}}