{"id":79619,"date":"2022-10-26T19:11:54","date_gmt":"2022-10-26T17:11:54","guid":{"rendered":"https:\/\/www.v-valley.com\/vendor\/engenius\/"},"modified":"2024-07-24T09:24:09","modified_gmt":"2024-07-24T07:24:09","slug":"engenius","status":"publish","type":"page","link":"https:\/\/www.v-valley.com\/es\/vendor\/engenius\/","title":{"rendered":"EnGenius"},"content":{"rendered":"\n\n\t\t\t\t<img loading=\"lazy\" decoding=\"async\" src=\"https:\/\/statics.v-valley.com\/prod\/2022\/10\/logo_EnGenius.gif\" alt=\"logo_EnGenius\" itemprop=\"image\" height=\"55\" width=\"140\" title=\"logo_EnGenius\" onerror=\"this.style.display='none'\"  \/>\n<h2>\n\t\t\u00bfQUI\u00c9N ES EnGenius?\n\t<\/h2>\n\t<p>EnGenius Networks es un fabricante internacional de soluciones de seguridad de red y conectividad cableada e inal\u00e1mbrica de \u00faltima generaci\u00f3n, en el segmento profesional. La compa\u00f1\u00eda cuenta hoy en d\u00eda con cuenta con sedes en todos los continentes. <\/p>\n<h2>\n\t\tLOS PRODUCTOS DE EnGenius\n\t<\/h2>\n\tEnGenius ofrece productos de hardware y software, como Puntos de Acceso inal\u00e1mbricos de interior y exterior, Puntos de acesso para larga distancia PtP y PtMP, Switches Empresariales, Switches Core Pipe, Gateway, PDU, C\u00e1maras, etc.<br \/>\nLas soluciones B2Bde EnGenius son utilizadas en todo el mundo por las principales cadenas hoteleras, universidades, colegios, grandes superficies, espacios log\u00edsticos, entidades gubernamentales, aeropuertos, hoteles, hospitales, museos, etc\n\t<p>Puntos de acceso Wi-Fi, Inal\u00e1mbrico, Wireless<\/p>\n\t<p>Switches<\/p>\n\t<p>Gateway<\/p>\n\t<p>SD-Wan<\/p>\n\t<p>PDU , soluciones de alimentaci\u00f3n<\/p>\n\t<p>Gesti\u00f3n Cloud<\/p>\n\t<p>C\u00e1maras<\/p>\n\t<p>Gateways , Seguridad, SD-Wan, VPN, Balanceadores de carga<\/p>\n\t<p>Firewall<\/p>\n\n","protected":false},"excerpt":{"rendered":"<p>\u00bfQUI\u00c9N ES EnGenius? EnGenius Networks es un fabricante internacional de soluciones de seguridad de red y conectividad cableada e inal\u00e1mbrica de \u00faltima generaci\u00f3n, en el segmento profesional. La compa\u00f1\u00eda cuenta hoy en d\u00eda con cuenta con sedes en todos los continentes. LOS PRODUCTOS DE EnGenius EnGenius ofrece productos de hardware y software, como Puntos de [&hellip;]<\/p>\n","protected":false},"author":7,"featured_media":0,"parent":79554,"menu_order":0,"comment_status":"closed","ping_status":"closed","template":"templates\/template-vendor-category.php","meta":{"_acf_changed":false,"_genesis_hide_title":false,"_genesis_hide_breadcrumbs":false,"_genesis_hide_singular_image":false,"_genesis_hide_footer_widgets":false,"_genesis_custom_body_class":"","_genesis_custom_post_class":"","_genesis_layout":"","footnotes":""},"class_list":{"0":"post-79619","1":"page","2":"type-page","3":"status-publish","5":"entry"},"acf":[],"_links":{"self":[{"href":"https:\/\/www.v-valley.com\/es\/wp-json\/wp\/v2\/pages\/79619","targetHints":{"allow":["GET"]}}],"collection":[{"href":"https:\/\/www.v-valley.com\/es\/wp-json\/wp\/v2\/pages"}],"about":[{"href":"https:\/\/www.v-valley.com\/es\/wp-json\/wp\/v2\/types\/page"}],"author":[{"embeddable":true,"href":"https:\/\/www.v-valley.com\/es\/wp-json\/wp\/v2\/users\/7"}],"replies":[{"embeddable":true,"href":"https:\/\/www.v-valley.com\/es\/wp-json\/wp\/v2\/comments?post=79619"}],"version-history":[{"count":0,"href":"https:\/\/www.v-valley.com\/es\/wp-json\/wp\/v2\/pages\/79619\/revisions"}],"up":[{"embeddable":true,"href":"https:\/\/www.v-valley.com\/es\/wp-json\/wp\/v2\/pages\/79554"}],"wp:attachment":[{"href":"https:\/\/www.v-valley.com\/es\/wp-json\/wp\/v2\/media?parent=79619"}],"curies":[{"name":"wp","href":"https:\/\/api.w.org\/{rel}","templated":true}]}}