{"id":79615,"date":"2022-10-26T19:08:11","date_gmt":"2022-10-26T17:08:11","guid":{"rendered":"https:\/\/www.v-valley.com\/vendor\/zyxel\/"},"modified":"2022-11-22T10:02:47","modified_gmt":"2022-11-22T09:02:47","slug":"zyxel","status":"publish","type":"page","link":"https:\/\/www.v-valley.com\/es\/vendor\/zyxel\/","title":{"rendered":"Zyxel"},"content":{"rendered":"\r\n\r\n\t\t\t\t<img loading=\"lazy\" decoding=\"async\" src=\"https:\/\/statics.v-valley.com\/prod\/2022\/10\/logo-zyxel.gif\" alt=\"logo-zyxel\" itemprop=\"image\" height=\"55\" width=\"140\" title=\"logo-zyxel\" onerror=\"this.style.display='none'\"  \/>\r\n<h2>\r\n\t\t\u00bfQUI\u00c9N ES ZYXEL?\r\n\t<\/h2>\r\n\t<p>V-Valley, junto con Zyxel Networks, conecta en red a empresas y usuarios privados centr\u00e1ndose en la innovaci\u00f3n y el servicio orientado al cliente. En 1989, esto significaba m\u00f3dems anal\u00f3gicos. Hoy significa utilizar la nube y la inteligencia artificial para ofrecer soluciones de red r\u00e1pidas, fiables y seguras.<\/p>\r\n<h2>\r\n\t\tLOS PRODUCTOS DE ZYXEL\r\n\t<\/h2>\r\n\t<p>Nacida de un dispositivo prototipo que convert\u00eda la informaci\u00f3n en un sistema digital, Zyxel Networks sigue ofreciendo soluciones de conectividad de \u00faltima generaci\u00f3n: conmutadores, r\u00fateres, puntos de acceso, cortafuegos y redes en la nube. Una oferta tecnol\u00f3gica completa para ayudar a las empresas y a los usuarios dom\u00e9sticos a trabajar de forma m\u00e1s inteligente, m\u00e1s r\u00e1pida y desde m\u00e1s lugares, con la m\u00e1xima tranquilidad por lo que se refiere a la conectividad y, sobre todo, a la seguridad. Zyxel es pionera en la fabricaci\u00f3n de conmutadores, r\u00fateres, puntos de acceso, redes en la nube y cortafuegos.<\/p>\r\n\r\n","protected":false},"excerpt":{"rendered":"<p>\u00bfQUI\u00c9N ES ZYXEL? V-Valley, junto con Zyxel Networks, conecta en red a empresas y usuarios privados centr\u00e1ndose en la innovaci\u00f3n y el servicio orientado al cliente. En 1989, esto significaba m\u00f3dems anal\u00f3gicos. Hoy significa utilizar la nube y la inteligencia artificial para ofrecer soluciones de red r\u00e1pidas, fiables y seguras. LOS PRODUCTOS DE ZYXEL Nacida [&hellip;]<\/p>\n","protected":false},"author":7,"featured_media":0,"parent":79554,"menu_order":0,"comment_status":"closed","ping_status":"closed","template":"templates\/template-vendor-category.php","meta":{"_acf_changed":false,"_genesis_hide_title":false,"_genesis_hide_breadcrumbs":false,"_genesis_hide_singular_image":false,"_genesis_hide_footer_widgets":false,"_genesis_custom_body_class":"","_genesis_custom_post_class":"","_genesis_layout":"","footnotes":""},"class_list":{"0":"post-79615","1":"page","2":"type-page","3":"status-publish","5":"entry"},"acf":[],"_links":{"self":[{"href":"https:\/\/www.v-valley.com\/es\/wp-json\/wp\/v2\/pages\/79615","targetHints":{"allow":["GET"]}}],"collection":[{"href":"https:\/\/www.v-valley.com\/es\/wp-json\/wp\/v2\/pages"}],"about":[{"href":"https:\/\/www.v-valley.com\/es\/wp-json\/wp\/v2\/types\/page"}],"author":[{"embeddable":true,"href":"https:\/\/www.v-valley.com\/es\/wp-json\/wp\/v2\/users\/7"}],"replies":[{"embeddable":true,"href":"https:\/\/www.v-valley.com\/es\/wp-json\/wp\/v2\/comments?post=79615"}],"version-history":[{"count":0,"href":"https:\/\/www.v-valley.com\/es\/wp-json\/wp\/v2\/pages\/79615\/revisions"}],"up":[{"embeddable":true,"href":"https:\/\/www.v-valley.com\/es\/wp-json\/wp\/v2\/pages\/79554"}],"wp:attachment":[{"href":"https:\/\/www.v-valley.com\/es\/wp-json\/wp\/v2\/media?parent=79615"}],"curies":[{"name":"wp","href":"https:\/\/api.w.org\/{rel}","templated":true}]}}