{"id":79596,"date":"2022-10-26T18:58:55","date_gmt":"2022-10-26T16:58:55","guid":{"rendered":"https:\/\/www.v-valley.com\/vendor\/juniper\/"},"modified":"2024-07-24T09:18:54","modified_gmt":"2024-07-24T07:18:54","slug":"juniper","status":"publish","type":"page","link":"https:\/\/www.v-valley.com\/es\/vendor\/juniper\/","title":{"rendered":"Juniper"},"content":{"rendered":"\n\n\t\t\t\t<img loading=\"lazy\" decoding=\"async\" src=\"https:\/\/statics.v-valley.com\/prod\/2022\/10\/logo_juniper.gif\" alt=\"logo_juniper\" itemprop=\"image\" height=\"55\" width=\"140\" title=\"logo_juniper\" onerror=\"this.style.display='none'\"  \/>\n<h2>\n\t\t\u00bfQUI\u00c9N ES JUNIPER?\n\t<\/h2>\n\tCon Juniper Networks, V-Valley refuerza su cartera de productos introduciendo una marca l\u00edder en soluciones de red y seguridad en la era de la nube + inteligencia artificial + 5G.<br \/>\nDe Junos a Apstra y de Paragon a Mist AI, Juniper Networks supera cualquier l\u00edmite de previsibilidad, programabilidad, automatizaci\u00f3n y an\u00e1lisis de datos. Si la experiencia es la m\u00e1xima prioridad, puede crear redes \u00e1giles que superen las expectativas de los clientes.<br \/>\nLa inteligencia artificial de Juniper Networks, l\u00edder en el sector, aumenta el tiempo de operatividad y resuelve los problemas incluso antes de que aparezcan.\n<h2>\n\t\tLOS PRODUCTOS DE JUNIPER\n\t<\/h2>\n\tLas soluciones que propone se dirigen a las grandes empresas, PYMES y proveedores de servicios.<br \/>\nA trav\u00e9s de su amplia oferta, Juniper Networks es capaz de a\u00f1adir a  sus l\u00edneas de productos cl\u00e1sicas, como conmutadores, r\u00fateres, cortafuegos y puntos de acceso, la innovaci\u00f3n de la inteligencia artificial, el aprendizaje autom\u00e1tico y el internet de las cosas.<br \/>\nLas soluciones que ofrece permiten realizar proyectos con un nivel de eficiencia muy elevado, desde centros de datos cr\u00edticos para el negocio hasta las soluciones multinube m\u00e1s avanzadas, pasando por la automatizaci\u00f3n de toda la gesti\u00f3n de redes cableadas e inal\u00e1mbricas.\n\t<p>Conmutadores<\/p>\n\t<p>Puntos de acceso<\/p>\n\t<p>R\u00fateres<\/p>\n\t<p>Centros de datos<\/p>\n\t<p>SD WAN<\/p>\n\n","protected":false},"excerpt":{"rendered":"<p>\u00bfQUI\u00c9N ES JUNIPER? Con Juniper Networks, V-Valley refuerza su cartera de productos introduciendo una marca l\u00edder en soluciones de red y seguridad en la era de la nube + inteligencia artificial + 5G. De Junos a Apstra y de Paragon a Mist AI, Juniper Networks supera cualquier l\u00edmite de previsibilidad, programabilidad, automatizaci\u00f3n y an\u00e1lisis de [&hellip;]<\/p>\n","protected":false},"author":7,"featured_media":0,"parent":79554,"menu_order":0,"comment_status":"closed","ping_status":"closed","template":"templates\/template-vendor-category.php","meta":{"_acf_changed":false,"_genesis_hide_title":false,"_genesis_hide_breadcrumbs":false,"_genesis_hide_singular_image":false,"_genesis_hide_footer_widgets":false,"_genesis_custom_body_class":"","_genesis_custom_post_class":"","_genesis_layout":"","footnotes":""},"class_list":{"0":"post-79596","1":"page","2":"type-page","3":"status-publish","5":"entry"},"acf":[],"_links":{"self":[{"href":"https:\/\/www.v-valley.com\/es\/wp-json\/wp\/v2\/pages\/79596","targetHints":{"allow":["GET"]}}],"collection":[{"href":"https:\/\/www.v-valley.com\/es\/wp-json\/wp\/v2\/pages"}],"about":[{"href":"https:\/\/www.v-valley.com\/es\/wp-json\/wp\/v2\/types\/page"}],"author":[{"embeddable":true,"href":"https:\/\/www.v-valley.com\/es\/wp-json\/wp\/v2\/users\/7"}],"replies":[{"embeddable":true,"href":"https:\/\/www.v-valley.com\/es\/wp-json\/wp\/v2\/comments?post=79596"}],"version-history":[{"count":0,"href":"https:\/\/www.v-valley.com\/es\/wp-json\/wp\/v2\/pages\/79596\/revisions"}],"up":[{"embeddable":true,"href":"https:\/\/www.v-valley.com\/es\/wp-json\/wp\/v2\/pages\/79554"}],"wp:attachment":[{"href":"https:\/\/www.v-valley.com\/es\/wp-json\/wp\/v2\/media?parent=79596"}],"curies":[{"name":"wp","href":"https:\/\/api.w.org\/{rel}","templated":true}]}}