{"id":79589,"date":"2022-10-26T18:43:28","date_gmt":"2022-10-26T16:43:28","guid":{"rendered":"https:\/\/www.v-valley.com\/vendor\/huawei\/"},"modified":"2022-11-22T10:03:37","modified_gmt":"2022-11-22T09:03:37","slug":"huawei","status":"publish","type":"page","link":"https:\/\/www.v-valley.com\/es\/vendor\/huawei\/","title":{"rendered":"Huawei"},"content":{"rendered":"\r\n\r\n\t\t\t\t<img loading=\"lazy\" decoding=\"async\" src=\"https:\/\/statics.v-valley.com\/prod\/2022\/10\/logo_huawei.gif\" alt=\"logo_huawei\" itemprop=\"image\" height=\"55\" width=\"140\" title=\"logo_huawei\" onerror=\"this.style.display='none'\"  \/>\r\n<h2>\r\n\t\t\u00bfQUI\u00c9N ES HUAWEI?\r\n\t<\/h2>\r\n\t<p>Huawei Enterprise, l\u00edder mundial en soluciones de networking, servidores y almacenamiento, est\u00e1 presente en todas las \u00e1reas de negocio relacionadas con las tecnolog\u00edas TIC. Comprometida con la realizaci\u00f3n de ecosistemas que apoyen la transformaci\u00f3n digital, Huawei es la marca de referencia en todos los sectores, desde las administraciones p\u00fablicas hasta la banca, la hosteler\u00eda o la sanidad. Huawei es el socio ideal para impulsar su negocio en el mundo de las telecomunicaciones.<\/p>\r\n<h2>\r\n\t\tLOS PRODUCTOS DE HUAWEI\r\n\t<\/h2>\r\n\t<p>Huawei est\u00e1 presente en el mundo del networking con soluciones de conmutaci\u00f3n muy vers\u00e1tiles, de enrutamiento adaptado a cualquier necesidad y de wifi, campo en el que lidera la soluci\u00f3n wifi 6 que permite el dise\u00f1o de redes LAN tecnol\u00f3gicamente avanzadas.  L\u00edder mundial en TI, donde es el fabricante de equipos de almacenamiento de menor coste por terabyte del mercado. Como apoyo a la tecnolog\u00eda de almacenamiento, ofrece una amplia gama de servidores para satisfacer todas las necesidades de hiperconvergencia y escalabilidad.<\/p>\r\n\r\n","protected":false},"excerpt":{"rendered":"<p>\u00bfQUI\u00c9N ES HUAWEI? Huawei Enterprise, l\u00edder mundial en soluciones de networking, servidores y almacenamiento, est\u00e1 presente en todas las \u00e1reas de negocio relacionadas con las tecnolog\u00edas TIC. Comprometida con la realizaci\u00f3n de ecosistemas que apoyen la transformaci\u00f3n digital, Huawei es la marca de referencia en todos los sectores, desde las administraciones p\u00fablicas hasta la banca, [&hellip;]<\/p>\n","protected":false},"author":7,"featured_media":0,"parent":79554,"menu_order":0,"comment_status":"closed","ping_status":"closed","template":"templates\/template-vendor-category.php","meta":{"_acf_changed":false,"_genesis_hide_title":false,"_genesis_hide_breadcrumbs":false,"_genesis_hide_singular_image":false,"_genesis_hide_footer_widgets":false,"_genesis_custom_body_class":"","_genesis_custom_post_class":"","_genesis_layout":"","footnotes":""},"class_list":{"0":"post-79589","1":"page","2":"type-page","3":"status-publish","5":"entry"},"acf":[],"_links":{"self":[{"href":"https:\/\/www.v-valley.com\/es\/wp-json\/wp\/v2\/pages\/79589","targetHints":{"allow":["GET"]}}],"collection":[{"href":"https:\/\/www.v-valley.com\/es\/wp-json\/wp\/v2\/pages"}],"about":[{"href":"https:\/\/www.v-valley.com\/es\/wp-json\/wp\/v2\/types\/page"}],"author":[{"embeddable":true,"href":"https:\/\/www.v-valley.com\/es\/wp-json\/wp\/v2\/users\/7"}],"replies":[{"embeddable":true,"href":"https:\/\/www.v-valley.com\/es\/wp-json\/wp\/v2\/comments?post=79589"}],"version-history":[{"count":0,"href":"https:\/\/www.v-valley.com\/es\/wp-json\/wp\/v2\/pages\/79589\/revisions"}],"up":[{"embeddable":true,"href":"https:\/\/www.v-valley.com\/es\/wp-json\/wp\/v2\/pages\/79554"}],"wp:attachment":[{"href":"https:\/\/www.v-valley.com\/es\/wp-json\/wp\/v2\/media?parent=79589"}],"curies":[{"name":"wp","href":"https:\/\/api.w.org\/{rel}","templated":true}]}}