{"id":79586,"date":"2022-10-26T18:39:49","date_gmt":"2022-10-26T16:39:49","guid":{"rendered":"https:\/\/www.v-valley.com\/vendor\/hpe-aruba\/"},"modified":"2022-11-22T10:03:41","modified_gmt":"2022-11-22T09:03:41","slug":"hpe-aruba","status":"publish","type":"page","link":"https:\/\/www.v-valley.com\/es\/vendor\/hpe-aruba\/","title":{"rendered":"HPE Aruba"},"content":{"rendered":"\r\n\r\n\t\t\t\t<img loading=\"lazy\" decoding=\"async\" src=\"https:\/\/statics.v-valley.com\/prod\/2022\/10\/logo_aruba.gif\" alt=\"logo_aruba\" itemprop=\"image\" height=\"55\" width=\"140\" title=\"logo_aruba\" onerror=\"this.style.display='none'\"  \/>\r\n<h2>\r\n\t\t\u00bfQUI\u00c9N ES HPE ARUBA?\r\n\t<\/h2>\r\n\t<p>Fundada en 2002 y adquirida por Hewlett Packard Enterprise en 2015, Aruba es una de las principales empresas del mundo en soluciones de networking: wifi 6E, conmutaci\u00f3n, SASE, SD-Branch. Desde hace 15 a\u00f1os, GARTNER es el l\u00edder indiscutible en infraestructuras de acceso a redes LAN cableadas e inal\u00e1mbricas. Las empresas recurren a Aruba para obtener una plataforma de servicios segura y basada en la IA, adecuada para campus, filiales, centros de datos y teletrabajo.<\/p>\r\n<h2>\r\n\t\tLOS PRODUCTOS DE HPE ARUBA\r\n\t<\/h2>\r\n\t<p>HPE Aruba hace algo m\u00e1s que distribuir equipos f\u00edsicos. Ofrece a sus clientes soluciones espec\u00edficas que van desde el comercio minorista hasta la automatizaci\u00f3n industrial, con aplicaciones IoT (internet de las cosas) e instalaciones SD-WAN, tanto en entornos locales como en la nube. De este modo, Aruba satisface las diferentes necesidades de cada empresa ofreciendo tanto soluciones para grandes compa\u00f1\u00edas como productos destinados al mercado de las PYMES.<\/p>\r\n\r\n","protected":false},"excerpt":{"rendered":"<p>\u00bfQUI\u00c9N ES HPE ARUBA? Fundada en 2002 y adquirida por Hewlett Packard Enterprise en 2015, Aruba es una de las principales empresas del mundo en soluciones de networking: wifi 6E, conmutaci\u00f3n, SASE, SD-Branch. Desde hace 15 a\u00f1os, GARTNER es el l\u00edder indiscutible en infraestructuras de acceso a redes LAN cableadas e inal\u00e1mbricas. Las empresas recurren [&hellip;]<\/p>\n","protected":false},"author":7,"featured_media":0,"parent":79554,"menu_order":0,"comment_status":"closed","ping_status":"closed","template":"templates\/template-vendor-category.php","meta":{"_acf_changed":false,"_genesis_hide_title":false,"_genesis_hide_breadcrumbs":false,"_genesis_hide_singular_image":false,"_genesis_hide_footer_widgets":false,"_genesis_custom_body_class":"","_genesis_custom_post_class":"","_genesis_layout":"","footnotes":""},"class_list":{"0":"post-79586","1":"page","2":"type-page","3":"status-publish","5":"entry"},"acf":[],"_links":{"self":[{"href":"https:\/\/www.v-valley.com\/es\/wp-json\/wp\/v2\/pages\/79586","targetHints":{"allow":["GET"]}}],"collection":[{"href":"https:\/\/www.v-valley.com\/es\/wp-json\/wp\/v2\/pages"}],"about":[{"href":"https:\/\/www.v-valley.com\/es\/wp-json\/wp\/v2\/types\/page"}],"author":[{"embeddable":true,"href":"https:\/\/www.v-valley.com\/es\/wp-json\/wp\/v2\/users\/7"}],"replies":[{"embeddable":true,"href":"https:\/\/www.v-valley.com\/es\/wp-json\/wp\/v2\/comments?post=79586"}],"version-history":[{"count":0,"href":"https:\/\/www.v-valley.com\/es\/wp-json\/wp\/v2\/pages\/79586\/revisions"}],"up":[{"embeddable":true,"href":"https:\/\/www.v-valley.com\/es\/wp-json\/wp\/v2\/pages\/79554"}],"wp:attachment":[{"href":"https:\/\/www.v-valley.com\/es\/wp-json\/wp\/v2\/media?parent=79586"}],"curies":[{"name":"wp","href":"https:\/\/api.w.org\/{rel}","templated":true}]}}