{"id":79583,"date":"2022-10-26T18:32:39","date_gmt":"2022-10-26T16:32:39","guid":{"rendered":"https:\/\/www.v-valley.com\/vendor\/adobe\/"},"modified":"2025-02-12T10:10:58","modified_gmt":"2025-02-12T09:10:58","slug":"adobe","status":"publish","type":"page","link":"https:\/\/www.v-valley.com\/es\/vendor\/adobe\/","title":{"rendered":"Adobe"},"content":{"rendered":"\n\n\t\t\t\t<img loading=\"lazy\" decoding=\"async\" src=\"https:\/\/statics.v-valley.com\/prod\/2025\/02\/logo-adobe.gif\" alt=\"logo-adobe\" itemprop=\"image\" height=\"55\" width=\"140\" title=\"logo-adobe\" onerror=\"this.style.display='none'\"  \/>\n<h2>\n\t\t\u00bfQUI\u00c9N ES ADOBE?\n\t<\/h2>\n\t<p>La creatividad est\u00e1 en nuestro ADN, de hecho, nuestras revolucionarias innovaciones redefinen las posibilidades de las experiencias digitales. Conectamos el contenido con los datos e introducimos nuevas tecnolog\u00edas que democratizan la creatividad, dan forma a la pr\u00f3xima generaci\u00f3n de narraci\u00f3n e inspiran categor\u00edas empresariales completamente nuevas.<\/p>\n<h2>\n\t\tLOS PRODUCTOS DE ADOBE\n\t<\/h2>\n\t<ul>\n<li>Adobe Creative Cloud ofrece todas las aplicaciones creativas que las organizaciones necesitan. Desde Adobe Photoshop y Premiere Pro hasta Adobe XD, Creative Cloud para empresas proporciona las aplicaciones creativas que m\u00e1s gustan a los empleados y en las que conf\u00edan las organizaciones globales.<\/li>\n<li>Adobe Document Cloud es la herramienta que impulsa la transformaci\u00f3n digital en todos los sectores y departamentos. Permite a las organizaciones crear documentos colaborativos y compartirlos desde cualquier lugar, recopilar firmas digitales con un clic y eliminar definitivamente los procesos manuales.<\/li>\n<li>Adobe Educaci\u00f3n es la revoluci\u00f3n digital para los centros educativos. Las herramientas de Adobe animan a los estudiantes a desarrollar su creatividad y a convertir las ideas que tienen en el aula en oportunidades acad\u00e9micas y profesionales. Ofrece m\u00e1s de 20 aplicaciones creativas integradas en la nube de Adobe. Adobe ha creado adem\u00e1s Adobe Education Exchange, una comunidad online que ofrece materiales de aprendizaje gratuitos y desarrollo profesional para educadores de todos los niveles.<\/li>\n<\/ul>\n\t<p>Digital Sign &amp; PKI<\/p>\n\t<p>Herramientas de gesti\u00f3n documental<\/p>\n\t<p>Herramientas de Productividad y Colaboraci\u00f3n<\/p>\n\t<p>Software de dise\u00f1o<\/p>\n\n","protected":false},"excerpt":{"rendered":"<p>\u00bfQUI\u00c9N ES ADOBE? La creatividad est\u00e1 en nuestro ADN, de hecho, nuestras revolucionarias innovaciones redefinen las posibilidades de las experiencias digitales. Conectamos el contenido con los datos e introducimos nuevas tecnolog\u00edas que democratizan la creatividad, dan forma a la pr\u00f3xima generaci\u00f3n de narraci\u00f3n e inspiran categor\u00edas empresariales completamente nuevas. LOS PRODUCTOS DE ADOBE Adobe Creative [&hellip;]<\/p>\n","protected":false},"author":7,"featured_media":0,"parent":79554,"menu_order":0,"comment_status":"closed","ping_status":"closed","template":"templates\/template-vendor-category.php","meta":{"_acf_changed":false,"_genesis_hide_title":false,"_genesis_hide_breadcrumbs":false,"_genesis_hide_singular_image":false,"_genesis_hide_footer_widgets":false,"_genesis_custom_body_class":"","_genesis_custom_post_class":"","_genesis_layout":"","footnotes":""},"class_list":{"0":"post-79583","1":"page","2":"type-page","3":"status-publish","5":"entry"},"acf":[],"_links":{"self":[{"href":"https:\/\/www.v-valley.com\/es\/wp-json\/wp\/v2\/pages\/79583","targetHints":{"allow":["GET"]}}],"collection":[{"href":"https:\/\/www.v-valley.com\/es\/wp-json\/wp\/v2\/pages"}],"about":[{"href":"https:\/\/www.v-valley.com\/es\/wp-json\/wp\/v2\/types\/page"}],"author":[{"embeddable":true,"href":"https:\/\/www.v-valley.com\/es\/wp-json\/wp\/v2\/users\/7"}],"replies":[{"embeddable":true,"href":"https:\/\/www.v-valley.com\/es\/wp-json\/wp\/v2\/comments?post=79583"}],"version-history":[{"count":1,"href":"https:\/\/www.v-valley.com\/es\/wp-json\/wp\/v2\/pages\/79583\/revisions"}],"predecessor-version":[{"id":501442,"href":"https:\/\/www.v-valley.com\/es\/wp-json\/wp\/v2\/pages\/79583\/revisions\/501442"}],"up":[{"embeddable":true,"href":"https:\/\/www.v-valley.com\/es\/wp-json\/wp\/v2\/pages\/79554"}],"wp:attachment":[{"href":"https:\/\/www.v-valley.com\/es\/wp-json\/wp\/v2\/media?parent=79583"}],"curies":[{"name":"wp","href":"https:\/\/api.w.org\/{rel}","templated":true}]}}