{"id":79566,"date":"2022-10-26T18:25:07","date_gmt":"2022-10-26T16:25:07","guid":{"rendered":"https:\/\/www.v-valley.com\/vendor\/foxit\/"},"modified":"2024-04-17T15:09:47","modified_gmt":"2024-04-17T13:09:47","slug":"foxit","status":"publish","type":"page","link":"https:\/\/www.v-valley.com\/es\/vendor\/foxit\/","title":{"rendered":"Foxit"},"content":{"rendered":"\n\n\t\t\t\t<img loading=\"lazy\" decoding=\"async\" src=\"https:\/\/statics.v-valley.com\/prod\/2022\/10\/logo_foxit.gif\" alt=\"logo_foxit\" itemprop=\"image\" height=\"55\" width=\"140\" title=\"logo_foxit\" onerror=\"this.style.display='none'\"  \/>\n<h2>\n\t\t\u00bfQUI\u00c9N ES FOXIT?\n\t<\/h2>\n\t<p>Foxit es el segundo proveedor de PDF en el mundo; especializado en desarrollar productos y servicios PDF innovadores para aumentar la productividad de tus clientes.<\/p>\n<h2>\n\t\tLOS PRODUCTOS DE FOXIT PDF\n\t<\/h2>\n\t<ul>\n<li><strong>PDF Editor<\/strong>: Cree, edite y firme en cualquier parte. Potente soluci\u00f3n de PDF de escritorio para crear y editar documentos PDF e integrarse con Foxit eSign.<\/li>\n<li><strong>PDF Reader<\/strong>: El lector de PDF m\u00e1s poderoso de la industria. Vea, anote, rellene formularios y firme sus PDF en escritorio, m\u00f3viles y web, ya sea que se encuentre en la oficina, en su casa o en movimiento.<\/li>\n<li><strong>PDF SDK<\/strong>: Nuestras bibliotecas de alto rendimiento a\u00f1aden una s\u00f3lida funcionalidad PDF a aplicaciones empresariales, m\u00f3viles y en la nube en todas las plataformas, utilizando los lenguajes y entornos de desarrollo m\u00e1s populares.<\/li>\n<li><strong>Volume automation<\/strong>: Procesamiento automatizado de documentos a gran escala. Conversi\u00f3n, compresi\u00f3n y OCR de PDF s\u00f3lidos para empresas.<\/li>\n<\/ul>\n<h2>\n\t\tLOS PRODUCTOS DE FOXIT ESIGN\n\t<\/h2>\n\t<ul>\n<li><strong>eSign<\/strong>: Firma y gesti\u00f3n electr\u00f3nicas de documentos.<br \/>\nServicio de firma electr\u00f3nica legalmente vinculante para preparar, enviar, firmar y realizar el seguimiento de acuerdos.<\/li>\n<li><strong>eSign for Salesforce<\/strong>: Generaci\u00f3n fluida de documentos y eSign para Salesforce CRM. Agilice los flujos de trabajo de documentos, cierre acuerdos y complete documentos m\u00e1s r\u00e1pidamente con esta integraci\u00f3n inteligente de Salesforce.<\/li>\n<li><strong>eSign APIS<\/strong>: Integre las firmas electr\u00f3nicas m\u00e1s r\u00e1pidamente con la API Foxit eSign<br \/>\no Potente integraci\u00f3n para una gesti\u00f3n r\u00e1pida y sencilla de las firmas electr\u00f3nicas.<br \/>\no Aproveche a nuestros expertos en API para lograr soluciones de primera clase.<br \/>\no Reduzca el tiempo de comercializaci\u00f3n y ampl\u00ede las capacidades para acelerar su negocio.<\/li>\n<li><strong>Integration Foxit eSign<\/strong>: Mayor productividad con las integraciones de eSign.<br \/>\no\tEditor de PDF e integraci\u00f3n de eSign<br \/>\no\tIntegraci\u00f3n de Salesforce y eSign<br \/>\no\tIntegraci\u00f3n de Microsoft Outlook y eSign<br \/>\no\tIntegraci\u00f3n de Microsoft Teams y eSign<br \/>\no\tIntegraci\u00f3n de Microsoft Sharepoint y eSign<br \/>\no\tIntegraci\u00f3n de Google Workspace y eSign<br \/>\no\tIntegraci\u00f3n de Zapier y eSign\n<\/li>\n<li><strong>Admin console<\/strong>: Gesti\u00f3n centralizada de licencias y portal web de actualizaciones.<\/li>\n<\/ul>\n\t<p>\ud83d\udce9 Para m\u00e1s informaci\u00f3n y precios: <a href=\"mailto:foxit@v-valley.com\">foxit@v-valley.com<\/a><\/p>\n\n","protected":false},"excerpt":{"rendered":"<p>\u00bfQUI\u00c9N ES FOXIT? Foxit es el segundo proveedor de PDF en el mundo; especializado en desarrollar productos y servicios PDF innovadores para aumentar la productividad de tus clientes. LOS PRODUCTOS DE FOXIT PDF PDF Editor: Cree, edite y firme en cualquier parte. Potente soluci\u00f3n de PDF de escritorio para crear y editar documentos PDF e [&hellip;]<\/p>\n","protected":false},"author":7,"featured_media":0,"parent":79554,"menu_order":0,"comment_status":"closed","ping_status":"closed","template":"templates\/template-vendor-category.php","meta":{"_acf_changed":false,"_genesis_hide_title":false,"_genesis_hide_breadcrumbs":false,"_genesis_hide_singular_image":false,"_genesis_hide_footer_widgets":false,"_genesis_custom_body_class":"","_genesis_custom_post_class":"","_genesis_layout":"","footnotes":""},"class_list":{"0":"post-79566","1":"page","2":"type-page","3":"status-publish","5":"entry"},"acf":[],"_links":{"self":[{"href":"https:\/\/www.v-valley.com\/es\/wp-json\/wp\/v2\/pages\/79566","targetHints":{"allow":["GET"]}}],"collection":[{"href":"https:\/\/www.v-valley.com\/es\/wp-json\/wp\/v2\/pages"}],"about":[{"href":"https:\/\/www.v-valley.com\/es\/wp-json\/wp\/v2\/types\/page"}],"author":[{"embeddable":true,"href":"https:\/\/www.v-valley.com\/es\/wp-json\/wp\/v2\/users\/7"}],"replies":[{"embeddable":true,"href":"https:\/\/www.v-valley.com\/es\/wp-json\/wp\/v2\/comments?post=79566"}],"version-history":[{"count":0,"href":"https:\/\/www.v-valley.com\/es\/wp-json\/wp\/v2\/pages\/79566\/revisions"}],"up":[{"embeddable":true,"href":"https:\/\/www.v-valley.com\/es\/wp-json\/wp\/v2\/pages\/79554"}],"wp:attachment":[{"href":"https:\/\/www.v-valley.com\/es\/wp-json\/wp\/v2\/media?parent=79566"}],"curies":[{"name":"wp","href":"https:\/\/api.w.org\/{rel}","templated":true}]}}