{"id":79563,"date":"2022-10-26T18:17:51","date_gmt":"2022-10-26T16:17:51","guid":{"rendered":"https:\/\/www.v-valley.com\/vendor\/reevo\/"},"modified":"2024-09-03T15:21:36","modified_gmt":"2024-09-03T13:21:36","slug":"reevo","status":"publish","type":"page","link":"https:\/\/www.v-valley.com\/es\/vendor\/reevo\/","title":{"rendered":"Reevo"},"content":{"rendered":"\n\n\t\t\t\t<img loading=\"lazy\" decoding=\"async\" src=\"https:\/\/statics.v-valley.com\/prod\/2022\/10\/logo_reevo.gif\" alt=\"logo_reevo\" itemprop=\"image\" height=\"55\" width=\"140\" title=\"logo_reevo\" onerror=\"this.style.display='none'\"  \/>\n<h2>\n\t\t\u00bfQUI\u00c9N ES REEVO CLOUD &#038; CYBER SECURITY?\n\t<\/h2>\n\t<p>En la era digital, la seguridad de los datos es crucial. ReeVo Cloud &amp; Cyber Security es tu aliado perfecto para proteger tu informaci\u00f3n. Como proveedor europeo l\u00edder en servicios de nube e infraestructuras seguras, cuentan con m\u00e1s de 20 a\u00f1os de experiencia protegiendo a empresas e instituciones. No solo son un proveedor, sino tu socio estrat\u00e9gico, acompa\u00f1\u00e1ndote en tu viaje hacia la transformaci\u00f3n digital con soluciones personalizadas que se adaptan a tus necesidades y presupuesto.<\/p>\n<p>Su misi\u00f3n es proteger tu informaci\u00f3n m\u00e1s valiosa, permiti\u00e9ndote aprovechar al m\u00e1ximo las ventajas de la nube sin riesgos.<\/p>\n<h2>\n\t\tLOS PRODUCTOS DE REEVO\n\t<\/h2>\n\t<ul>\n<li><strong>Caja Fuerte Digital<\/strong>: una infraestructura de nube segura y robusta, ubicada en data centers propios con certificaci\u00f3n Tier IV, los m\u00e1s altos est\u00e1ndares de seguridad del mercado.<\/li>\n<li><strong>Servicios integrales de seguridad<\/strong>: te protegemos de las amenazas cibern\u00e9ticas con soluciones avanzadas de detecci\u00f3n, prevenci\u00f3n y respuesta a incidentes.<\/li>\n<li><strong>Experiencia y conocimiento<\/strong>: nuestro equipo de expertos est\u00e1 altamente capacitado para asesorarte y ayudarte a tomar las mejores decisiones para tu negocio.<\/li>\n<li><strong>Soluciones a medida<\/strong>: dise\u00f1amos planes personalizados que se ajustan a tus necesidades espec\u00edficas, sin importar el tama\u00f1o o la complejidad de tu empresa.<\/li>\n<li><strong>Tecnolog\u00eda de \u00faltima generaci\u00f3n<\/strong>: utilizamos las herramientas y tecnolog\u00edas m\u00e1s innovadoras para garantizar la seguridad y el rendimiento de tu informaci\u00f3n.<\/li>\n<li><strong>Asistencia local en tu idioma<\/strong>: en todos los pa\u00edses en los que trabajamos ofrecemos nuestro soporte de forma local. Aqu\u00ed solo encontrar\u00e1s personas hispanohablantes.<\/li>\n<\/ul>\n\t<p>Infraestructura como servicio (IaaS)<\/p>\n\t<p>Plataforma como servicio (PaaS)<\/p>\n\t<p>Software como servicio (SaaS)<\/p>\n\t<p>Seguridad en la nube<\/p>\n\t<p>SOC 24\/7\/365<\/p>\n\t<p>Copia de seguridad y recuperaci\u00f3n ante desastres<\/p>\n\n","protected":false},"excerpt":{"rendered":"<p>\u00bfQUI\u00c9N ES REEVO CLOUD &#038; CYBER SECURITY? En la era digital, la seguridad de los datos es crucial. ReeVo Cloud &amp; Cyber Security es tu aliado perfecto para proteger tu informaci\u00f3n. Como proveedor europeo l\u00edder en servicios de nube e infraestructuras seguras, cuentan con m\u00e1s de 20 a\u00f1os de experiencia protegiendo a empresas e instituciones. [&hellip;]<\/p>\n","protected":false},"author":7,"featured_media":0,"parent":79554,"menu_order":0,"comment_status":"closed","ping_status":"closed","template":"templates\/template-vendor-category.php","meta":{"_acf_changed":false,"_genesis_hide_title":false,"_genesis_hide_breadcrumbs":false,"_genesis_hide_singular_image":false,"_genesis_hide_footer_widgets":false,"_genesis_custom_body_class":"","_genesis_custom_post_class":"","_genesis_layout":"","footnotes":""},"class_list":{"0":"post-79563","1":"page","2":"type-page","3":"status-publish","5":"entry"},"acf":[],"_links":{"self":[{"href":"https:\/\/www.v-valley.com\/es\/wp-json\/wp\/v2\/pages\/79563","targetHints":{"allow":["GET"]}}],"collection":[{"href":"https:\/\/www.v-valley.com\/es\/wp-json\/wp\/v2\/pages"}],"about":[{"href":"https:\/\/www.v-valley.com\/es\/wp-json\/wp\/v2\/types\/page"}],"author":[{"embeddable":true,"href":"https:\/\/www.v-valley.com\/es\/wp-json\/wp\/v2\/users\/7"}],"replies":[{"embeddable":true,"href":"https:\/\/www.v-valley.com\/es\/wp-json\/wp\/v2\/comments?post=79563"}],"version-history":[{"count":0,"href":"https:\/\/www.v-valley.com\/es\/wp-json\/wp\/v2\/pages\/79563\/revisions"}],"up":[{"embeddable":true,"href":"https:\/\/www.v-valley.com\/es\/wp-json\/wp\/v2\/pages\/79554"}],"wp:attachment":[{"href":"https:\/\/www.v-valley.com\/es\/wp-json\/wp\/v2\/media?parent=79563"}],"curies":[{"name":"wp","href":"https:\/\/api.w.org\/{rel}","templated":true}]}}