{"id":79560,"date":"2022-10-26T18:16:05","date_gmt":"2022-10-26T16:16:05","guid":{"rendered":"https:\/\/www.v-valley.com\/vendor\/zebra\/"},"modified":"2024-07-24T09:33:38","modified_gmt":"2024-07-24T07:33:38","slug":"zebra","status":"publish","type":"page","link":"https:\/\/www.v-valley.com\/es\/vendor\/zebra\/","title":{"rendered":"Zebra"},"content":{"rendered":"\n\n\t\t\t\t<img loading=\"lazy\" decoding=\"async\" src=\"https:\/\/statics.v-valley.com\/prod\/2022\/10\/logo_zebra.gif\" alt=\"logo_zebra\" itemprop=\"image\" height=\"55\" width=\"140\" title=\"logo_zebra\" onerror=\"this.style.display='none'\"  \/>\n<h2>\n\t\t \u00bfQUI\u00c9N ES ZEBRA?\n\t<\/h2>\n\t<p>Zebra Technologies es l\u00edder mundial desde hace m\u00e1s de 50 a\u00f1os en soluciones de identificaci\u00f3n autom\u00e1tica, con especial atenci\u00f3n a la venta al por menor\/comercio electr\u00f3nico, fabricaci\u00f3n, transporte y log\u00edstica para el sector sanitario y el sector p\u00fablico. Las soluciones de Zebra se han desarrollado para optimizar las operaciones y los flujos de trabajo, y para ayudar a los clientes a tomar decisiones operativas ofreci\u00e9ndoles la informaci\u00f3n que necesitan para alcanzar los mejores resultados.<\/p>\n<h2>\n\t\tLOS PRODUCTOS DE ZEBRA\n\t<\/h2>\n\t<p>Zebra es l\u00edder en el sector de la identificaci\u00f3n autom\u00e1tica (auto-ID), con soluciones de impresi\u00f3n t\u00e9rmica tanto para oficinas (administraci\u00f3n p\u00fablica, hospitales o comercio minorista) como para industrias, con impresoras capaces de trabajar durante 24 horas al d\u00eda los 365 d\u00edas del a\u00f1o en entornos complejos, como la log\u00edstica o la fabricaci\u00f3n. Sus sistemas de lectura, que incluyen lectores de c\u00f3digos de barras, ordenadores port\u00e1tiles robustos, tabletas y soluciones RFID propias, son utilizados a diario por empresas de log\u00edstica, supermercados, comercios minoristas, hospitales y oficinas p\u00fablicas y privadas.<\/p>\n\t<p>Impresoras t\u00e9rmicas y tarjetas<\/p>\n\t<p>Lectores de c\u00f3digos de barras<\/p>\n\t<p>Ordenadores port\u00e1tiles<\/p>\n\t<p>Tabletas<\/p>\n\t<p>RFID<\/p>\n\n","protected":false},"excerpt":{"rendered":"<p>\u00bfQUI\u00c9N ES ZEBRA? Zebra Technologies es l\u00edder mundial desde hace m\u00e1s de 50 a\u00f1os en soluciones de identificaci\u00f3n autom\u00e1tica, con especial atenci\u00f3n a la venta al por menor\/comercio electr\u00f3nico, fabricaci\u00f3n, transporte y log\u00edstica para el sector sanitario y el sector p\u00fablico. Las soluciones de Zebra se han desarrollado para optimizar las operaciones y los flujos [&hellip;]<\/p>\n","protected":false},"author":7,"featured_media":0,"parent":79554,"menu_order":0,"comment_status":"closed","ping_status":"closed","template":"templates\/template-vendor-category.php","meta":{"_acf_changed":false,"_genesis_hide_title":false,"_genesis_hide_breadcrumbs":false,"_genesis_hide_singular_image":false,"_genesis_hide_footer_widgets":false,"_genesis_custom_body_class":"","_genesis_custom_post_class":"","_genesis_layout":"","footnotes":""},"class_list":{"0":"post-79560","1":"page","2":"type-page","3":"status-publish","5":"entry"},"acf":[],"_links":{"self":[{"href":"https:\/\/www.v-valley.com\/es\/wp-json\/wp\/v2\/pages\/79560","targetHints":{"allow":["GET"]}}],"collection":[{"href":"https:\/\/www.v-valley.com\/es\/wp-json\/wp\/v2\/pages"}],"about":[{"href":"https:\/\/www.v-valley.com\/es\/wp-json\/wp\/v2\/types\/page"}],"author":[{"embeddable":true,"href":"https:\/\/www.v-valley.com\/es\/wp-json\/wp\/v2\/users\/7"}],"replies":[{"embeddable":true,"href":"https:\/\/www.v-valley.com\/es\/wp-json\/wp\/v2\/comments?post=79560"}],"version-history":[{"count":0,"href":"https:\/\/www.v-valley.com\/es\/wp-json\/wp\/v2\/pages\/79560\/revisions"}],"up":[{"embeddable":true,"href":"https:\/\/www.v-valley.com\/es\/wp-json\/wp\/v2\/pages\/79554"}],"wp:attachment":[{"href":"https:\/\/www.v-valley.com\/es\/wp-json\/wp\/v2\/media?parent=79560"}],"curies":[{"name":"wp","href":"https:\/\/api.w.org\/{rel}","templated":true}]}}