{"id":79480,"date":"2022-09-23T16:24:59","date_gmt":"2022-09-23T14:24:59","guid":{"rendered":"https:\/\/www.v-valley.com\/servizi\/"},"modified":"2026-03-20T17:10:06","modified_gmt":"2026-03-20T16:10:06","slug":"servicios","status":"publish","type":"page","link":"https:\/\/www.v-valley.com\/es\/servicios\/","title":{"rendered":"Servicios"},"content":{"rendered":"\n<h2>\n\t\t\tPOR QU\u00c9 ELEGIR NUESTROS SERVICIOS\t<\/h2>\n\t<p>V-Valley ofrece una amplia gama de servicios personalizados y un asesoramiento altamente especializado para ayudarte a elegir la mejor soluci\u00f3n para tu empresa. Nuestro equipo de expertos t\u00e9cnicos y comerciales te ayudar\u00e1 a optimizar los recursos invertidos y a conseguir tus objetivos mediante la adopci\u00f3n de procesos \u00e1giles y eficaces.<\/p>\n<p>La asistencia t\u00e9cnica preventa, una completa gama de repuestos y la capacidad de ensamblar e integrar diferentes sistemas de hardware y software, son algunos de los servicios que ofrecemos, junto con la formaci\u00f3n constante de nuestros clientes sobre las \u00faltimas novedades en tecnolog\u00eda.<\/p>\n<h2>\n\t\t\t  DESCUBRE SERVICIOS DISE\u00d1ADOS PARA TODAS LAS NECESIDADES\t<\/h2>\n<figure itemscope itemtype=\"https:\/\/schema.org\/ImageObject\">\n\t\t\t\t<a href=\"https:\/\/www.v-valley.com\/es\/servicios\/consultoria-y-preventa\/\"  target=\"_self\" itemprop=\"url\">\n\t\t\t\t<img decoding=\"async\" src=\"https:\/\/statics.v-valley.com\/prod\/2022\/10\/img-supporto.jpg\" alt=\"img-supporto\" height=\"206\" width=\"353\" title=\"img-supporto\" onerror=\"this.style.display='none'\" loading=\"lazy\" \/>\n\t\t\t\t<\/a>\n\t<\/figure>\n\t<p><a href=\"https:\/\/www.v-valley.com\/es\/servicios\/consultoria-y-preventa\/\">Consultor\u00eda y preventa<\/a><\/p>\n<figure itemscope itemtype=\"https:\/\/schema.org\/ImageObject\">\n\t\t\t\t<a href=\"https:\/\/www.v-valley.com\/es\/servicios\/formacion-y-certificacion\/\"  target=\"_self\" itemprop=\"url\">\n\t\t\t\t<img decoding=\"async\" src=\"https:\/\/statics.v-valley.com\/prod\/2022\/10\/img-formazione.jpg\" alt=\"img-formazione\" height=\"206\" width=\"353\" title=\"img-formazione\" onerror=\"this.style.display='none'\" loading=\"lazy\" \/>\n\t\t\t\t<\/a>\n\t<\/figure>\n\t<p><a href=\"https:\/\/www.v-valley.com\/es\/servicios\/formacion-y-certificacion\/\">Formacion y certificacion<\/a><\/p>\n<figure itemscope itemtype=\"https:\/\/schema.org\/ImageObject\">\n\t\t\t\t<a href=\"https:\/\/www.v-valley.com\/es\/servicios\/servicios-cloud\/\"  target=\"_self\" itemprop=\"url\">\n\t\t\t\t<img decoding=\"async\" src=\"https:\/\/statics.v-valley.com\/prod\/2023\/02\/box-tutti-i-servizi-servizi-cloud.jpg\" alt=\"box-tutti-i-servizi-servizi-cloud\" height=\"206\" width=\"350\" title=\"box-tutti-i-servizi-servizi-cloud\" onerror=\"this.style.display='none'\" loading=\"lazy\" \/>\n\t\t\t\t<\/a>\n\t<\/figure>\n\t<p><a href=\"https:\/\/www.v-valley.com\/es\/servicios\/servicios-cloud\/\">Servicios Cloud<\/a><\/p>\n<figure itemscope itemtype=\"https:\/\/schema.org\/ImageObject\">\n\t\t\t\t<a href=\"https:\/\/www.v-valley.com\/es\/servicios\/servicios-datacenter\/\"  target=\"_self\" itemprop=\"url\">\n\t\t\t\t<img decoding=\"async\" src=\"https:\/\/statics.v-valley.com\/prod\/2023\/02\/box-tutti-i-servizi-datacenter.jpg\" alt=\"box-tutti-i-servizi-datacenter\" height=\"206\" width=\"350\" title=\"box-tutti-i-servizi-datacenter\" onerror=\"this.style.display='none'\" loading=\"lazy\" \/>\n\t\t\t\t<\/a>\n\t<\/figure>\n\t<p><a href=\"https:\/\/www.v-valley.com\/es\/servicios\/servicios-datacenter\/\">Servicios Datacenter<\/a><\/p>\n<figure itemscope itemtype=\"https:\/\/schema.org\/ImageObject\">\n\t\t\t\t<a href=\"https:\/\/www.v-valley.com\/es\/servicios\/servicios-financieros\/\"  target=\"_self\" itemprop=\"url\">\n\t\t\t\t<img decoding=\"async\" src=\"https:\/\/statics.v-valley.com\/prod\/2023\/02\/box-tutti-i-servizi-servizi-finanziari.jpg\" alt=\"box-tutti-i-servizi-servizi-finanziari\" height=\"206\" width=\"350\" title=\"box-tutti-i-servizi-servizi-finanziari\" onerror=\"this.style.display='none'\" loading=\"lazy\" \/>\n\t\t\t\t<\/a>\n\t<\/figure>\n\t<p><a href=\"https:\/\/www.v-valley.com\/es\/servicios\/servicios-financieros\/\">Servicios financieros<\/a><\/p>\n<figure itemscope itemtype=\"https:\/\/schema.org\/ImageObject\">\n\t\t\t\t<a href=\"https:\/\/www.v-valley.com\/es\/servicios\/servicios-logisticos\/\"  target=\"_self\" itemprop=\"url\">\n\t\t\t\t<img decoding=\"async\" src=\"https:\/\/statics.v-valley.com\/prod\/2023\/02\/box-tutti-i-servizi-servizi-logistici.jpg\" alt=\"box-tutti-i-servizi-servizi-logistici\" height=\"206\" width=\"350\" title=\"box-tutti-i-servizi-servizi-logistici\" onerror=\"this.style.display='none'\" loading=\"lazy\" \/>\n\t\t\t\t<\/a>\n\t<\/figure>\n\t<p><a href=\"https:\/\/www.v-valley.com\/es\/servicios\/servicios-logisticos\/\">Servicios Logisticos<\/a><\/p>\n<figure itemscope itemtype=\"https:\/\/schema.org\/ImageObject\">\n\t\t\t\t<a href=\"https:\/\/www.v-valley.com\/es\/servicios\/servicios-profesionales\/\"  target=\"_self\" itemprop=\"url\">\n\t\t\t\t<img decoding=\"async\" src=\"https:\/\/statics.v-valley.com\/prod\/2023\/02\/box-tutti-i-servizi-servizi-professionali.jpg\" alt=\"box-tutti-i-servizi-servizi-professionali\" height=\"206\" width=\"350\" title=\"box-tutti-i-servizi-servizi-professionali\" onerror=\"this.style.display='none'\" loading=\"lazy\" \/>\n\t\t\t\t<\/a>\n\t<\/figure>\n\t<p><a href=\"https:\/\/www.v-valley.com\/es\/servicios\/servicios-profesionales\/\">Servicios Profesionales<\/a><\/p>\n<figure itemscope itemtype=\"https:\/\/schema.org\/ImageObject\">\n\t\t\t\t<a href=\"https:\/\/www.v-valley.com\/es\/servicios\/servicio-tecnico\/\"  target=\"_self\" itemprop=\"url\">\n\t\t\t\t<img decoding=\"async\" src=\"https:\/\/statics.v-valley.com\/prod\/2023\/02\/box-tutti-i-servizi-servizio-tecnico.jpg\" alt=\"box-tutti-i-servizi-servizio-tecnico\" height=\"206\" width=\"350\" title=\"box-tutti-i-servizi-servizio-tecnico\" onerror=\"this.style.display='none'\" loading=\"lazy\" \/>\n\t\t\t\t<\/a>\n\t<\/figure>\n\t<p><a href=\"https:\/\/www.v-valley.com\/es\/servicios\/servicio-tecnico\/\">Servicio T\u00e9cnico<\/a><\/p>\n<figure itemscope itemtype=\"https:\/\/schema.org\/ImageObject\">\n\t\t\t\t<a href=\"https:\/\/www.v-valley.com\/es\/servicios\/innovexya\/\"  target=\"_self\" itemprop=\"url\">\n\t\t\t\t<img decoding=\"async\" src=\"https:\/\/www.v-valley.com\/wp-content\/uploads\/2026\/03\/box-innovexya.jpg\" alt=\"Innovexya\" height=\"206\" width=\"350\" title=\"box-innovexya\" onerror=\"this.style.display='none'\" loading=\"lazy\" \/>\n\t\t\t\t<\/a>\n\t<\/figure>\n\t<p><a href=\"https:\/\/www.v-valley.com\/es\/servicios\/innovexya\/\">Innovexya<\/a><\/p>\n            <img decoding=\"async\" src=\"https:\/\/statics.v-valley.com\/prod\/2022\/11\/box-in-fondo-produttori.jpg\" alt=\"Los mejores fabricantes de tecnolog\u00eda para el mercado empresarial y el mercado de consumo\" name=\"Los mejores fabricantes de tecnolog\u00eda para el mercado empresarial y el mercado de consumo\"\/>\n                FABRICANTES\n                <h4>Los mejores fabricantes de tecnolog\u00eda para el mercado empresarial y el mercado de consumo<\/h4>\n               <a href=\"https:\/\/v-valley.es\/fabricantes\/\" aria-label=\"Vai alla pagina:Los mejores fabricantes de tecnolog\u00eda para el mercado empresarial y el mercado de consumo\" target=\"_blank\" rel=\"noopener\"><\/a>\n            <img decoding=\"async\" src=\"https:\/\/statics.v-valley.com\/prod\/2022\/10\/box-in-fondo-soluzioni.jpg\" alt=\"Una gama de soluciones innovadoras para cada necesidad\" name=\"Una gama de soluciones innovadoras para cada necesidad\"\/>\n                SOLUCIONES\n                <h4>Una gama de soluciones innovadoras para cada necesidad<\/h4>\n               <a href=\"https:\/\/www.v-valley.com\/es\/soluciones\/\" aria-label=\"Vai alla pagina:Una gama de soluciones innovadoras para cada necesidad\"><\/a>\n            <img decoding=\"async\" src=\"https:\/\/statics.v-valley.com\/prod\/2022\/10\/box-in-fondo-servizi.jpg\" alt=\"Amplia oferta de servicios de soporte, tanto preventa como posventa\" name=\"Amplia oferta de servicios de soporte, tanto preventa como posventa\"\/>\n                SERVICIOS\n                <h4>Amplia oferta de servicios de soporte, tanto preventa como posventa<\/h4>\n               <a href=\"https:\/\/www.v-valley.com\/es\/servicios\/\" aria-label=\"Vai alla pagina:Amplia oferta de servicios de soporte, tanto preventa como posventa\"><\/a>\n             <!-- end vvly images with text -->\n <!-- end images with text container -->\n<style>\n    .vvly-images-with-text-container .vvly-images-with-text .vvly-image-with-text {\n        width: calc((100% - 10px) \/3);\n    }\n<\/style>\n\n","protected":false},"excerpt":{"rendered":"<p>POR QU\u00c9 ELEGIR NUESTROS SERVICIOS V-Valley ofrece una amplia gama de servicios personalizados y un asesoramiento altamente especializado para ayudarte a elegir la mejor soluci\u00f3n para tu empresa. Nuestro equipo de expertos t\u00e9cnicos y comerciales te ayudar\u00e1 a optimizar los recursos invertidos y a conseguir tus objetivos mediante la adopci\u00f3n de procesos \u00e1giles y eficaces. [&hellip;]<\/p>\n","protected":false},"author":7,"featured_media":0,"parent":0,"menu_order":0,"comment_status":"closed","ping_status":"closed","template":"templates\/template-simple.php","meta":{"_acf_changed":false,"_genesis_hide_title":false,"_genesis_hide_breadcrumbs":false,"_genesis_hide_singular_image":false,"_genesis_hide_footer_widgets":false,"_genesis_custom_body_class":"","_genesis_custom_post_class":"","_genesis_layout":"","footnotes":""},"class_list":{"0":"post-79480","1":"page","2":"type-page","3":"status-publish","5":"entry"},"acf":[],"_links":{"self":[{"href":"https:\/\/www.v-valley.com\/es\/wp-json\/wp\/v2\/pages\/79480","targetHints":{"allow":["GET"]}}],"collection":[{"href":"https:\/\/www.v-valley.com\/es\/wp-json\/wp\/v2\/pages"}],"about":[{"href":"https:\/\/www.v-valley.com\/es\/wp-json\/wp\/v2\/types\/page"}],"author":[{"embeddable":true,"href":"https:\/\/www.v-valley.com\/es\/wp-json\/wp\/v2\/users\/7"}],"replies":[{"embeddable":true,"href":"https:\/\/www.v-valley.com\/es\/wp-json\/wp\/v2\/comments?post=79480"}],"version-history":[{"count":1,"href":"https:\/\/www.v-valley.com\/es\/wp-json\/wp\/v2\/pages\/79480\/revisions"}],"predecessor-version":[{"id":625870,"href":"https:\/\/www.v-valley.com\/es\/wp-json\/wp\/v2\/pages\/79480\/revisions\/625870"}],"wp:attachment":[{"href":"https:\/\/www.v-valley.com\/es\/wp-json\/wp\/v2\/media?parent=79480"}],"curies":[{"name":"wp","href":"https:\/\/api.w.org\/{rel}","templated":true}]}}