{"id":79467,"date":"2022-10-25T11:58:53","date_gmt":"2022-10-25T09:58:53","guid":{"rendered":"https:\/\/www.v-valley.com\/por-que-v-valley\/end-user\/"},"modified":"2023-05-08T10:45:09","modified_gmt":"2023-05-08T08:45:09","slug":"clientes-finales","status":"publish","type":"page","link":"https:\/\/www.v-valley.com\/es\/por-que-v-valley\/clientes-finales\/","title":{"rendered":"Clientes Finales"},"content":{"rendered":"\r\n<h2>CONF\u00cdA EN V-VALLEY PARA TUS PROYECTOS TECNOL\u00d3GICOS M\u00c1S IMPORTANTES<\/h2>\r\n<p>Elegir V-Valley, l\u00edder en la distribuci\u00f3n de productos tecnol\u00f3gicos en el sur de Europa, significa que tus clientes podr\u00e1n trabajar con 650 fabricantes y tendr\u00e1n acceso a un cat\u00e1logo de m\u00e1s de 300.000 referencias. V-Valley tambi\u00e9n ofrece una gran variedad de servicios y cursos de formaci\u00f3n pensados para todas las necesidades del usuario final.<\/p>\r\n<p><img loading=\"lazy\" decoding=\"async\" title=\"img-riunione\" src=\"https:\/\/statics.v-valley.com\/prod\/2022\/11\/img-riunione.jpg\" alt=\"img-riunione\" width=\"911\" height=\"536\" \/><\/p>\r\n<h2>NUESTRAS PRINCIPALES VENTAJAS<\/h2>\r\n<p><img decoding=\"async\" src=\"https:\/\/statics.v-valley.com\/prod\/2022\/10\/ico-cerchio-cartella.png\" alt=\"Constante actualizaci\u00f3n del cat\u00e1logo\" name=\"Constante actualizaci\u00f3n del cat\u00e1logo\" \/><\/p>\r\n<h4>Constante actualizaci\u00f3n del cat\u00e1logo<\/h4>\r\n<p>Tus clientes tienen, a su alcance, las \u00faltimas innovaciones tecnol\u00f3gicas de nuestros fabricantes y los mejores productos en todos los sectores del mercado.<\/p>\r\n<!-- end vvly card item -->\r\n<p><img decoding=\"async\" src=\"https:\/\/statics.v-valley.com\/prod\/2022\/10\/ico-cerchio-formazione.png\" alt=\"Formaci\u00f3n continua\" name=\"Formaci\u00f3n continua\" \/><\/p>\r\n<h4>Formaci\u00f3n continua<\/h4>\r\n<p>Gracias a nuestros fabricantes, podr\u00e1s ofrecer a tus clientes cursos de formaci\u00f3n exclusivos para consolidar sus conocimientos, as\u00ed como certificaciones para el uso de determinadas tecnolog\u00edas.<\/p>\r\n<!-- end vvly card item -->\r\n<p><img decoding=\"async\" src=\"https:\/\/statics.v-valley.com\/prod\/2022\/09\/ico-cerchio-lampadina.svg\" alt=\"Soluciones personalizadas\" name=\"Soluciones personalizadas\" \/><\/p>\r\n<h4>Soluciones personalizadas<\/h4>\r\n<p>Proponemos soluciones diferenciadas y personalizadas para adaptarse a las necesidades espec\u00edficas de tus clientes.<\/p>\r\n<!-- end vvly card item -->\r\n<p><img decoding=\"async\" src=\"https:\/\/statics.v-valley.com\/prod\/2022\/10\/ico-cerchio-logistica-installazione.png\" alt=\"Log\u00edstica \" name=\"Log\u00edstica \" \/><\/p>\r\n<h4>Log\u00edstica<\/h4>\r\n<p>Ofrecemos servicios log\u00edsticos de confianza, y siempre puntuales, que incluyen la instalaci\u00f3n de la tecnolog\u00eda adquirida por tus clientes.<\/p>\r\n<!-- end vvly card item --><!-- end vvly cards with icon --><!-- end cards-with-icon-container -->\r\n<p><style>\r\n    .vvly-cards-with-icon-container .vvly-cards-with-icon .vvly-card-item {\r\n        width: calc(100% \/4);\r\n    }\r\n<\/style> <img loading=\"lazy\" decoding=\"async\" title=\"img-cerchio-soluzioni\" src=\"https:\/\/statics.v-valley.com\/prod\/2022\/10\/img-cerchio-soluzioni-300x300.png\" alt=\"img-cerchio-soluzioni\" width=\"300\" height=\"300\" \/><\/p>\r\n<h3>AMPLIA CARTERA DE SOLUCIONES A MEDIDA<\/h3>\r\n<p>Ofrecemos una completa gama de soluciones adaptadas al negocio de tus clientes, con la posibilidad de personalizar productos y servicios a su medida. Actuamos como mediadores en la difusi\u00f3n de la tecnolog\u00eda y las soluciones relacionadas con ella, respaldados por muchos a\u00f1os de experiencia en el sector.<\/p>\r\n<p><a role=\"button\" href=\"https:\/\/www.v-valley.com\/es\/soluciones\/\" target=\"_self\" rel=\"noopener\"> Descubre nuestras soluciones <\/a><\/p>\r\n<h3>PARTNERS DE LOS MEJORES FABRICANTES E INTEGRADORES DE SISTEMAS<\/h3>\r\n<p>Nuestros fabricantes son los mejores proveedores de tecnolog\u00eda del mercado, tanto destinada a las empresas, como a los consumidores, lo que nos permite ofrecer a tus clientes las mejores soluciones, desde las aplicaciones m\u00e1s sencillas, hasta la instalaci\u00f3n de sistemas m\u00e1s complejos.<\/p>\r\n<p><a role=\"button\" href=\"https:\/\/v-valley.es\/fabricantes\/\" target=\"_blank\" rel=\"noopener\"> Descubre a nuestros fabricantes <\/a> <img loading=\"lazy\" decoding=\"async\" title=\"img-cerchio-produttori\" src=\"https:\/\/statics.v-valley.com\/prod\/2022\/11\/img-cerchio-produttori-300x300.png\" alt=\"img-cerchio-produttori\" width=\"300\" height=\"300\" \/> <img loading=\"lazy\" decoding=\"async\" title=\"img-cerchio-servizi\" src=\"https:\/\/statics.v-valley.com\/prod\/2022\/10\/img-cerchio-servizi-300x300.png\" alt=\"img-cerchio-servizi\" width=\"300\" height=\"300\" \/><\/p>\r\n<h3>SERVICIOS PREVENTA Y POSVENTA<\/h3>\r\n<p>Te ayudamos a proponer a tus usuarios finales la opci\u00f3n m\u00e1s adecuada a sus necesidades. Ofrecemos servicios preventa y posventa a cargo de un equipo altamente especializado, capaz de dise\u00f1ar la soluci\u00f3n \u00f3ptima para cada necesidad.<\/p>\r\n<p><a role=\"button\" href=\"https:\/\/www.v-valley.com\/es\/servicios\/\" target=\"_self\" rel=\"noopener\"> Descubre nuestros servicios <\/a><\/p>\r\n<h3>CERTIFICACIONES ISO Y T\u00c9CNICAS<\/h3>\r\n<p>V-Valley cuenta con todas las certificaciones legales en materia de medio ambiente, salud y seguridad en el trabajo. Nuestro objetivo es la mejora constante en todo lo relacionado con la calidad, el medio ambiente, la seguridad y la \u00e9tica: estos son nuestros valores fundamentales, junto con la satisfacci\u00f3n de nuestros clientes.<\/p>\r\n<p><img loading=\"lazy\" decoding=\"async\" title=\"img-cerchio-formazione\" src=\"https:\/\/statics.v-valley.com\/prod\/2022\/10\/img-cerchio-formazione-300x300.png\" alt=\"img-cerchio-formazione\" width=\"300\" height=\"300\" \/> <img loading=\"lazy\" decoding=\"async\" title=\"img-cerchio-sostenibilit\u00e0\" src=\"https:\/\/statics.v-valley.com\/prod\/2022\/10\/img-cerchio-sostenibilita-300x300.png\" alt=\"img-cerchio-sostenibilit\u00e0\" width=\"300\" height=\"300\" \/><\/p>\r\n<h3>NOS IMPORTA LA SOSTENIBILIDAD<\/h3>\r\n<p>En nuestro Grupo, aplicamos pol\u00edticas espec\u00edficas de sostenibilidad: primero escuchamos a las partes interesadas y, a partir de all\u00ed, establecemos y definimos un conjunto de objetivos para cada \u00e1rea de inter\u00e9s, desde el medio ambiente hasta la gobernanza y los aspectos sociales, dando siempre prioridad al capital humano.<\/p>\r\n","protected":false},"excerpt":{"rendered":"<p>CONF\u00cdA EN V-VALLEY PARA TUS PROYECTOS TECNOL\u00d3GICOS M\u00c1S IMPORTANTES Elegir V-Valley, l\u00edder en la distribuci\u00f3n de productos tecnol\u00f3gicos en el sur de Europa, significa que tus clientes podr\u00e1n trabajar con 650 fabricantes y tendr\u00e1n acceso a un cat\u00e1logo de m\u00e1s de 300.000 referencias. V-Valley tambi\u00e9n ofrece una gran variedad de servicios y cursos de formaci\u00f3n [&hellip;]<\/p>\n","protected":false},"author":7,"featured_media":0,"parent":79429,"menu_order":0,"comment_status":"closed","ping_status":"closed","template":"templates\/template-simple.php","meta":{"_acf_changed":false,"_genesis_hide_title":false,"_genesis_hide_breadcrumbs":false,"_genesis_hide_singular_image":false,"_genesis_hide_footer_widgets":false,"_genesis_custom_body_class":"","_genesis_custom_post_class":"","_genesis_layout":"","footnotes":""},"class_list":{"0":"post-79467","1":"page","2":"type-page","3":"status-publish","5":"entry"},"acf":[],"_links":{"self":[{"href":"https:\/\/www.v-valley.com\/es\/wp-json\/wp\/v2\/pages\/79467","targetHints":{"allow":["GET"]}}],"collection":[{"href":"https:\/\/www.v-valley.com\/es\/wp-json\/wp\/v2\/pages"}],"about":[{"href":"https:\/\/www.v-valley.com\/es\/wp-json\/wp\/v2\/types\/page"}],"author":[{"embeddable":true,"href":"https:\/\/www.v-valley.com\/es\/wp-json\/wp\/v2\/users\/7"}],"replies":[{"embeddable":true,"href":"https:\/\/www.v-valley.com\/es\/wp-json\/wp\/v2\/comments?post=79467"}],"version-history":[{"count":0,"href":"https:\/\/www.v-valley.com\/es\/wp-json\/wp\/v2\/pages\/79467\/revisions"}],"up":[{"embeddable":true,"href":"https:\/\/www.v-valley.com\/es\/wp-json\/wp\/v2\/pages\/79429"}],"wp:attachment":[{"href":"https:\/\/www.v-valley.com\/es\/wp-json\/wp\/v2\/media?parent=79467"}],"curies":[{"name":"wp","href":"https:\/\/api.w.org\/{rel}","templated":true}]}}