{"id":79458,"date":"2022-10-25T11:51:48","date_gmt":"2022-10-25T09:51:48","guid":{"rendered":"https:\/\/www.v-valley.com\/por-que-v-valley\/produttori\/"},"modified":"2024-03-19T11:47:02","modified_gmt":"2024-03-19T10:47:02","slug":"fabricantes","status":"publish","type":"page","link":"https:\/\/www.v-valley.com\/es\/por-que-v-valley\/fabricantes\/","title":{"rendered":"Fabricantes"},"content":{"rendered":"\n<h2>\n\t\tDESCUBRE LAS VENTAJAS DE CONVERTIRTE EN SOCIO DE V-VALLEY\n\t<\/h2>\n\t<p>Ser socio de V-Valley significa tener acceso a un grupo de m\u00e1s de 29.000 revendedores de tecnolog\u00eda, orientados tanto a empresas como a consumidores, en todos los segmentos del mercado. Proporcionamos a nuestros fabricantes el apoyo de especialistas en el campo t\u00e9cnico, pero tambi\u00e9n en ventas y marketing, para ayudarles a entender y a responder mejor a las necesidades del mercado.<\/p>\n\t\t\t\t<img loading=\"lazy\" decoding=\"async\" src=\"https:\/\/statics.v-valley.com\/prod\/2022\/11\/img-business.jpg\" alt=\"img-business\" itemprop=\"image\" height=\"536\" width=\"911\" title=\"img-business\" onerror=\"this.style.display='none'\"  \/>\n<h2>\n\t\tNUESTRAS PRINCIPALES VENTAJAS\n\t<\/h2>\n                        <img decoding=\"async\" src=\"https:\/\/statics.v-valley.com\/prod\/2022\/09\/ico-cerchio-lampadina.svg\" alt=\"Enfoque multicanal \" name=\"Enfoque multicanal \"\/>\n                                                <h4>Enfoque multicanal <\/h4>\n                                                    <p>Adoptamos un enfoque integral y multicanal, segmentando a clientes y productos en funci\u00f3n de las necesidades del negocio.<\/p>\n         <!-- end vvly card item -->\n                        <img decoding=\"async\" src=\"https:\/\/statics.v-valley.com\/prod\/2022\/10\/ico-cerchio-obiettivo.png\" alt=\"Apoyo estrat\u00e9gico\" name=\"Apoyo estrat\u00e9gico\"\/>\n                                                <h4>Apoyo estrat\u00e9gico<\/h4>\n                                                    <p>Dise\u00f1amos estrategias de comunicaci\u00f3n mediante herramientas digitales innovadoras para maximizar los resultados.<\/p>\n         <!-- end vvly card item -->\n                        <img decoding=\"async\" src=\"https:\/\/statics.v-valley.com\/prod\/2022\/10\/ico-cerchio-soldi.png\" alt=\"Soluciones XaaS (X-as-a-service)\" name=\"Soluciones XaaS (X-as-a-service)\"\/>\n                                                <h4>Soluciones XaaS (X-as-a-service)<\/h4>\n                                                    <p>Se puede pagar una cuota por la mejor tecnolog\u00eda disponible, obteniendo como ventajas la escalabilidad y la flexibilidad.<\/p>\n         <!-- end vvly card item -->\n                        <img decoding=\"async\" src=\"https:\/\/statics.v-valley.com\/prod\/2022\/10\/ico-cerchio-cartella.png\" alt=\"Cat\u00e1logo completo y cobertura del territorio\" name=\"Cat\u00e1logo completo y cobertura del territorio\"\/>\n                                                <h4>Cat\u00e1logo completo y cobertura del territorio<\/h4>\n                                                    <p>Una completa gama de productos y servicios digitales a los que se puede acceder a trav\u00e9s del comercio electr\u00f3nico, pero tambi\u00e9n a trav\u00e9s de puntos de venta f\u00edsicos para facilitar el encuentro con los vendedores.<\/p>\n         <!-- end vvly card item -->\n             <!-- end vvly cards with icon -->\n <!-- end cards-with-icon-container -->\n<style>\n    .vvly-cards-with-icon-container .vvly-cards-with-icon .vvly-card-item {\n        width: calc(100% \/4);\n    }\n<\/style>\n\t\t\t\t<img loading=\"lazy\" decoding=\"async\" src=\"https:\/\/statics.v-valley.com\/prod\/2022\/10\/img-cerchio-soluzioni-300x300.png\" alt=\"img-cerchio-soluzioni\" itemprop=\"image\" height=\"300\" width=\"300\" title=\"img-cerchio-soluzioni\" onerror=\"this.style.display='none'\"  \/>\n<h3>\n\t\tGENERACI\u00d3N DE DEMANDA POR MERCADOS\n\t<\/h3>\n\t<p>A trav\u00e9s de un equipo especializado y siempre a la \u00faltima, podemos ofrecer tus soluciones tecnol\u00f3gicas a revendedores de todo el pa\u00eds y ayudarte as\u00ed a captar nuevos clientes y a innovar en tu actividad.<\/p>\n\t\t\t<a href=\"https:\/\/www.v-valley.com\/es\/soluciones\/\" target=\"_self\" role=\"button\" rel=\"noopener\">\n\t\t\t\t\t\t\tDESCUBRE NUESTRAS SOLUCIONES\n\t\t\t\t\t<\/a>\n<h3>\n\t\tFORMACI\u00d3N CONTINUA Y EVENTOS\n\t<\/h3>\n\t<p>Ofrecemos a nuestros clientes formaci\u00f3n autorizada y certificada sobre la tecnolog\u00eda que utilizan, a trav\u00e9s de acuerdos con las principales empresas de formaci\u00f3n en el sector TIC. Tenemos formadores especializados y aulas dedicadas en exclusiva para la formaci\u00f3n.<\/p>\n\t\t\t\t<img loading=\"lazy\" decoding=\"async\" src=\"https:\/\/statics.v-valley.com\/prod\/2022\/10\/img-cerchio-evento-300x300.png\" alt=\"img-cerchio-evento\" itemprop=\"image\" height=\"300\" width=\"300\" title=\"img-cerchio-evento\" onerror=\"this.style.display='none'\"  \/>\n\t\t\t\t<img loading=\"lazy\" decoding=\"async\" src=\"https:\/\/statics.v-valley.com\/prod\/2022\/10\/img-cerchio-servizi-300x300.png\" alt=\"img-cerchio-servizi\" itemprop=\"image\" height=\"300\" width=\"300\" title=\"img-cerchio-servizi\" onerror=\"this.style.display='none'\"  \/>\n<h3>\n\t\tSERVICIOS PREVENTA Y POSVENTA\n\t<\/h3>\n\t<p>Ofrecemos un completo servicio preventa y posventa a cargo de profesionales extraordinariamente cualificados. Desarrolladores de negocio, t\u00e9cnicos preventa, comerciales y especialistas en marketing, te ayudar\u00e1n a satisfacer mejor las exigencias del mercado.<\/p>\n\t\t\t<a href=\"https:\/\/www.v-valley.com\/es\/servicios\/\" target=\"_self\" role=\"button\" rel=\"noopener\">\n\t\t\t\t\t\t\tDESCUBRE NUESTROS SERVICIOS\n\t\t\t\t\t<\/a>\n<h3>\n\t\tESTRATEGIA DIGITAL Y COBERTURA TERRITORIAL\n\t<\/h3>\n\t<p>Te ayudamos a crear las mejores estrategias de comunicaci\u00f3n digital para darte a conocer entre los clientes. Tenemos varios puntos de venta f\u00edsicos en los que pueden reunirse fabricantes y resellers y en los que ofrecemos sesiones de formaci\u00f3n especializada.<\/p>\n\t\t\t<a href=\"https:\/\/www.esprinet.com\/es\/contactos\/\" target=\"_self\" role=\"button\" rel=\"noopener\">\n\t\t\t\t\t\t\tContacto\n\t\t\t\t\t<\/a>\n\t\t\t\t<img loading=\"lazy\" decoding=\"async\" src=\"https:\/\/statics.v-valley.com\/prod\/2022\/10\/img-cerchio-digital-strategy-300x300.png\" alt=\"img-cerchio-digital-strategy\" itemprop=\"image\" height=\"300\" width=\"300\" title=\"img-cerchio-digital-strategy\" onerror=\"this.style.display='none'\"  \/>\n\t\t\t\t<img loading=\"lazy\" decoding=\"async\" src=\"https:\/\/statics.v-valley.com\/prod\/2022\/10\/img-contesto-internazionale-300x300.png\" alt=\"img-contesto-internazionale\" itemprop=\"image\" height=\"300\" width=\"300\" title=\"img-contesto-internazionale\" onerror=\"this.style.display='none'\"  \/>\n<h3>\n\t\tCONTEXTO INTERNACIONAL\n\t<\/h3>\n\t<p>V-Valley es el referente del mercado tecnol\u00f3gico de Advanced Solutions en todo el sur de Europa. Ofrece productos y servicios a trav\u00e9s de una red log\u00edstica con m\u00e1s de 174.000 m2 de almacenes en Italia, Espa\u00f1a y Portugal. Es un socio de confianza por su solidez financiera, su experiencia y su amplia cobertura territorial.<\/p>\n\n","protected":false},"excerpt":{"rendered":"<p>DESCUBRE LAS VENTAJAS DE CONVERTIRTE EN SOCIO DE V-VALLEY Ser socio de V-Valley significa tener acceso a un grupo de m\u00e1s de 29.000 revendedores de tecnolog\u00eda, orientados tanto a empresas como a consumidores, en todos los segmentos del mercado. Proporcionamos a nuestros fabricantes el apoyo de especialistas en el campo t\u00e9cnico, pero tambi\u00e9n en ventas [&hellip;]<\/p>\n","protected":false},"author":7,"featured_media":0,"parent":79429,"menu_order":0,"comment_status":"closed","ping_status":"closed","template":"templates\/template-simple.php","meta":{"_acf_changed":false,"_genesis_hide_title":false,"_genesis_hide_breadcrumbs":false,"_genesis_hide_singular_image":false,"_genesis_hide_footer_widgets":false,"_genesis_custom_body_class":"","_genesis_custom_post_class":"","_genesis_layout":"","footnotes":""},"class_list":{"0":"post-79458","1":"page","2":"type-page","3":"status-publish","5":"entry"},"acf":[],"_links":{"self":[{"href":"https:\/\/www.v-valley.com\/es\/wp-json\/wp\/v2\/pages\/79458","targetHints":{"allow":["GET"]}}],"collection":[{"href":"https:\/\/www.v-valley.com\/es\/wp-json\/wp\/v2\/pages"}],"about":[{"href":"https:\/\/www.v-valley.com\/es\/wp-json\/wp\/v2\/types\/page"}],"author":[{"embeddable":true,"href":"https:\/\/www.v-valley.com\/es\/wp-json\/wp\/v2\/users\/7"}],"replies":[{"embeddable":true,"href":"https:\/\/www.v-valley.com\/es\/wp-json\/wp\/v2\/comments?post=79458"}],"version-history":[{"count":0,"href":"https:\/\/www.v-valley.com\/es\/wp-json\/wp\/v2\/pages\/79458\/revisions"}],"up":[{"embeddable":true,"href":"https:\/\/www.v-valley.com\/es\/wp-json\/wp\/v2\/pages\/79429"}],"wp:attachment":[{"href":"https:\/\/www.v-valley.com\/es\/wp-json\/wp\/v2\/media?parent=79458"}],"curies":[{"name":"wp","href":"https:\/\/api.w.org\/{rel}","templated":true}]}}