{"id":79452,"date":"2022-09-27T14:55:41","date_gmt":"2022-09-27T12:55:41","guid":{"rendered":"https:\/\/www.v-valley.com\/por-que-v-valley\/rivenditori\/"},"modified":"2024-03-19T11:35:20","modified_gmt":"2024-03-19T10:35:20","slug":"distribuidores","status":"publish","type":"page","link":"https:\/\/www.v-valley.com\/es\/por-que-v-valley\/distribuidores\/","title":{"rendered":"Distribuidores"},"content":{"rendered":"\n<h2>\n\t\tDESCUBRE POR QU\u00c9 CONFIAR EN V-VALLEY PARA TUS PROYECTOS DE VALOR\n\t<\/h2>\n\t<p>V-Valley es el distribuidor de referencia del mercado de Advanced Solutions del sur de Europa que tiene un claro objetivo hacia sus clientes-resellers: enhancing your business, es decir, crear valor para su negocio. Para lograrlo, V-Valley recurre a las tecnolog\u00edas avanzadas de los principales fabricantes del sector. A partir de ellas, V-Valley propone herramientas, soluciones y servicios dise\u00f1ados para apoyar los proyectos de transformaci\u00f3n digital que sus clientes ofrecen a los usuarios finales. Al acompa\u00f1ar a los resellers en cada etapa de su proyecto, V-Valley les ayuda a desarrollar e impulsar nuevos negocios.<\/p>\n\t\t\t\t<img loading=\"lazy\" decoding=\"async\" src=\"https:\/\/statics.v-valley.com\/prod\/2022\/11\/img-nuovi-business.jpg\" alt=\"img-nuovi-business\" itemprop=\"image\" height=\"536\" width=\"911\" title=\"img-nuovi-business\" onerror=\"this.style.display='none'\"  \/>\n<h2>\n\t\tNUESTRAS PRINCIPALES VENTAJAS\n\t<\/h2>\n                        <img decoding=\"async\" src=\"https:\/\/statics.v-valley.com\/prod\/2022\/10\/ico-cerchio-e-commerce.png\" alt=\"e-commerce\" name=\"e-commerce\"\/>\n                                                <h4>e-commerce<\/h4>\n                                                    <p>Una cartera de m\u00e1s de 130.000 productos tecnol\u00f3gicos de m\u00e1s de 800 fabricantes en el que encontrar\u00e1s las mejores herramientas para aumentar las ventas.<\/p>\n         <!-- end vvly card item -->\n                        <img decoding=\"async\" src=\"https:\/\/statics.v-valley.com\/prod\/2022\/10\/ico-cerchio-cloud.png\" alt=\"Cloud Business\" name=\"Cloud Business\"\/>\n                                                <h4>Cloud Business<\/h4>\n                                                    <p>Una plataforma de Cloud Marketplace integrada simplifica enormemente el suministro de hardware, software y cualquier infraestructura.<\/p>\n         <!-- end vvly card item -->\n                        <img decoding=\"async\" src=\"https:\/\/statics.v-valley.com\/prod\/2022\/10\/ico-cerchio-cartella.png\" alt=\"Servicios \" name=\"Servicios \"\/>\n                                                <h4>Servicios <\/h4>\n                                                    <p>Puedes ampliar tu negocio con una completa gama de servicios financieros, comerciales, log\u00edsticos y de posventa. <\/p>\n         <!-- end vvly card item -->\n                        <img decoding=\"async\" src=\"https:\/\/statics.v-valley.com\/prod\/2022\/10\/icona-cerchio-posizione.png\" alt=\"Presencia territorial\" name=\"Presencia territorial\"\/>\n                                                <h4>Presencia territorial<\/h4>\n                                                    <p>En los puntos de venta f\u00edsicos se exponen los productos listos para la entrega y se puede contar con el apoyo de personal especializado.<\/p>\n         <!-- end vvly card item -->\n             <!-- end vvly cards with icon -->\n <!-- end cards-with-icon-container -->\n<style>\n    .vvly-cards-with-icon-container .vvly-cards-with-icon .vvly-card-item {\n        width: calc(100% \/4);\n    }\n<\/style>\n\t\t\t\t<img loading=\"lazy\" decoding=\"async\" src=\"https:\/\/statics.v-valley.com\/prod\/2022\/10\/img-cerchio-soluzioni-300x300.png\" alt=\"img-cerchio-soluzioni\" itemprop=\"image\" height=\"300\" width=\"300\" title=\"img-cerchio-soluzioni\" onerror=\"this.style.display='none'\"  \/>\n<h3>\n\t\tCOMPLETO PORTFOLIO DE SOLUCIONES\n\t<\/h3>\n\t<p>Proponemos la soluci\u00f3n ideal para cada necesidad corporativa: desde las tecnolog\u00edas m\u00e1s avanzadas, hasta las opciones m\u00e1s sencillas. V-Valley ofrece las \u00faltimas novedades del mercado, as\u00ed como una experiencia de m\u00e1s de 20 a\u00f1os con los mejores fabricantes del sector. <\/p>\n\t\t\t<a href=\"https:\/\/www.v-valley.com\/es\/soluciones\/\" target=\"_self\" role=\"button\" rel=\"noopener\">\n\t\t\t\t\t\t\tDescubre nuestras soluciones \n\t\t\t\t\t<\/a>\n<h3>\n\t\tFORMACI\u00d3N Y EVENTOS\n\t<\/h3>\n\t<p>Un amplio cat\u00e1logo de eventos y cursos de formaci\u00f3n en el campo TIC para que tus clientes aprendan a utilizar las \u00faltimas tecnolog\u00edas del mercado con la ayuda de formadores especializados. Amplias posibilidades de personalizaci\u00f3n de los cursos para satisfacer las necesidades concretas de cada empresa.<\/p>\n\t\t\t\t<img loading=\"lazy\" decoding=\"async\" src=\"https:\/\/statics.v-valley.com\/prod\/2022\/10\/img-cerchio-evento-300x300.png\" alt=\"img-cerchio-evento\" itemprop=\"image\" height=\"300\" width=\"300\" title=\"img-cerchio-evento\" onerror=\"this.style.display='none'\"  \/>\n\t\t\t\t<img loading=\"lazy\" decoding=\"async\" src=\"https:\/\/statics.v-valley.com\/prod\/2022\/10\/img-cerchio-servizi-300x300.png\" alt=\"img-cerchio-servizi\" itemprop=\"image\" height=\"300\" width=\"300\" title=\"img-cerchio-servizi\" onerror=\"this.style.display='none'\"  \/>\n<h3>\n\t\tSERVICIOS PREVENTA Y POSVENTA\n\t<\/h3>\n\t<p>Ofrecemos una extensa gama de servicios totalmente personalizables para ayudar a las empresas tanto antes, como despu\u00e9s de la venta. Nuestro objetivo es ayudarte a tomar la mejor decisi\u00f3n para tu negocio: un equipo dedicado y especializado estar\u00e1 a tu lado en todo momento.<\/p>\n\t\t\t<a href=\"https:\/\/www.v-valley.com\/es\/servicios\/\" target=\"_self\" role=\"button\" rel=\"noopener\">\n\t\t\t\t\t\t\tDESCUBRE NUESTROS SERVICIOS\n\t\t\t\t\t<\/a>\n<h3>\n\t\tCERTIFICACIONES\n\t<\/h3>\n\t<p><strong>V-Valley Academy<\/strong> es un centro de formaci\u00f3n autorizado por los principales fabricantes del sector, en el que podr\u00e1s obtener las certificaciones necesarias para utilizar las tecnolog\u00edas m\u00e1s punteras y ofrecer una formaci\u00f3n completa a tus clientes.<\/p>\n\t\t\t\t<img loading=\"lazy\" decoding=\"async\" src=\"https:\/\/statics.v-valley.com\/prod\/2022\/10\/img-cerchio-formazione-300x300.png\" alt=\"img-cerchio-formazione\" itemprop=\"image\" height=\"300\" width=\"300\" title=\"img-cerchio-formazione\" onerror=\"this.style.display='none'\"  \/>\n\t\t\t\t<img loading=\"lazy\" decoding=\"async\" src=\"https:\/\/statics.v-valley.com\/prod\/2022\/10\/img-cerchio-consulenza-300x300.png\" alt=\"img-cerchio-consulenza\" itemprop=\"image\" height=\"300\" width=\"300\" title=\"img-cerchio-consulenza\" onerror=\"this.style.display='none'\"  \/>\n<h3>\n\t\tASESORAMIENTO A MEDIDA\n\t<\/h3>\n\t<p>Ponemos a tu disposici\u00f3n un equipo humano totalmente especializado que puede ofrecerte soluciones personalizadas, adaptadas a los requisitos de tus clientes. Las nuevas necesidades nos empujan a crear nuevas herramientas de soporte, tanto comerciales como t\u00e9cnicas. <\/p>\n\n","protected":false},"excerpt":{"rendered":"<p>DESCUBRE POR QU\u00c9 CONFIAR EN V-VALLEY PARA TUS PROYECTOS DE VALOR V-Valley es el distribuidor de referencia del mercado de Advanced Solutions del sur de Europa que tiene un claro objetivo hacia sus clientes-resellers: enhancing your business, es decir, crear valor para su negocio. Para lograrlo, V-Valley recurre a las tecnolog\u00edas avanzadas de los principales [&hellip;]<\/p>\n","protected":false},"author":7,"featured_media":0,"parent":79429,"menu_order":0,"comment_status":"closed","ping_status":"closed","template":"templates\/template-simple.php","meta":{"_acf_changed":false,"_genesis_hide_title":false,"_genesis_hide_breadcrumbs":false,"_genesis_hide_singular_image":false,"_genesis_hide_footer_widgets":false,"_genesis_custom_body_class":"","_genesis_custom_post_class":"","_genesis_layout":"","footnotes":""},"class_list":{"0":"post-79452","1":"page","2":"type-page","3":"status-publish","5":"entry"},"acf":[],"_links":{"self":[{"href":"https:\/\/www.v-valley.com\/es\/wp-json\/wp\/v2\/pages\/79452","targetHints":{"allow":["GET"]}}],"collection":[{"href":"https:\/\/www.v-valley.com\/es\/wp-json\/wp\/v2\/pages"}],"about":[{"href":"https:\/\/www.v-valley.com\/es\/wp-json\/wp\/v2\/types\/page"}],"author":[{"embeddable":true,"href":"https:\/\/www.v-valley.com\/es\/wp-json\/wp\/v2\/users\/7"}],"replies":[{"embeddable":true,"href":"https:\/\/www.v-valley.com\/es\/wp-json\/wp\/v2\/comments?post=79452"}],"version-history":[{"count":0,"href":"https:\/\/www.v-valley.com\/es\/wp-json\/wp\/v2\/pages\/79452\/revisions"}],"up":[{"embeddable":true,"href":"https:\/\/www.v-valley.com\/es\/wp-json\/wp\/v2\/pages\/79429"}],"wp:attachment":[{"href":"https:\/\/www.v-valley.com\/es\/wp-json\/wp\/v2\/media?parent=79452"}],"curies":[{"name":"wp","href":"https:\/\/api.w.org\/{rel}","templated":true}]}}