{"id":79400,"date":"2022-09-28T14:48:41","date_gmt":"2022-09-28T12:48:41","guid":{"rendered":"https:\/\/www.v-valley.com\/home\/"},"modified":"2023-07-03T09:36:24","modified_gmt":"2023-07-03T07:36:24","slug":"home","status":"publish","type":"page","link":"https:\/\/www.v-valley.com\/es\/","title":{"rendered":"Home"},"content":{"rendered":"\n\n\t<p>V-Valley est\u00e1 formado por todo un ecosistema de productos, conocimientos t\u00e9cnicos, comerciales y servicios que nos permiten realizar, junto a nuestros clientes, ofertas y proyectos a medida, basados en tecnolog\u00edas complejas, o Advanced Solutions. <\/p>\n                    <h2>Descubre nuestras soluciones<\/h2>\n                    <ul>\n                                                    <li data-item-id=\"0\">\n                                <a href=\"#\">\n                                                                            <img decoding=\"async\" src=\"https:\/\/statics.v-valley.com\/prod\/2022\/09\/ico-cerchio-cloud.svg\" alt=\"Cloud\" name=\"Cloud\" \/>\n                                                                                                                Cloud\n                                                                    <\/a>\n                            <\/li>\n                            <li data-item-id=\"0\">\n                                <a data-toggle=\"collapse\" href=\"#vvly-hhib-item-0-collapse\" role=\"button\" aria-expanded=\"false\" aria-controls=\"vvly-hhib-item-0-collapse\">\n                                                                            <img decoding=\"async\" src=\"https:\/\/statics.v-valley.com\/prod\/2022\/09\/ico-cerchio-cloud.svg\" alt=\"Cloud\" name=\"Cloud\" \/>\n                                                                                                                Cloud\n                                                                    <\/a>\n                                                                            <p>Soluciones Cloud en diversos \u00e1mbitos y adaptadas a cualquier necesidad a trav\u00e9s del Cloud Marketplace, para que ampl\u00edes tu oferta de servicios de forma, r\u00e1pida y eficiente, sin incurrir en los enormes costes de las infraestructuras tecnol\u00f3gicas.<\/p>\n                                                                                                                <a href=\"https:\/\/www.v-valley.com\/es\/soluciones\/cloud\/\">\n                                            M\u00e1s informaci\u00f3n                                         <\/a>\n                            <\/li>\n                                                    <li data-item-id=\"1\">\n                                <a href=\"#\">\n                                                                            <img decoding=\"async\" src=\"https:\/\/statics.v-valley.com\/prod\/2022\/09\/ico-cerchio-cyber.svg\" alt=\"Ciberseguridad\" name=\"Ciberseguridad\" \/>\n                                                                                                                Ciberseguridad\n                                                                    <\/a>\n                            <\/li>\n                            <li data-item-id=\"1\">\n                                <a data-toggle=\"collapse\" href=\"#vvly-hhib-item-1-collapse\" role=\"button\" aria-expanded=\"false\" aria-controls=\"vvly-hhib-item-1-collapse\">\n                                                                            <img decoding=\"async\" src=\"https:\/\/statics.v-valley.com\/prod\/2022\/09\/ico-cerchio-cyber.svg\" alt=\"Ciberseguridad\" name=\"Ciberseguridad\" \/>\n                                                                                                                Ciberseguridad\n                                                                    <\/a>\n                                                                            <p>Amplia gama de productos y servicios, siempre actualizados, para garantizar la seguridad inform\u00e1tica de los datos y dispositivos de nuestros clientes y que se pueden personalizar seg\u00fan su modelo de negocio.<\/p>\n                                                                                                                <a href=\"https:\/\/www.v-valley.com\/es\/soluciones\/ciberseguridad\/\">\n                                            M\u00e1s informaci\u00f3n                                         <\/a>\n                            <\/li>\n                                                    <li data-item-id=\"2\">\n                                <a href=\"#\">\n                                                                            <img decoding=\"async\" src=\"https:\/\/statics.v-valley.com\/prod\/2022\/10\/ico-cerchio-cavo.png\" alt=\"Cableado y eficiencia energ\u00e9tica\" name=\"Cableado y eficiencia energ\u00e9tica\" \/>\n                                                                                                                Cableado y eficiencia energ\u00e9tica\n                                                                    <\/a>\n                            <\/li>\n                            <li data-item-id=\"2\">\n                                <a data-toggle=\"collapse\" href=\"#vvly-hhib-item-2-collapse\" role=\"button\" aria-expanded=\"false\" aria-controls=\"vvly-hhib-item-2-collapse\">\n                                                                            <img decoding=\"async\" src=\"https:\/\/statics.v-valley.com\/prod\/2022\/10\/ico-cerchio-cavo.png\" alt=\"Cableado y eficiencia energ\u00e9tica\" name=\"Cableado y eficiencia energ\u00e9tica\" \/>\n                                                                                                                Cableado y eficiencia energ\u00e9tica\n                                                                    <\/a>\n                                                                            <p>Soluciones de conectividad tecnol\u00f3gicamente avanzadas y servicios de instalaci\u00f3n especialmente orientados hacia la eficiencia energ\u00e9tica y el ahorro de recursos.<\/p>\n                                                                                                                <a href=\"https:\/\/www.v-valley.com\/es\/soluciones\/cableado-y-eficiencia-energetica\/\">\n                                            M\u00e1s informaci\u00f3n                                        <\/a>\n                            <\/li>\n                                                    <li data-item-id=\"3\">\n                                <a href=\"#\">\n                                                                            <img decoding=\"async\" src=\"https:\/\/statics.v-valley.com\/prod\/2022\/09\/ico-cerchio-infrastruttura.svg\" alt=\"Infraestructura de Centros de Datos\" name=\"Infraestructura de Centros de Datos\" \/>\n                                                                                                                Infraestructura de Centros de Datos\n                                                                    <\/a>\n                            <\/li>\n                            <li data-item-id=\"3\">\n                                <a data-toggle=\"collapse\" href=\"#vvly-hhib-item-3-collapse\" role=\"button\" aria-expanded=\"false\" aria-controls=\"vvly-hhib-item-3-collapse\">\n                                                                            <img decoding=\"async\" src=\"https:\/\/statics.v-valley.com\/prod\/2022\/09\/ico-cerchio-infrastruttura.svg\" alt=\"Infraestructura de Centros de Datos\" name=\"Infraestructura de Centros de Datos\" \/>\n                                                                                                                Infraestructura de Centros de Datos\n                                                                    <\/a>\n                                                                            <p>Infraestructura de TI y centros de datos, seguros y de alto rendimiento, optimizados para diferentes cargas de trabajo y complejidad de aplicaciones.<\/p>\n                                                                                                                <a href=\"https:\/\/www.v-valley.com\/es\/soluciones\/infraestructura-centros-de-datos\/\">\n                                            M\u00e1s informaci\u00f3n                                         <\/a>\n                            <\/li>\n                                                    <li data-item-id=\"4\">\n                                <a href=\"#\">\n                                                                            <img decoding=\"async\" src=\"https:\/\/statics.v-valley.com\/prod\/2022\/09\/ico-cerchio-cabling.svg\" alt=\"Redes\" name=\"Redes\" \/>\n                                                                                                                Redes\n                                                                    <\/a>\n                            <\/li>\n                            <li data-item-id=\"4\">\n                                <a data-toggle=\"collapse\" href=\"#vvly-hhib-item-4-collapse\" role=\"button\" aria-expanded=\"false\" aria-controls=\"vvly-hhib-item-4-collapse\">\n                                                                            <img decoding=\"async\" src=\"https:\/\/statics.v-valley.com\/prod\/2022\/09\/ico-cerchio-cabling.svg\" alt=\"Redes\" name=\"Redes\" \/>\n                                                                                                                Redes\n                                                                    <\/a>\n                                                                            <p>Redes corporativas y dom\u00e9sticas con todo tipo de accesorios y dispositivos para la instalaci\u00f3n e integraci\u00f3n de WLAN corporativas: todo un mundo de soluciones interconectadas. Ponemos una tecnolog\u00eda de gran valor al alcance de las empresas locales.<\/p>\n                                                                                                                <a href=\"https:\/\/www.v-valley.com\/es\/soluciones\/infraestructura-de-redes-y-conectividad\/\">\n                                            M\u00e1s informaci\u00f3n                                         <\/a>\n                            <\/li>\n                                                    <li data-item-id=\"5\">\n                                <a href=\"#\">\n                                                                            <img decoding=\"async\" src=\"https:\/\/statics.v-valley.com\/prod\/2022\/10\/ico-cerchio-data-management.png\" alt=\"Software Defined y gesti\u00f3n de datos\" name=\"Software Defined y gesti\u00f3n de datos\" \/>\n                                                                                                                Software Defined y gesti\u00f3n de datos\n                                                                    <\/a>\n                            <\/li>\n                            <li data-item-id=\"5\">\n                                <a data-toggle=\"collapse\" href=\"#vvly-hhib-item-5-collapse\" role=\"button\" aria-expanded=\"false\" aria-controls=\"vvly-hhib-item-5-collapse\">\n                                                                            <img decoding=\"async\" src=\"https:\/\/statics.v-valley.com\/prod\/2022\/10\/ico-cerchio-data-management.png\" alt=\"Software Defined y gesti\u00f3n de datos\" name=\"Software Defined y gesti\u00f3n de datos\" \/>\n                                                                                                                Software Defined y gesti\u00f3n de datos\n                                                                    <\/a>\n                                                                            <p>La mejor selecci\u00f3n de software de gesti\u00f3n de datos por cat\u00e1logo, sumada a nuestra experiencia, te ayudar\u00e1 a implantar la infraestructura de software m\u00e1s adecuada para las necesidades de tu organizaci\u00f3n. <\/p>\n                                                                                                                <a href=\"https:\/\/www.v-valley.com\/es\/soluciones\/redes-definidas-por-software-y-gestion-de-datos\/\">\n                                            M\u00e1s informaci\u00f3n                                         <\/a>\n                            <\/li>\n                                                    <li data-item-id=\"6\">\n                                <a href=\"#\">\n                                                                            <img decoding=\"async\" src=\"https:\/\/statics.v-valley.com\/prod\/2022\/10\/ico-cerchio-UCC.png\" alt=\"Comunicaciones unificadas y colaboraci\u00f3n\" name=\"Comunicaciones unificadas y colaboraci\u00f3n\" \/>\n                                                                                                                Comunicaciones unificadas y colaboraci\u00f3n\n                                                                    <\/a>\n                            <\/li>\n                            <li data-item-id=\"6\">\n                                <a data-toggle=\"collapse\" href=\"#vvly-hhib-item-6-collapse\" role=\"button\" aria-expanded=\"false\" aria-controls=\"vvly-hhib-item-6-collapse\">\n                                                                            <img decoding=\"async\" src=\"https:\/\/statics.v-valley.com\/prod\/2022\/10\/ico-cerchio-UCC.png\" alt=\"Comunicaciones unificadas y colaboraci\u00f3n\" name=\"Comunicaciones unificadas y colaboraci\u00f3n\" \/>\n                                                                                                                Comunicaciones unificadas y colaboraci\u00f3n\n                                                                    <\/a>\n                                                                            <p>Sistemas de comunicaci\u00f3n y colaboraci\u00f3n para tus clientes, desde redes telef\u00f3nicas internas, hasta soluciones innovadoras para el trabajo a distancia y el trabajo inteligente, en una \u00fanica estructura integrada.<\/p>\n                                                                                                                <a href=\"https:\/\/www.v-valley.com\/es\/soluciones\/comunicaciones-unificadas-y-colaboracion\/\">\n                                            M\u00e1s informaci\u00f3n                                         <\/a>\n                            <\/li>\n                                                    <li data-item-id=\"7\">\n                                <a href=\"#\">\n                                                                            <img decoding=\"async\" src=\"https:\/\/statics.v-valley.com\/prod\/2022\/09\/ico-cerchio-videosorveglianza.svg\" alt=\"Videovigilancia\" name=\"Videovigilancia\" \/>\n                                                                                                                Videovigilancia\n                                                                    <\/a>\n                            <\/li>\n                            <li data-item-id=\"7\">\n                                <a data-toggle=\"collapse\" href=\"#vvly-hhib-item-7-collapse\" role=\"button\" aria-expanded=\"false\" aria-controls=\"vvly-hhib-item-7-collapse\">\n                                                                            <img decoding=\"async\" src=\"https:\/\/statics.v-valley.com\/prod\/2022\/09\/ico-cerchio-videosorveglianza.svg\" alt=\"Videovigilancia\" name=\"Videovigilancia\" \/>\n                                                                                                                Videovigilancia\n                                                                    <\/a>\n                                                                            <p>Somos l\u00edderes en la distribuci\u00f3n de dispositivos de videovigilancia y control de accesos, tanto anal\u00f3gicos como digitales, para entornos industriales, comerciales y residenciales.<\/p>\n                                                                                                                <a href=\"https:\/\/www.v-valley.com\/es\/soluciones\/videovigilancia\/\">\n                                            M\u00e1s informaci\u00f3n                                         <\/a>\n                            <\/li>\n                                            <\/ul>\n                                                    <p>Soluciones Cloud en diversos \u00e1mbitos y adaptadas a cualquier necesidad a trav\u00e9s del Cloud Marketplace, para que ampl\u00edes tu oferta de servicios de forma, r\u00e1pida y eficiente, sin incurrir en los enormes costes de las infraestructuras tecnol\u00f3gicas.<\/p>\n                                                                            <a href=\"https:\/\/www.v-valley.com\/es\/soluciones\/cloud\/\">\n                                M\u00e1s informaci\u00f3n                             <\/a>\n                                                    <p>Amplia gama de productos y servicios, siempre actualizados, para garantizar la seguridad inform\u00e1tica de los datos y dispositivos de nuestros clientes y que se pueden personalizar seg\u00fan su modelo de negocio.<\/p>\n                                                                            <a href=\"https:\/\/www.v-valley.com\/es\/soluciones\/ciberseguridad\/\">\n                                M\u00e1s informaci\u00f3n                             <\/a>\n                                                    <p>Soluciones de conectividad tecnol\u00f3gicamente avanzadas y servicios de instalaci\u00f3n especialmente orientados hacia la eficiencia energ\u00e9tica y el ahorro de recursos.<\/p>\n                                                                            <a href=\"https:\/\/www.v-valley.com\/es\/soluciones\/cableado-y-eficiencia-energetica\/\">\n                                M\u00e1s informaci\u00f3n                            <\/a>\n                                                    <p>Infraestructura de TI y centros de datos, seguros y de alto rendimiento, optimizados para diferentes cargas de trabajo y complejidad de aplicaciones.<\/p>\n                                                                            <a href=\"https:\/\/www.v-valley.com\/es\/soluciones\/infraestructura-centros-de-datos\/\">\n                                M\u00e1s informaci\u00f3n                             <\/a>\n                                                    <p>Redes corporativas y dom\u00e9sticas con todo tipo de accesorios y dispositivos para la instalaci\u00f3n e integraci\u00f3n de WLAN corporativas: todo un mundo de soluciones interconectadas. Ponemos una tecnolog\u00eda de gran valor al alcance de las empresas locales.<\/p>\n                                                                            <a href=\"https:\/\/www.v-valley.com\/es\/soluciones\/infraestructura-de-redes-y-conectividad\/\">\n                                M\u00e1s informaci\u00f3n                             <\/a>\n                                                    <p>La mejor selecci\u00f3n de software de gesti\u00f3n de datos por cat\u00e1logo, sumada a nuestra experiencia, te ayudar\u00e1 a implantar la infraestructura de software m\u00e1s adecuada para las necesidades de tu organizaci\u00f3n. <\/p>\n                                                                            <a href=\"https:\/\/www.v-valley.com\/es\/soluciones\/redes-definidas-por-software-y-gestion-de-datos\/\">\n                                M\u00e1s informaci\u00f3n                             <\/a>\n                                                    <p>Sistemas de comunicaci\u00f3n y colaboraci\u00f3n para tus clientes, desde redes telef\u00f3nicas internas, hasta soluciones innovadoras para el trabajo a distancia y el trabajo inteligente, en una \u00fanica estructura integrada.<\/p>\n                                                                            <a href=\"https:\/\/www.v-valley.com\/es\/soluciones\/comunicaciones-unificadas-y-colaboracion\/\">\n                                M\u00e1s informaci\u00f3n                             <\/a>\n                                                    <p>Somos l\u00edderes en la distribuci\u00f3n de dispositivos de videovigilancia y control de accesos, tanto anal\u00f3gicos como digitales, para entornos industriales, comerciales y residenciales.<\/p>\n                                                                            <a href=\"https:\/\/www.v-valley.com\/es\/soluciones\/videovigilancia\/\">\n                                M\u00e1s informaci\u00f3n                             <\/a>\n\t<p>EL GRUPO<\/p>\n<h3>\n\t\tLA SEGURIDAD Y LA EXPERIENCIA DEL GRUPO ESPRINET NOS AVALAN\n\t<\/h3>\n\t\t\t<a href=\"https:\/\/www.v-valley.com\/es\/group\/\" target=\"_self\" role=\"button\" rel=\"noopener\">\n\t\t\t\t\t\t\tM\u00e1s informaci\u00f3n\n\t\t\t\t\t<\/a>\n            <img decoding=\"async\" src=\"https:\/\/statics.v-valley.com\/prod\/2022\/10\/homepage-img-rivenditori.jpg\" alt=\"Productos, soluciones y servicios en un cat\u00e1logo que cubre todas las necesidades de tus clientes\" name=\"Productos, soluciones y servicios en un cat\u00e1logo que cubre todas las necesidades de tus clientes\"\/>\n                Ventajas para DISTRIBUIDORES\n                <h4>Productos, soluciones y servicios en un cat\u00e1logo que cubre todas las necesidades de tus clientes<\/h4>\n                <a href=\"https:\/\/www.v-valley.com\/es\/por-que-v-valley\/revendedores\/\"><\/a>\n            <img decoding=\"async\" src=\"https:\/\/statics.v-valley.com\/prod\/2022\/10\/homepage-img-produttori.jpg\" alt=\"Una red de m\u00e1s de 31.000 revendedores en todo el pa\u00eds para el crecimiento de su negocio\" name=\"Una red de m\u00e1s de 31.000 revendedores en todo el pa\u00eds para el crecimiento de su negocio\"\/>\n                Ventajas para fabricantes\n                <h4>Una red de m\u00e1s de 31.000 revendedores en todo el pa\u00eds para el crecimiento de su negocio<\/h4>\n                <a href=\"https:\/\/www.v-valley.com\/es\/por-que-v-valley\/fabricantes\/\"><\/a>\n            <img decoding=\"async\" src=\"https:\/\/statics.v-valley.com\/prod\/2022\/10\/homepage-img-end-user.jpg\" alt=\"Los mejores productos, servicios e iniciativas de formaci\u00f3n profesional\" name=\"Los mejores productos, servicios e iniciativas de formaci\u00f3n profesional\"\/>\n                Ventajas para USUARIOS FINALES\n                <h4>Los mejores productos, servicios e iniciativas de formaci\u00f3n profesional<\/h4>\n                <a href=\"https:\/\/www.v-valley.com\/es\/por-que-v-valley\/usuario\/\"><\/a>\n             <!-- end vvly images with text -->\n <!-- end images with text container -->\n<style>\n    .vvly-images-with-text-container .vvly-images-with-text .vvly-image-with-text {\n        width: calc((100% - 10px) \/3);\n    }\n<\/style>\n<h4>\n\t\tMANTENG\u00c1MONOS EN CONTACTO\n\t<\/h4>\n\t\t\t\t<img loading=\"lazy\" decoding=\"async\" src=\"https:\/\/statics.v-valley.com\/prod\/2022\/09\/ico-cerchio-lampadina.svg\" alt=\"ico-cerchio-lampadina\" itemprop=\"image\" height=\"90\" width=\"90\" title=\"ico-cerchio-lampadina\" onerror=\"this.style.display='none'\"  \/>\n<h5>\n\t\t\u00bfQuieres ser nuestro cliente?\n\t<\/h5>\n\t<p>Te ofrecemos una completa gama de productos y soluciones tecnol\u00f3gicas de los fabricantes m\u00e1s importantes del mercado.<\/p>\n\t\t\t<a href=\"https:\/\/register.v-valley.com\/es\/vvalley\" target=\"_blank\" role=\"button\" rel=\"noopener\">\n\t\t\t\t\t\t\tReg\u00edstrate aqu\u00ed\n\t\t\t\t\t<\/a>\n\t\t\t\t<img loading=\"lazy\" decoding=\"async\" src=\"https:\/\/statics.v-valley.com\/prod\/2022\/09\/ico-cerchio-mani.svg\" alt=\"ico-cerchio-mani\" itemprop=\"image\" height=\"90\" width=\"90\" title=\"ico-cerchio-mani\" onerror=\"this.style.display='none'\"  \/>\n<h5>\n\t\t\u00bfEres un fabricante o un posible partner?\n\t<\/h5>\n\t<p>Puedes ver c\u00f3mo crece tu negocio a trav\u00e9s de nuestra amplia red de resellers.<\/p>\n\t\t\t<a href=\"https:\/\/www.v-valley.com\/es\/contactos\/\" target=\"_self\" role=\"button\" rel=\"noopener\">\n\t\t\t\t\t\t\tEnv\u00eda tu propuesta \n\t\t\t\t\t<\/a>\n\n","protected":false},"excerpt":{"rendered":"<p>V-Valley est\u00e1 formado por todo un ecosistema de productos, conocimientos t\u00e9cnicos, comerciales y servicios que nos permiten realizar, junto a nuestros clientes, ofertas y proyectos a medida, basados en tecnolog\u00edas complejas, o Advanced Solutions. Descubre nuestras soluciones Cloud Cloud Soluciones Cloud en diversos \u00e1mbitos y adaptadas a cualquier necesidad a trav\u00e9s del Cloud Marketplace, para [&hellip;]<\/p>\n","protected":false},"author":7,"featured_media":0,"parent":0,"menu_order":0,"comment_status":"closed","ping_status":"closed","template":"templates\/template-home.php","meta":{"_acf_changed":false,"_genesis_hide_title":false,"_genesis_hide_breadcrumbs":false,"_genesis_hide_singular_image":false,"_genesis_hide_footer_widgets":false,"_genesis_custom_body_class":"","_genesis_custom_post_class":"","_genesis_layout":"","footnotes":""},"class_list":{"0":"post-79400","1":"page","2":"type-page","3":"status-publish","5":"entry"},"acf":[],"_links":{"self":[{"href":"https:\/\/www.v-valley.com\/es\/wp-json\/wp\/v2\/pages\/79400","targetHints":{"allow":["GET"]}}],"collection":[{"href":"https:\/\/www.v-valley.com\/es\/wp-json\/wp\/v2\/pages"}],"about":[{"href":"https:\/\/www.v-valley.com\/es\/wp-json\/wp\/v2\/types\/page"}],"author":[{"embeddable":true,"href":"https:\/\/www.v-valley.com\/es\/wp-json\/wp\/v2\/users\/7"}],"replies":[{"embeddable":true,"href":"https:\/\/www.v-valley.com\/es\/wp-json\/wp\/v2\/comments?post=79400"}],"version-history":[{"count":0,"href":"https:\/\/www.v-valley.com\/es\/wp-json\/wp\/v2\/pages\/79400\/revisions"}],"wp:attachment":[{"href":"https:\/\/www.v-valley.com\/es\/wp-json\/wp\/v2\/media?parent=79400"}],"curies":[{"name":"wp","href":"https:\/\/api.w.org\/{rel}","templated":true}]}}