{"id":626338,"date":"2026-05-05T10:23:42","date_gmt":"2026-05-05T08:23:42","guid":{"rendered":"https:\/\/www.v-valley.com\/?page_id=626338"},"modified":"2026-05-05T10:26:48","modified_gmt":"2026-05-05T08:26:48","slug":"hornetsecurity-by-proofpoint","status":"publish","type":"page","link":"https:\/\/www.v-valley.com\/es\/vendor\/hornetsecurity-by-proofpoint\/","title":{"rendered":"Hornetsecurity by Proofpoint"},"content":{"rendered":"\n<figure itemscope itemtype=\"https:\/\/schema.org\/ImageObject\">\n\t\t\t\t<img decoding=\"async\" src=\"https:\/\/statics.v-valley.com\/prod\/2023\/02\/logo_hornetsecurity-1.gif\" alt=\"logo_hornetsecurity\" height=\"55\" width=\"140\" title=\"logo_hornetsecurity\" onerror=\"this.style.display='none'\" loading=\"lazy\" \/>\n\t<\/figure>\n<h2>\n\t\t\t\u00bfQUI\u00c9N ES HORNETSECURITY BY PROOFPOINT?\t<\/h2>\n\t<p>Hornetsecurity by Proofpoint es la unidad de negocio de Proofpoint que comercializa la suite de productos de Hornetsecurity para proveedores de servicios gestionados (MSP) y peque\u00f1as y medianas empresas (PYMES).<\/p>\n<p>Ofrece soluciones de seguridad, cumplimiento normativo, backup y concienciaci\u00f3n sobre seguridad de \u00faltima generaci\u00f3n, basadas en la nube y que ayuda a empresas y organizaciones de todos los tama\u00f1os en todo el mundo.<\/p>\n<h2>\n\t\t\tLOS PRODUCTOS DE HORNETSECURITY BY PROOFPOINT\t<\/h2>\n\t<p>Su producto estrella, 365 Total Protection, es la soluci\u00f3n de seguridad en la nube para Microsoft 365 m\u00e1s completa del mercado.<\/p>\n<p>Impulsada por la innovaci\u00f3n y la excelencia en ciberseguridad, Hornetsecurity trabaja para construir un futuro digital m\u00e1s seguro y fomentar una cultura de seguridad sostenible gracias a su galardonado porfolio.<\/p>\n<p>Hornetsecurity opera en m\u00e1s de 120 pa\u00edses a trav\u00e9s de su red internacional de distribuci\u00f3n formada por m\u00e1s de 12.000 partners y MSPs.<\/p>\n<p>Sus servicios premium son utilizados por m\u00e1s de 125.000 clientes.<\/p>\n\t<p><strong>Para m\u00e1s informaci\u00f3n <\/strong><a href=\"www.hornetsecurity.com\"><strong>www.hornetsecurity.com<\/strong><\/a><\/p>\n\n","protected":false},"excerpt":{"rendered":"<p>\u00bfQUI\u00c9N ES HORNETSECURITY BY PROOFPOINT? Hornetsecurity by Proofpoint es la unidad de negocio de Proofpoint que comercializa la suite de productos de Hornetsecurity para proveedores de servicios gestionados (MSP) y peque\u00f1as y medianas empresas (PYMES). Ofrece soluciones de seguridad, cumplimiento normativo, backup y concienciaci\u00f3n sobre seguridad de \u00faltima generaci\u00f3n, basadas en la nube y que [&hellip;]<\/p>\n","protected":false},"author":6,"featured_media":0,"parent":79554,"menu_order":0,"comment_status":"closed","ping_status":"closed","template":"templates\/template-vendor-category.php","meta":{"_acf_changed":false,"_genesis_hide_title":false,"_genesis_hide_breadcrumbs":false,"_genesis_hide_singular_image":false,"_genesis_hide_footer_widgets":false,"_genesis_custom_body_class":"","_genesis_custom_post_class":"","_genesis_layout":"","footnotes":""},"class_list":{"0":"post-626338","1":"page","2":"type-page","3":"status-publish","5":"entry"},"acf":[],"_links":{"self":[{"href":"https:\/\/www.v-valley.com\/es\/wp-json\/wp\/v2\/pages\/626338","targetHints":{"allow":["GET"]}}],"collection":[{"href":"https:\/\/www.v-valley.com\/es\/wp-json\/wp\/v2\/pages"}],"about":[{"href":"https:\/\/www.v-valley.com\/es\/wp-json\/wp\/v2\/types\/page"}],"author":[{"embeddable":true,"href":"https:\/\/www.v-valley.com\/es\/wp-json\/wp\/v2\/users\/6"}],"replies":[{"embeddable":true,"href":"https:\/\/www.v-valley.com\/es\/wp-json\/wp\/v2\/comments?post=626338"}],"version-history":[{"count":5,"href":"https:\/\/www.v-valley.com\/es\/wp-json\/wp\/v2\/pages\/626338\/revisions"}],"predecessor-version":[{"id":626344,"href":"https:\/\/www.v-valley.com\/es\/wp-json\/wp\/v2\/pages\/626338\/revisions\/626344"}],"up":[{"embeddable":true,"href":"https:\/\/www.v-valley.com\/es\/wp-json\/wp\/v2\/pages\/79554"}],"wp:attachment":[{"href":"https:\/\/www.v-valley.com\/es\/wp-json\/wp\/v2\/media?parent=626338"}],"curies":[{"name":"wp","href":"https:\/\/api.w.org\/{rel}","templated":true}]}}