{"id":625846,"date":"2026-03-19T17:26:21","date_gmt":"2026-03-19T16:26:21","guid":{"rendered":"https:\/\/www.v-valley.com\/servicios\/innovexya\/"},"modified":"2026-03-20T16:56:11","modified_gmt":"2026-03-20T15:56:11","slug":"innovexya","status":"publish","type":"page","link":"https:\/\/www.v-valley.com\/es\/servicios\/innovexya\/","title":{"rendered":"Innovexya"},"content":{"rendered":"\n<figure itemscope itemtype=\"https:\/\/schema.org\/ImageObject\">\n\t\t\t\t<img decoding=\"async\" src=\"https:\/\/statics.v-valley.com\/prod\/2026\/03\/logo-innovexya-primary.png\" alt=\"logo-innovexya-primary\" height=\"194\" width=\"1000\" title=\"logo-innovexya-primary\" onerror=\"this.style.display='none'\" loading=\"lazy\" \/>\n\t<\/figure>\n<h2>\n\t\t\tUn modelo integral que simplifica la complejidad y favorece la escalabilidad y los resultados de negocio\t<\/h2>\n\t<p>Innovexya se posiciona como el ecosistema del Grupo Esprinet orientado a la integraci\u00f3n de capacidades especializadas en servicios digitales, tecnolog\u00eda, ciberseguridad, cloud y software, log\u00edstica y retail. La inteligencia artificial act\u00faa como eje habilitador en el dise\u00f1o y la prestaci\u00f3n de los servicios: no como un objetivo en s\u00ed mismo, sino como un catalizador que permite coordinar de forma coherente soluciones diversas y complejas. Este enfoque integral facilita una experiencia de compra m\u00e1s eficiente y estructurada, al tiempo que garantiza la escalabilidad de los modelos operativos y una clara orientaci\u00f3n a la consecucion de resultados de negocio.<\/p>\n<h2>\n\t\t\tDESCUBRE TODOS NUESTROS SERVICIOS\t<\/h2>\n                                <a href=\"https:\/\/www.v-valley.com\/es\/servicios\/formacion-y-certificacion\/\">\n                                                                            <img decoding=\"async\" src=\"https:\/\/statics.v-valley.com\/prod\/2022\/10\/img-formazione.jpg\" alt=\"Formaci\u00f3n y certificaci\u00f3n\" name=\"Formaci\u00f3n y certificaci\u00f3n\"\/>\n                                                                    <\/a>\n                                <a href=\"https:\/\/www.v-valley.com\/es\/servicios\/formacion-y-certificacion\/\">\n                                    <h5>Formaci\u00f3n y certificaci\u00f3n<\/h5>\n                                <\/a>\n                         <!-- end service item wrapper -->\n                     <!-- end service item -->\n                                <a href=\"https:\/\/www.v-valley.com\/es\/servicios\/servicios-cloud\/\">\n                                                                            <img decoding=\"async\" src=\"https:\/\/statics.v-valley.com\/prod\/2023\/02\/box-tutti-i-servizi-servizi-cloud.jpg\" alt=\"Servicios Cloud\" name=\"Servicios Cloud\"\/>\n                                                                    <\/a>\n                                <a href=\"https:\/\/www.v-valley.com\/es\/servicios\/servicios-cloud\/\">\n                                    <h5>Servicios Cloud<\/h5>\n                                <\/a>\n                         <!-- end service item wrapper -->\n                     <!-- end service item -->\n                                <a href=\"https:\/\/www.v-valley.com\/es\/servicios\/servicios-financieros\/\">\n                                                                            <img decoding=\"async\" src=\"https:\/\/statics.v-valley.com\/prod\/2023\/02\/box-tutti-i-servizi-servizi-finanziari.jpg\" alt=\"Servicios financieros\" name=\"Servicios financieros\"\/>\n                                                                    <\/a>\n                                <a href=\"https:\/\/www.v-valley.com\/es\/servicios\/servicios-financieros\/\">\n                                    <h5>Servicios financieros<\/h5>\n                                <\/a>\n                         <!-- end service item wrapper -->\n                     <!-- end service item -->\n                                <a href=\"https:\/\/www.v-valley.com\/es\/servicios\/servicio-tecnico\/\">\n                                                                            <img decoding=\"async\" src=\"https:\/\/statics.v-valley.com\/prod\/2023\/02\/box-tutti-i-servizi-servizio-tecnico.jpg\" alt=\"Servicio t\u00e9cnico\" name=\"Servicio t\u00e9cnico\"\/>\n                                                                    <\/a>\n                                <a href=\"https:\/\/www.v-valley.com\/es\/servicios\/servicio-tecnico\/\">\n                                    <h5>Servicio t\u00e9cnico<\/h5>\n                                <\/a>\n                         <!-- end service item wrapper -->\n                     <!-- end service item -->\n                                <a href=\"https:\/\/www.v-valley.com\/es\/servicios\/servicios-profesionales\/\">\n                                                                            <img decoding=\"async\" src=\"https:\/\/statics.v-valley.com\/prod\/2023\/02\/box-tutti-i-servizi-servizi-professionali.jpg\" alt=\"Servicios Profesionales\" name=\"Servicios Profesionales\"\/>\n                                                                    <\/a>\n                                <a href=\"https:\/\/www.v-valley.com\/es\/servicios\/servicios-profesionales\/\">\n                                    <h5>Servicios Profesionales<\/h5>\n                                <\/a>\n                         <!-- end service item wrapper -->\n                     <!-- end service item -->\n                                <a href=\"https:\/\/www.v-valley.com\/es\/servicios\/consultoria-y-preventa\/\">\n                                                                            <img decoding=\"async\" src=\"https:\/\/statics.v-valley.com\/prod\/2022\/10\/img-supporto.jpg\" alt=\"Consultor\u00eda y preventa\" name=\"Consultor\u00eda y preventa\"\/>\n                                                                    <\/a>\n                                <a href=\"https:\/\/www.v-valley.com\/es\/servicios\/consultoria-y-preventa\/\">\n                                    <h5>Consultor\u00eda y preventa<\/h5>\n                                <\/a>\n                         <!-- end service item wrapper -->\n                     <!-- end service item -->\n                                <a href=\"https:\/\/www.v-valley.com\/es\/servicios\/servicios-logisticos\/\">\n                                                                            <img decoding=\"async\" src=\"https:\/\/statics.v-valley.com\/prod\/2023\/02\/box-tutti-i-servizi-servizi-logistici.jpg\" alt=\"Servicios log\u00edsticos\" name=\"Servicios log\u00edsticos\"\/>\n                                                                    <\/a>\n                                <a href=\"https:\/\/www.v-valley.com\/es\/servicios\/servicios-logisticos\/\">\n                                    <h5>Servicios log\u00edsticos<\/h5>\n                                <\/a>\n                         <!-- end service item wrapper -->\n                     <!-- end service item -->\n                                <a href=\"https:\/\/www.v-valley.com\/es\/servicios\/servicios-datacenter\/\">\n                                                                            <img decoding=\"async\" src=\"https:\/\/statics.v-valley.com\/prod\/2023\/02\/box-tutti-i-servizi-datacenter.jpg\" alt=\"Servicios Datacenter\" name=\"Servicios Datacenter\"\/>\n                                                                    <\/a>\n                                <a href=\"https:\/\/www.v-valley.com\/es\/servicios\/servicios-datacenter\/\">\n                                    <h5>Servicios Datacenter<\/h5>\n                                <\/a>\n                         <!-- end service item wrapper -->\n                     <!-- end service item -->\n                                <a href=\"https:\/\/www.v-valley.com\/es\/servicios\/montaje\/\">\n                                                                            <img decoding=\"async\" src=\"https:\/\/statics.v-valley.com\/prod\/2022\/10\/box-tutti-i-servizi-assemblaggio.jpg\" alt=\"Montaje\" name=\"Montaje\"\/>\n                                                                    <\/a>\n                                <a href=\"https:\/\/www.v-valley.com\/es\/servicios\/montaje\/\">\n                                    <h5>Montaje<\/h5>\n                                <\/a>\n                         <!-- end service item wrapper -->\n                     <!-- end service item -->\n                                <a href=\"https:\/\/www.v-valley.com\/es\/servicios\/soporte-tecnico-preventa\/\">\n                                                                            <img decoding=\"async\" src=\"https:\/\/statics.v-valley.com\/prod\/2022\/10\/box-tutti-i-servizi-supporto-tecnico.jpg\" alt=\"Soporte t\u00e9cnico preventa\" name=\"Soporte t\u00e9cnico preventa\"\/>\n                                                                    <\/a>\n                                <a href=\"https:\/\/www.v-valley.com\/es\/servicios\/soporte-tecnico-preventa\/\">\n                                    <h5>Soporte t\u00e9cnico preventa<\/h5>\n                                <\/a>\n                         <!-- end service item wrapper -->\n                     <!-- end service item -->\n                                <a href=\"https:\/\/www.v-valley.com\/es\/servicios\/piezas-de-repuesto\/\">\n                                                                            <img decoding=\"async\" src=\"https:\/\/statics.v-valley.com\/prod\/2022\/10\/box-tutti-i-servizi-parti-di-ricambio.jpg\" alt=\"Piezas de repuesto\" name=\"Piezas de repuesto\"\/>\n                                                                    <\/a>\n                                <a href=\"https:\/\/www.v-valley.com\/es\/servicios\/piezas-de-repuesto\/\">\n                                    <h5>Piezas de repuesto<\/h5>\n                                <\/a>\n                         <!-- end service item wrapper -->\n                     <!-- end service item -->\n                             <!-- end vvly services slider -->\n         <!-- end vvly services slider section -->\n    \n","protected":false},"excerpt":{"rendered":"<p>Un modelo integral que simplifica la complejidad y favorece la escalabilidad y los resultados de negocio Innovexya se posiciona como el ecosistema del Grupo Esprinet orientado a la integraci\u00f3n de capacidades especializadas en servicios digitales, tecnolog\u00eda, ciberseguridad, cloud y software, log\u00edstica y retail. La inteligencia artificial act\u00faa como eje habilitador en el dise\u00f1o y la [&hellip;]<\/p>\n","protected":false},"author":6,"featured_media":625861,"parent":79480,"menu_order":0,"comment_status":"closed","ping_status":"closed","template":"templates\/template-single-service.php","meta":{"_acf_changed":false,"_genesis_hide_title":false,"_genesis_hide_breadcrumbs":false,"_genesis_hide_singular_image":false,"_genesis_hide_footer_widgets":false,"_genesis_custom_body_class":"","_genesis_custom_post_class":"","_genesis_layout":"","footnotes":""},"class_list":{"0":"post-625846","1":"page","2":"type-page","3":"status-publish","4":"has-post-thumbnail","6":"entry"},"acf":[],"_links":{"self":[{"href":"https:\/\/www.v-valley.com\/es\/wp-json\/wp\/v2\/pages\/625846","targetHints":{"allow":["GET"]}}],"collection":[{"href":"https:\/\/www.v-valley.com\/es\/wp-json\/wp\/v2\/pages"}],"about":[{"href":"https:\/\/www.v-valley.com\/es\/wp-json\/wp\/v2\/types\/page"}],"author":[{"embeddable":true,"href":"https:\/\/www.v-valley.com\/es\/wp-json\/wp\/v2\/users\/6"}],"replies":[{"embeddable":true,"href":"https:\/\/www.v-valley.com\/es\/wp-json\/wp\/v2\/comments?post=625846"}],"version-history":[{"count":5,"href":"https:\/\/www.v-valley.com\/es\/wp-json\/wp\/v2\/pages\/625846\/revisions"}],"predecessor-version":[{"id":625866,"href":"https:\/\/www.v-valley.com\/es\/wp-json\/wp\/v2\/pages\/625846\/revisions\/625866"}],"up":[{"embeddable":true,"href":"https:\/\/www.v-valley.com\/es\/wp-json\/wp\/v2\/pages\/79480"}],"wp:featuredmedia":[{"embeddable":true,"href":"https:\/\/www.v-valley.com\/es\/wp-json\/wp\/v2\/media\/625861"}],"wp:attachment":[{"href":"https:\/\/www.v-valley.com\/es\/wp-json\/wp\/v2\/media?parent=625846"}],"curies":[{"name":"wp","href":"https:\/\/api.w.org\/{rel}","templated":true}]}}