{"id":625688,"date":"2026-03-02T09:33:22","date_gmt":"2026-03-02T08:33:22","guid":{"rendered":"https:\/\/www.v-valley.com\/?page_id=625688"},"modified":"2026-03-02T09:33:22","modified_gmt":"2026-03-02T08:33:22","slug":"aire-cloud","status":"publish","type":"page","link":"https:\/\/www.v-valley.com\/es\/vendor\/aire-cloud\/","title":{"rendered":"Aire Cloud"},"content":{"rendered":"\n<figure itemscope itemtype=\"https:\/\/schema.org\/ImageObject\">\n\t\t\t\t<img decoding=\"async\" src=\"https:\/\/statics.v-valley.com\/prod\/2026\/02\/logo-aire.png\" alt=\"logo Aire\" height=\"55\" width=\"140\" title=\"logo-aire\" onerror=\"this.style.display='none'\" loading=\"lazy\" \/>\n\t<\/figure>\n<h2>\n\t\t\t\u00bfQUI\u00c9N ES AIRE CLOUD?\t<\/h2>\n\t<p>Aire Cloud es la divisi\u00f3n de cloud y data center de Aire, que pone a disposici\u00f3n de los partners espa\u00f1oles, infraestructuras y servicios innovadores y eficaces para que puedan acometer la transformaci\u00f3n digital de sus clientes a trav\u00e9s de soluciones de Cloud p\u00fablica, Cloud privada, data center, backup y data protection.<\/p>\n<p>El compromiso con la \u00absoberan\u00eda del dato y la resiliencia\u00bb es m\u00e1ximo. Trabajan en entornos 100% seguros que mantienen a salvo los datos y flujos de trabajo del cliente, permitiendo operar de forma segura, confiable y resiliente.<\/p>\n<h2>\n\t\t\tLOS PRODUCTOS DE AIRE CLOUD\t<\/h2>\n\t<p><strong>\u00bfPor qu\u00e9 la nube p\u00fablica de Aire Cloud?<\/strong><\/p>\n<ul>\n<li>Infraestructura cloud, flexible y eficiente: Acceso bajo demanda a recursos ilimitados: servidores, almacenamiento, conectividad y seguridad<\/li>\n<li>Creaci\u00f3n, modificaci\u00f3n, redistribuci\u00f3n y administraci\u00f3n del centro de datos virtual del cliente de forma \u00e1gil, sencilla y aut\u00f3noma a trav\u00e9s de una interfaz gr\u00e1fica Drag&amp;Drop<\/li>\n<li>Recursos de c\u00f3mputo y almacenamiento con variadas opciones, incluida GPUaaS, con la posibilidad de a\u00f1adir diferentes productos de la capa de Red (firewall, balanceador de carga, VPN, VLAN, etc.) y conectividad de baja latencia y sistema AntiDDoS incluidos en los servicios<\/li>\n<li>Creaci\u00f3n, modificaci\u00f3n, redistribuci\u00f3n y administraci\u00f3n del centro de datos virtual del cliente de forma \u00e1gil, sencilla y aut\u00f3noma a trav\u00e9s de una interfaz gr\u00e1fica Drag&amp;Drop<\/li>\n<li>Monitorizaci\u00f3n y gesti\u00f3n de la infraestructura cloud del cliente en tiempo real a trav\u00e9s de un \u00fanico panel de control web<\/li>\n<li>Entornos 100% seguros. Datos y flujos de trabajo asegurados gracias a su alta exigencia en seguridad. Cuentan con las certificaciones ISO 27018, ISO 27001 y cumplimos con el Esquema Nacional de Seguridad nivel Alto (ENS Alto)<\/li>\n<\/ul>\n\t<p><strong>\u00bfPor qu\u00e9 la nube privada de Stackscale?<\/strong><\/p>\n<ul>\n<li>Infraestructura 100% dedicada y de alto rendimiento: Recursos exclusivos de computaci\u00f3n y almacenamiento, sin entornos compartidos, garantizando estabilidad y potencia constante para cargas cr\u00edticas<\/li>\n<li>Alta disponibilidad en Madrid: Arquitectura distribuida en dos zonas independientes con opci\u00f3n de almacenamiento s\u00edncrono Active-Active para entornos que requieren m\u00e1xima continuidad<\/li>\n<li>Soporte t\u00e9cnico especializado 24\/7: Acceso directo a ingenieros expertos con acompa\u00f1amiento cercano y tiempos de respuesta \u00e1giles<\/li>\n<li>Flexibilidad tecnol\u00f3gica: Expertos en ayudar en entornos con Proxmox que permiten optimizar costes y reducir dependencia tecnol\u00f3gica<\/li>\n<li>Infraestructura en Europa: Centros de datos en Madrid y \u00c1msterdam que garantizan control y soberan\u00eda del dato<\/li>\n<\/ul>\n\t<p><strong>\u00bfPor qu\u00e9 Alojamiento de Aire Cloud?<\/strong><\/p>\n<ul>\n<li>Cobertura nacional e internacional: Despliega tu infraestructura en Centros de Datos en Espa\u00f1a o en ubicaciones internacionales seg\u00fan tus necesidades<\/li>\n<li>Conectividad integrada: Interconexi\u00f3n directa con la red y los servicios del ecosistema Aire<\/li>\n<li>Infraestructura preparada para entornos cr\u00edticos: Espacios dise\u00f1ados para alojar equipamiento IT empresarial con altos est\u00e1ndares de disponibilidad Tier 3<\/li>\n<li>Escalabilidad flexible: Crece en espacio y potencia IT a medida que evoluciona tu proyecto<\/li>\n<li>Arquitectura h\u00edbrida en un \u00fanico proveedor: Combina colocation, cloud y conectividad bajo un mismo interlocutor tecnol\u00f3gico<\/li>\n<\/ul>\n\t<p>Cloud P\u00fablico<\/p>\n\t<p>Cloud Privado Dedicado<\/p>\n\t<p>Alojamiento y Colocation<\/p>\n\t<p>Backup y Data Protection<\/p>\n\t<p>Soberan\u00eda y Seguridad ENS<\/p>\n\n","protected":false},"excerpt":{"rendered":"<p>\u00bfQUI\u00c9N ES AIRE CLOUD? Aire Cloud es la divisi\u00f3n de cloud y data center de Aire, que pone a disposici\u00f3n de los partners espa\u00f1oles, infraestructuras y servicios innovadores y eficaces para que puedan acometer la transformaci\u00f3n digital de sus clientes a trav\u00e9s de soluciones de Cloud p\u00fablica, Cloud privada, data center, backup y data protection. [&hellip;]<\/p>\n","protected":false},"author":6,"featured_media":0,"parent":79554,"menu_order":0,"comment_status":"closed","ping_status":"closed","template":"templates\/template-vendor-category.php","meta":{"_acf_changed":false,"_genesis_hide_title":false,"_genesis_hide_breadcrumbs":false,"_genesis_hide_singular_image":false,"_genesis_hide_footer_widgets":false,"_genesis_custom_body_class":"","_genesis_custom_post_class":"","_genesis_layout":"","footnotes":""},"class_list":{"0":"post-625688","1":"page","2":"type-page","3":"status-publish","5":"entry"},"acf":[],"_links":{"self":[{"href":"https:\/\/www.v-valley.com\/es\/wp-json\/wp\/v2\/pages\/625688","targetHints":{"allow":["GET"]}}],"collection":[{"href":"https:\/\/www.v-valley.com\/es\/wp-json\/wp\/v2\/pages"}],"about":[{"href":"https:\/\/www.v-valley.com\/es\/wp-json\/wp\/v2\/types\/page"}],"author":[{"embeddable":true,"href":"https:\/\/www.v-valley.com\/es\/wp-json\/wp\/v2\/users\/6"}],"replies":[{"embeddable":true,"href":"https:\/\/www.v-valley.com\/es\/wp-json\/wp\/v2\/comments?post=625688"}],"version-history":[{"count":5,"href":"https:\/\/www.v-valley.com\/es\/wp-json\/wp\/v2\/pages\/625688\/revisions"}],"predecessor-version":[{"id":625695,"href":"https:\/\/www.v-valley.com\/es\/wp-json\/wp\/v2\/pages\/625688\/revisions\/625695"}],"up":[{"embeddable":true,"href":"https:\/\/www.v-valley.com\/es\/wp-json\/wp\/v2\/pages\/79554"}],"wp:attachment":[{"href":"https:\/\/www.v-valley.com\/es\/wp-json\/wp\/v2\/media?parent=625688"}],"curies":[{"name":"wp","href":"https:\/\/api.w.org\/{rel}","templated":true}]}}