{"id":624868,"date":"2025-10-29T15:25:44","date_gmt":"2025-10-29T14:25:44","guid":{"rendered":"https:\/\/www.v-valley.com\/?page_id=624868"},"modified":"2025-10-29T15:25:44","modified_gmt":"2025-10-29T14:25:44","slug":"iberlayer","status":"publish","type":"page","link":"https:\/\/www.v-valley.com\/es\/vendor\/iberlayer\/","title":{"rendered":"Iberlayer"},"content":{"rendered":"\n\n\t\t\t\t<img decoding=\"async\" src=\"https:\/\/statics.v-valley.com\/prod\/2025\/10\/logo-iberlayer.png\" alt=\"logo-iberlayer\" itemprop=\"image\" height=\"55\" width=\"140\" title=\"logo-iberlayer\" onerror=\"this.style.display='none'\" loading=\"lazy\" \/>\n<h2>\n\t\t\t\u00bfQUI\u00c9N ES IBERLAYER?\t<\/h2>\n\tIberlayer fabricante espa\u00f1ol de tecnolog\u00eda de seguridad para el correo electr\u00f3nico.  Empresa Cualificada para ENS Alto por el CCN con presencia completa en el cat\u00e1logo STIC-105.<br \/>\nIberlayer fundada en 2012, protege compa\u00f1\u00edas en todos los sectores y en pa\u00edses como EEUU, Finlandia, Alemania, Reino Unido, Italia, Francia, etc.<br \/>\nDesde 1999 opera bajo las directrices de la norma ISO-27001.\n<h2>\n\t\t\tLOS PRODUCTOS DE IBERLAYER\t<\/h2>\n\t<p>La enorme y creciente demanda del uso del correo electr\u00f3nico como herramienta corporativa, su seguridad y la constante necesidad de reducir costes tanto administrativos como t\u00e9cnicos hacen necesaria una soluci\u00f3n f\u00e1cil de aplicar, configurar y utilizar, que sin sacrificar rendimiento y control, sea capaz de garantizar los m\u00e1s elevados ratios de protecci\u00f3n y disponibilidad. <\/p>\n<p>Email Guardian es un servicio de relay de correo SMTP bidireccional que Iberlayer presta desde 3 CPDs (tipo TIER III++) en Espa\u00f1a.  No se usan nubes de terceros para la prestaci\u00f3n del servicio, lo que permite el completo cumplimiento del Reglamento General de Protecci\u00f3n de Datos. Dentro de este \u00e1mbito completamos nuestra oferta con otras tres soluciones para la protecci\u00f3n del Correo electr\u00f3nico. Soluci\u00f3n de env\u00edo de correo Masivo, Soluci\u00f3n para Integraci\u00f3n con Logs y Soluci\u00f3n Dmarc.<\/p>\n\n","protected":false},"excerpt":{"rendered":"<p>\u00bfQUI\u00c9N ES IBERLAYER? Iberlayer fabricante espa\u00f1ol de tecnolog\u00eda de seguridad para el correo electr\u00f3nico. Empresa Cualificada para ENS Alto por el CCN con presencia completa en el cat\u00e1logo STIC-105. Iberlayer fundada en 2012, protege compa\u00f1\u00edas en todos los sectores y en pa\u00edses como EEUU, Finlandia, Alemania, Reino Unido, Italia, Francia, etc. Desde 1999 opera bajo [&hellip;]<\/p>\n","protected":false},"author":6,"featured_media":0,"parent":79554,"menu_order":0,"comment_status":"closed","ping_status":"closed","template":"templates\/template-vendor-category.php","meta":{"_acf_changed":false,"_genesis_hide_title":false,"_genesis_hide_breadcrumbs":false,"_genesis_hide_singular_image":false,"_genesis_hide_footer_widgets":false,"_genesis_custom_body_class":"","_genesis_custom_post_class":"","_genesis_layout":"","footnotes":""},"class_list":{"0":"post-624868","1":"page","2":"type-page","3":"status-publish","5":"entry"},"acf":[],"_links":{"self":[{"href":"https:\/\/www.v-valley.com\/es\/wp-json\/wp\/v2\/pages\/624868","targetHints":{"allow":["GET"]}}],"collection":[{"href":"https:\/\/www.v-valley.com\/es\/wp-json\/wp\/v2\/pages"}],"about":[{"href":"https:\/\/www.v-valley.com\/es\/wp-json\/wp\/v2\/types\/page"}],"author":[{"embeddable":true,"href":"https:\/\/www.v-valley.com\/es\/wp-json\/wp\/v2\/users\/6"}],"replies":[{"embeddable":true,"href":"https:\/\/www.v-valley.com\/es\/wp-json\/wp\/v2\/comments?post=624868"}],"version-history":[{"count":4,"href":"https:\/\/www.v-valley.com\/es\/wp-json\/wp\/v2\/pages\/624868\/revisions"}],"predecessor-version":[{"id":624874,"href":"https:\/\/www.v-valley.com\/es\/wp-json\/wp\/v2\/pages\/624868\/revisions\/624874"}],"up":[{"embeddable":true,"href":"https:\/\/www.v-valley.com\/es\/wp-json\/wp\/v2\/pages\/79554"}],"wp:attachment":[{"href":"https:\/\/www.v-valley.com\/es\/wp-json\/wp\/v2\/media?parent=624868"}],"curies":[{"name":"wp","href":"https:\/\/api.w.org\/{rel}","templated":true}]}}