{"id":600632,"date":"2025-09-18T12:24:39","date_gmt":"2025-09-18T10:24:39","guid":{"rendered":"https:\/\/www.v-valley.com\/?page_id=600632"},"modified":"2025-09-18T12:24:39","modified_gmt":"2025-09-18T10:24:39","slug":"trilio","status":"publish","type":"page","link":"https:\/\/www.v-valley.com\/es\/vendor\/trilio\/","title":{"rendered":"Trilio"},"content":{"rendered":"\n\n\t\t\t\t<img decoding=\"async\" src=\"https:\/\/statics.v-valley.com\/prod\/2025\/09\/logo-trilio.png\" alt=\"logo-trilio\" itemprop=\"image\" height=\"55\" width=\"140\" title=\"logo-trilio\" onerror=\"this.style.display='none'\" loading=\"lazy\" \/>\n<h2>\n\t\t\t\u00bfQUI\u00c9N ES TRILIO?\t<\/h2>\n\t<p>Trilio es el proveedor l\u00edder de soluciones de software de protecci\u00f3n de datos nativas de la nube, dise\u00f1adas desde cero para Kubernetes, KubeVirt y OpenStack ambientes. Sus plataformas ofrecen una experiencia moderna de respaldo y recuperaci\u00f3n que permite a los arquitectos de la nube, ingenieros de plataformas, ITOps y DevOps respaldar la recuperaci\u00f3n ante desastres, el respaldo y la recuperaci\u00f3n, la protecci\u00f3n contra ransomware y las iniciativas de movilidad de aplicaciones.<\/p>\n<h2>\n\t\t\tLOS PRODUCTOS DE TRILIO\t<\/h2>\n\t<p><strong>Protecci\u00f3n de datos tan fluida que parece parte de la plataforma<\/strong>: Ofrezca copias de seguridad impulsadas por los inquilinos, recuperaci\u00f3n ante desastres y movilidad de aplicaciones a sus usuarios finales.<\/p>\n<p><strong><u>Trilio para Kubernetes<\/u><\/strong>: Trilio para Kubernetes: copia de seguridad y recuperaci\u00f3n ante desastres<\/p>\n<p>Recuperaci\u00f3n de la protecci\u00f3n de datos nativa de Kubernetes en minutos: Trilio for Kubernetes ofrece copias de seguridad y recuperaci\u00f3n ante desastres escalables y sin agentes para aplicaciones nativas de la nube en OpenShift y Kubernetes. Con tiempos de recuperaci\u00f3n un 80 % m\u00e1s r\u00e1pidos, migraci\u00f3n sin inconvenientes y recuperaci\u00f3n granular, Trilio ayuda a las empresas de servicios financieros, telecomunicaciones y tecnolog\u00eda a minimizar el tiempo de inactividad, preparar su infraestructura para el futuro y satisfacer las necesidades de cumplimiento en entornos altamente regulados.<\/p>\n<p><strong><u>Trilio para Openstack<\/u><\/strong>: OpenStack Copia de seguridad y recuperaci\u00f3n<\/p>\n<p>Trilio para OpenStack Proporciona soluciones de respaldo y recuperaci\u00f3n escalables, nativas, sin agentes y para m\u00faltiples inquilinos, lo que garantiza una protecci\u00f3n perfecta de las cargas de trabajo con opciones de almacenamiento flexibles para entornos de nube din\u00e1micos.<\/p>\n<p><strong>Para m\u00e1s informaci\u00f3n <\/strong><a href=\"mailto:redhat_vvase@v-valley.com\"><strong>redhat_vvase@v-valley.com<\/strong><\/a><\/p>\n\n","protected":false},"excerpt":{"rendered":"<p>\u00bfQUI\u00c9N ES TRILIO? Trilio es el proveedor l\u00edder de soluciones de software de protecci\u00f3n de datos nativas de la nube, dise\u00f1adas desde cero para Kubernetes, KubeVirt y OpenStack ambientes. Sus plataformas ofrecen una experiencia moderna de respaldo y recuperaci\u00f3n que permite a los arquitectos de la nube, ingenieros de plataformas, ITOps y DevOps respaldar la [&hellip;]<\/p>\n","protected":false},"author":6,"featured_media":0,"parent":79554,"menu_order":0,"comment_status":"closed","ping_status":"closed","template":"templates\/template-vendor-category.php","meta":{"_acf_changed":false,"_genesis_hide_title":false,"_genesis_hide_breadcrumbs":false,"_genesis_hide_singular_image":false,"_genesis_hide_footer_widgets":false,"_genesis_custom_body_class":"","_genesis_custom_post_class":"","_genesis_layout":"","footnotes":""},"class_list":{"0":"post-600632","1":"page","2":"type-page","3":"status-publish","5":"entry"},"acf":[],"_links":{"self":[{"href":"https:\/\/www.v-valley.com\/es\/wp-json\/wp\/v2\/pages\/600632","targetHints":{"allow":["GET"]}}],"collection":[{"href":"https:\/\/www.v-valley.com\/es\/wp-json\/wp\/v2\/pages"}],"about":[{"href":"https:\/\/www.v-valley.com\/es\/wp-json\/wp\/v2\/types\/page"}],"author":[{"embeddable":true,"href":"https:\/\/www.v-valley.com\/es\/wp-json\/wp\/v2\/users\/6"}],"replies":[{"embeddable":true,"href":"https:\/\/www.v-valley.com\/es\/wp-json\/wp\/v2\/comments?post=600632"}],"version-history":[{"count":3,"href":"https:\/\/www.v-valley.com\/es\/wp-json\/wp\/v2\/pages\/600632\/revisions"}],"predecessor-version":[{"id":600638,"href":"https:\/\/www.v-valley.com\/es\/wp-json\/wp\/v2\/pages\/600632\/revisions\/600638"}],"up":[{"embeddable":true,"href":"https:\/\/www.v-valley.com\/es\/wp-json\/wp\/v2\/pages\/79554"}],"wp:attachment":[{"href":"https:\/\/www.v-valley.com\/es\/wp-json\/wp\/v2\/media?parent=600632"}],"curies":[{"name":"wp","href":"https:\/\/api.w.org\/{rel}","templated":true}]}}