{"id":582033,"date":"2025-07-28T09:03:43","date_gmt":"2025-07-28T07:03:43","guid":{"rendered":"https:\/\/www.v-valley.com\/?page_id=582033"},"modified":"2025-08-27T10:44:29","modified_gmt":"2025-08-27T08:44:29","slug":"cyberguru","status":"publish","type":"page","link":"https:\/\/www.v-valley.com\/es\/vendor\/cyberguru\/","title":{"rendered":"CyberGuru"},"content":{"rendered":"\n\n\t\t\t\t<img decoding=\"async\" src=\"https:\/\/statics.v-valley.com\/prod\/2025\/07\/logo-cyber-guru.png\" alt=\"logo Cyber Guru\" itemprop=\"image\" height=\"55\" width=\"140\" title=\"logo-cyber-guru\" onerror=\"this.style.display='none'\" loading=\"lazy\" \/>\n<h2>\n\t\t\t\u00bfQUI\u00c9N ES CYBER GURU?\t<\/h2>\n\t<p>Cyber Guru es una plataforma integral de concienciaci\u00f3n en ciberseguridad que busca transformar el comportamiento de los usuarios, convirti\u00e9ndolos de eslabones d\u00e9biles en la primera l\u00ednea de defensa contra la ciberdelincuencia.<\/p>\n<p>Fundada en Italia en 2017, la empresa ha experimentado un crecimiento significativo, expandi\u00e9ndose a mercados internacionales como Francia y Espa\u00f1a en 2023.<\/p>\n<h2>\n\t\t\tLOS PRODUCTOS DE CYBER GURU\t<\/h2>\n\t<p>La plataforma de Cyber Guru se compone de tres itinerarios formativos principales dise\u00f1ados para abordar diferentes aspectos de la concienciaci\u00f3n en ciberseguridad:<\/p>\n\t<ul>\n<li><strong>Cyber Guru Awareness<\/strong>: Un programa de formaci\u00f3n cognitiva que garantiza el desarrollo gradual del conocimiento sobre amenazas cibern\u00e9ticas y las pr\u00e1cticas adecuadas para prevenir ataques.<\/li>\n<li><strong>Cyber Guru Channel<\/strong>: Este programa utiliza narrativas similares a las de las series de televisi\u00f3n para involucrar a los usuarios, permiti\u00e9ndoles aprender a trav\u00e9s de la identificaci\u00f3n con situaciones reales y mejorando su percepci\u00f3n del peligro.<\/li>\n<li><strong>Cyber Guru Phishing<\/strong>: Un programa de formaci\u00f3n pr\u00e1ctica y adaptativa a trav\u00e9s de un modelo propio de Machine Learning, impulsado por IA, que simula ataques de phishing para entrenar a los usuarios en la detecci\u00f3n y manejo de estas amenazas, mejorando su preparaci\u00f3n y capacidad de reacci\u00f3n.<\/li>\n<\/ul>\n\t<p>Estos programas combinan metodolog\u00edas de aprendizaje avanzadas y t\u00e9cnicas multimedia innovadoras para maximizar la eficacia de la formaci\u00f3n y mantener un alto nivel de concienciaci\u00f3n y percepci\u00f3n de las amenazas a lo largo del tiempo.<\/p>\n\n","protected":false},"excerpt":{"rendered":"<p>\u00bfQUI\u00c9N ES CYBER GURU? Cyber Guru es una plataforma integral de concienciaci\u00f3n en ciberseguridad que busca transformar el comportamiento de los usuarios, convirti\u00e9ndolos de eslabones d\u00e9biles en la primera l\u00ednea de defensa contra la ciberdelincuencia. Fundada en Italia en 2017, la empresa ha experimentado un crecimiento significativo, expandi\u00e9ndose a mercados internacionales como Francia y Espa\u00f1a [&hellip;]<\/p>\n","protected":false},"author":6,"featured_media":0,"parent":79554,"menu_order":0,"comment_status":"closed","ping_status":"closed","template":"templates\/template-vendor-category.php","meta":{"_acf_changed":false,"_genesis_hide_title":false,"_genesis_hide_breadcrumbs":false,"_genesis_hide_singular_image":false,"_genesis_hide_footer_widgets":false,"_genesis_custom_body_class":"","_genesis_custom_post_class":"","_genesis_layout":"","footnotes":""},"class_list":{"0":"post-582033","1":"page","2":"type-page","3":"status-publish","5":"entry"},"acf":[],"_links":{"self":[{"href":"https:\/\/www.v-valley.com\/es\/wp-json\/wp\/v2\/pages\/582033","targetHints":{"allow":["GET"]}}],"collection":[{"href":"https:\/\/www.v-valley.com\/es\/wp-json\/wp\/v2\/pages"}],"about":[{"href":"https:\/\/www.v-valley.com\/es\/wp-json\/wp\/v2\/types\/page"}],"author":[{"embeddable":true,"href":"https:\/\/www.v-valley.com\/es\/wp-json\/wp\/v2\/users\/6"}],"replies":[{"embeddable":true,"href":"https:\/\/www.v-valley.com\/es\/wp-json\/wp\/v2\/comments?post=582033"}],"version-history":[{"count":6,"href":"https:\/\/www.v-valley.com\/es\/wp-json\/wp\/v2\/pages\/582033\/revisions"}],"predecessor-version":[{"id":589633,"href":"https:\/\/www.v-valley.com\/es\/wp-json\/wp\/v2\/pages\/582033\/revisions\/589633"}],"up":[{"embeddable":true,"href":"https:\/\/www.v-valley.com\/es\/wp-json\/wp\/v2\/pages\/79554"}],"wp:attachment":[{"href":"https:\/\/www.v-valley.com\/es\/wp-json\/wp\/v2\/media?parent=582033"}],"curies":[{"name":"wp","href":"https:\/\/api.w.org\/{rel}","templated":true}]}}