{"id":426394,"date":"2024-09-03T15:31:38","date_gmt":"2024-09-03T13:31:38","guid":{"rendered":"https:\/\/www.v-valley.com\/?page_id=426394"},"modified":"2024-09-03T15:39:00","modified_gmt":"2024-09-03T13:39:00","slug":"ruijie","status":"publish","type":"page","link":"https:\/\/www.v-valley.com\/es\/vendor\/ruijie\/","title":{"rendered":"Ruijie"},"content":{"rendered":"\r\n\r\n\t\t\t\t<img loading=\"lazy\" decoding=\"async\" src=\"https:\/\/statics.v-valley.com\/prod\/2024\/09\/logo-ruijie.gif\" alt=\"logo-ruijie\" itemprop=\"image\" height=\"55\" width=\"140\" title=\"logo-ruijie\" onerror=\"this.style.display='none'\"  \/>\r\n<h2>\r\n\t\t\u00bfQUI\u00c9N ES RUIJIE?\r\n\t<\/h2>\r\n\t<p>Ruijie Networks, fundada en 2003 y cotizada en bolsa desde 2023. Son lideres a nivel mundial en el dise\u00f1o,\u00a0desarrollo y fabricaci\u00f3n de soluciones de redes networking, cuentan con un ADN muy marcado en cuanto a dise\u00f1ar e innovar en soluciones verticales como educaci\u00f3n, hospitality, healthcare, retail, manufacturing.<\/p>\r\n<p>Tienen el compromiso de analizar en profundidad los distintos escenarios de sus clientes, a fin de identificar los puntos d\u00e9biles y desarrollar soluciones personalizadas y creativas que sean f\u00e1ciles de implementar y mantener. Actualmente son un referente en soluciones de conectividad de DC, Campus y Wireles, proporcionando soluciones con un alto grado de rendimiento.<\/p>\r\n<h2>\r\n\t\tLOS PRODUCTOS DE RUIJIE\r\n\t<\/h2>\r\n\t<p>Ruijie Networks se destaca por su compromiso con la innovaci\u00f3n y la calidad en el dise\u00f1o y fabricaci\u00f3n de equipos de red. Sus soluciones est\u00e1n dise\u00f1adas para optimizar el rendimiento, la seguridad y la eficiencia de las redes empresariales.<\/p>\r\n\t<ul>\r\n<li><strong>Soluciones de Datacenter<\/strong>:\u00a0Lideres en el mercado en puertos de 400\/800G. Trabajando con un ecosistema donde somos T1 de Broadcom para desarrollar todos nuestros entornos de Switching de DC y es Broadcom quien nos provee los semiconductores de \u00faltima generaci\u00f3n<\/li>\r\n<li><strong>Soluciones de Campus<\/strong>:\u00a0Adicional a todo un portfolio completo de networking, lo enriquecemos con una soluci\u00f3n Ethernet \u00f3ptica SOE (Switch-Simplified Optical Ethernet Solution), que proporciona un dise\u00f1o simplificado y ancho de banda asegurado, permitiendo una implementaci\u00f3n r\u00e1pida, administraci\u00f3n f\u00e1cil y reducci\u00f3n de costos operativos (CAPEX y OPEX).<\/li>\r\n<li><strong>Soluciones de Wifi<\/strong>:\u00a0Adicional a las soluciones tradicionales de Wifi basadas en conectividad cobre, enriquecemos nuestro portfolio con una soluci\u00f3n totalmente optica Optical i-Share (Soluci\u00f3n de Wifi \u00d3ptico Distribuido), soluci\u00f3n Wifi centralizada que a traves de fibra o cable hibrido con alimentaci\u00f3n (POF), que permite liberarte de los limites tanto de ancho de banda como de distancias, simplificando la instalaci\u00f3n y aumentando el ROI.<\/li>\r\n<\/ul>\r\n\t<p>Switches<\/p>\r\n\t<p>Puntos de Acceso<\/p>\r\n\t<p>Routers<\/p>\r\n\t<p>Seguridad<\/p>\r\n\t<p>Software<\/p>\r\n\t<p>Redes inal\u00e1mbricas<\/p>\r\n\t<p>IoT<\/p>\r\n\t<p>Ciudades inteligentes <\/p>\r\n\r\n","protected":false},"excerpt":{"rendered":"<p>\u00bfQUI\u00c9N ES RUIJIE? Ruijie Networks, fundada en 2003 y cotizada en bolsa desde 2023. Son lideres a nivel mundial en el dise\u00f1o,\u00a0desarrollo y fabricaci\u00f3n de soluciones de redes networking, cuentan con un ADN muy marcado en cuanto a dise\u00f1ar e innovar en soluciones verticales como educaci\u00f3n, hospitality, healthcare, retail, manufacturing. Tienen el compromiso de analizar [&hellip;]<\/p>\n","protected":false},"author":6,"featured_media":0,"parent":79554,"menu_order":0,"comment_status":"closed","ping_status":"closed","template":"templates\/template-vendor-category.php","meta":{"_acf_changed":false,"_genesis_hide_title":false,"_genesis_hide_breadcrumbs":false,"_genesis_hide_singular_image":false,"_genesis_hide_footer_widgets":false,"_genesis_custom_body_class":"","_genesis_custom_post_class":"","_genesis_layout":"","footnotes":""},"class_list":{"0":"post-426394","1":"page","2":"type-page","3":"status-publish","5":"entry"},"acf":[],"_links":{"self":[{"href":"https:\/\/www.v-valley.com\/es\/wp-json\/wp\/v2\/pages\/426394","targetHints":{"allow":["GET"]}}],"collection":[{"href":"https:\/\/www.v-valley.com\/es\/wp-json\/wp\/v2\/pages"}],"about":[{"href":"https:\/\/www.v-valley.com\/es\/wp-json\/wp\/v2\/types\/page"}],"author":[{"embeddable":true,"href":"https:\/\/www.v-valley.com\/es\/wp-json\/wp\/v2\/users\/6"}],"replies":[{"embeddable":true,"href":"https:\/\/www.v-valley.com\/es\/wp-json\/wp\/v2\/comments?post=426394"}],"version-history":[{"count":0,"href":"https:\/\/www.v-valley.com\/es\/wp-json\/wp\/v2\/pages\/426394\/revisions"}],"up":[{"embeddable":true,"href":"https:\/\/www.v-valley.com\/es\/wp-json\/wp\/v2\/pages\/79554"}],"wp:attachment":[{"href":"https:\/\/www.v-valley.com\/es\/wp-json\/wp\/v2\/media?parent=426394"}],"curies":[{"name":"wp","href":"https:\/\/api.w.org\/{rel}","templated":true}]}}