{"id":400267,"date":"2024-06-17T15:52:01","date_gmt":"2024-06-17T13:52:01","guid":{"rendered":"https:\/\/www.v-valley.com\/?page_id=400267"},"modified":"2025-02-12T11:04:08","modified_gmt":"2025-02-12T10:04:08","slug":"wasabi","status":"publish","type":"page","link":"https:\/\/www.v-valley.com\/es\/vendor\/wasabi\/","title":{"rendered":"Wasabi"},"content":{"rendered":"\n\n\t\t\t\t<img loading=\"lazy\" decoding=\"async\" src=\"https:\/\/statics.v-valley.com\/prod\/2025\/02\/logo-wasabi.gif\" alt=\"logo-wasabi\" itemprop=\"image\" height=\"55\" width=\"140\" title=\"logo-wasabi\" onerror=\"this.style.display='none'\"  \/>\n<h2>\n\t\t\u00bfQUI\u00c9N ES WASABI?\n\t<\/h2>\n\t<p><strong>Wasabi<\/strong> es un proveedor de almacenamiento en la nube que ofrece soluciones de almacenamiento de objetos a un precio altamente competitivo.<\/p>\n<p>Wasabi se caracteriza por su alta durabilidad, rendimiento, redundancia en sus centros de datos, ofrece un almacenamiento inmutable y cumple con las regulaciones de privacidad de la GDPR.<\/p>\n<h2>\n\t\tPrograma de Partners:\n\t<\/h2>\n\t<p><strong>Wasabi<\/strong> colabora con <u>proveedores de servicios gestionados<\/u> <u>y revendedores<\/u> para ofrecer almacenamiento de datos en la nube a sus clientes.<\/p>\n<p>Si eres un proveedor de servicios, considera unirte al Programa de Partners de Wasabi para aumentar el beneficio y ahorrar dinero a tus clientes.<\/p>\n<h2>\n\t\tAlianzas Tecnol\u00f3gicas:\n\t<\/h2>\n\t<p>Wasabi coopera con empresas l\u00edderes en copias de reserva, archivamiento, entrega de contenido y m\u00e1s.<\/p>\n<p>Sus socios ofrecen soluciones innovadoras y los clientes obtienen beneficios significativos en t\u00e9rminos de ahorro y rendimiento.<\/p>\n<p>En resumen, Wasabi proporciona almacenamiento en la nube de alta calidad a un precio asequible, sin sacrificar rendimiento ni seguridad.<\/p>\n<p><strong>ALIANZAS DE BACKUP:<\/strong><\/p>\n<ul>\n<li>ArcServe<\/li>\n<li>Acronis<\/li>\n<li>Veeam<\/li>\n<li>Veritas<\/li>\n<li>DELL Techonologies<\/li>\n<\/ul>\n<p><strong>ALIANZAS DE STORAGE:<\/strong><\/p>\n<ul>\n<li>DELL Technologies<\/li>\n<li>NetApp<\/li>\n<\/ul>\n<h2>\n\t\tSOLUCIONES ESTRELA DE WASABI:\n\t<\/h2>\n\t<p><strong><u>SERVICIOS ESPECIALIZADOS<\/u>:<\/strong><\/p>\n<ul>\n<li><strong>Wasabi Surveillance Cloud<\/strong>: Es una soluci\u00f3n de almacenamiento en la nube dise\u00f1ada para extender instant\u00e1neamente la capacidad de tu sistema de gesti\u00f3n de video de vigilancia (VMS) local.<\/li>\n<\/ul>\n<ul>\n<li><strong>Wasabi Cloud NAS<\/strong>: Es un almacenamiento en la nube adjunto a la red (NAS) r\u00e1pido, seguro y rentable.<\/li>\n<\/ul>\n\t<p><strong><u>GESTI\u00d3N DEL SERVICIO Y HERRAMIENTAS DE MIGRACI\u00d3N DE DATOS<\/u>:<\/strong><\/p>\n<ul>\n<li><strong>Wasabi Account Control Manager<\/strong><\/li>\n<\/ul>\n<p>Gestiona m\u00faltiples cuentas de Wasabi desde una \u00fanica plataforma con una interfaz f\u00e1cil de usar.<\/p>\n<ul>\n<li><strong>Wasabi Cloud Sync Manager<\/strong>: Replica buckets entre regions de Wasabi y migra buckets desde otras clouds de almacenamiento o S3 on-premises a Wasabi.<\/li>\n<\/ul>\n<ul>\n<li><strong>Wasabi Ball Transfer Appliance<\/strong>: Transfiere almacenamiento on-premises a Wasabi mediante un equipo f\u00edsico.<\/li>\n<\/ul>\n<ul>\n<li><strong>Wasabi Direct Connect<\/strong>: Conecta tu entorno on-premises o cloud a Wasabi mediante un enlace privado.<\/li>\n<\/ul>\n\t<p>Almacenamiento<\/p>\n\t<p>Software de backup y dr<\/p>\n\t<p>Soluciones para service provider<\/p>\n\n","protected":false},"excerpt":{"rendered":"<p>\u00bfQUI\u00c9N ES WASABI? Wasabi es un proveedor de almacenamiento en la nube que ofrece soluciones de almacenamiento de objetos a un precio altamente competitivo. Wasabi se caracteriza por su alta durabilidad, rendimiento, redundancia en sus centros de datos, ofrece un almacenamiento inmutable y cumple con las regulaciones de privacidad de la GDPR. Programa de Partners: [&hellip;]<\/p>\n","protected":false},"author":6,"featured_media":0,"parent":79554,"menu_order":0,"comment_status":"closed","ping_status":"closed","template":"templates\/template-vendor-category.php","meta":{"_acf_changed":false,"_genesis_hide_title":false,"_genesis_hide_breadcrumbs":false,"_genesis_hide_singular_image":false,"_genesis_hide_footer_widgets":false,"_genesis_custom_body_class":"","_genesis_custom_post_class":"","_genesis_layout":"","footnotes":""},"class_list":{"0":"post-400267","1":"page","2":"type-page","3":"status-publish","5":"entry"},"acf":[],"_links":{"self":[{"href":"https:\/\/www.v-valley.com\/es\/wp-json\/wp\/v2\/pages\/400267","targetHints":{"allow":["GET"]}}],"collection":[{"href":"https:\/\/www.v-valley.com\/es\/wp-json\/wp\/v2\/pages"}],"about":[{"href":"https:\/\/www.v-valley.com\/es\/wp-json\/wp\/v2\/types\/page"}],"author":[{"embeddable":true,"href":"https:\/\/www.v-valley.com\/es\/wp-json\/wp\/v2\/users\/6"}],"replies":[{"embeddable":true,"href":"https:\/\/www.v-valley.com\/es\/wp-json\/wp\/v2\/comments?post=400267"}],"version-history":[{"count":1,"href":"https:\/\/www.v-valley.com\/es\/wp-json\/wp\/v2\/pages\/400267\/revisions"}],"predecessor-version":[{"id":501537,"href":"https:\/\/www.v-valley.com\/es\/wp-json\/wp\/v2\/pages\/400267\/revisions\/501537"}],"up":[{"embeddable":true,"href":"https:\/\/www.v-valley.com\/es\/wp-json\/wp\/v2\/pages\/79554"}],"wp:attachment":[{"href":"https:\/\/www.v-valley.com\/es\/wp-json\/wp\/v2\/media?parent=400267"}],"curies":[{"name":"wp","href":"https:\/\/api.w.org\/{rel}","templated":true}]}}