{"id":400258,"date":"2024-06-17T15:39:28","date_gmt":"2024-06-17T13:39:28","guid":{"rendered":"https:\/\/www.v-valley.com\/?page_id=400258"},"modified":"2024-07-24T09:23:28","modified_gmt":"2024-07-24T07:23:28","slug":"flexxible","status":"publish","type":"page","link":"https:\/\/www.v-valley.com\/es\/vendor\/flexxible\/","title":{"rendered":"Flexxible"},"content":{"rendered":"\n\n\t\t\t\t<img loading=\"lazy\" decoding=\"async\" src=\"https:\/\/statics.v-valley.com\/prod\/2024\/06\/logo-flexxible-1.gif\" alt=\"logo-flexxible\" itemprop=\"image\" height=\"55\" width=\"140\" title=\"logo-flexxible\" onerror=\"this.style.display='none'\"  \/>\n<h2>\n\t\t\u00bfQUI\u00c9N ES FLEXXIBLE?\n\t<\/h2>\n\t<p><em>Flexxible, es el proveedor l\u00edder en soluciones de monitorizaci\u00f3n y gesti\u00f3n de dispositivos f\u00edsicos y virtuales en remoto (RMM). <\/em><\/p>\n<p>Flexxible te simplifica la asistencia al usuario final y los an\u00e1lisis<\/p>\n<p>Al utilizar una combinaci\u00f3n de herramientas de automatizaci\u00f3n, supervisi\u00f3n, soporte y observabilidad, permitimos una estrategia de EUC madura y lista para usar con un modelo de retorno de la inversi\u00f3n comprobado para impulsar la productividad, reducir los gastos de soporte y aumentar las tasas de reparaci\u00f3n de primera l\u00ednea.<\/p>\n<p>Flexxible te proporciona los recursos que necesitas para aprovechar la <strong>oportunidad de negocio <\/strong>real de la gesti\u00f3n de espacios de trabajo digitales,<\/p>\n<p>&nbsp;<\/p>\n<p><strong>FXX Confidence<\/strong>, el programa de canal de Flexxible lleno de ventajas<strong>.<\/strong><\/p>\n<h2>\n\t\tLOS PRODUCTOS DE FLEXXIBLE\n\t<\/h2>\n\t<ul>\n<li>FXX One, es la soluci\u00f3n RMM todo en uno (Remote Monitoring &amp; Management) preparada para que los proveedores de servicios gestionados puedan ayudar a sus clientes.<\/li>\n<li>Se trata de una soluci\u00f3n innovadora y dise\u00f1ada para la monitorizaci\u00f3n y gesti\u00f3n de dispositivos f\u00edsicos y virtuales en remoto, y orientada al mercado de la peque\u00f1a y mediana empresa.<\/li>\n<li>FXX One se aloja en la nube p\u00fablica, y no requiere ninguna inversi\u00f3n en infraestructura en cliente ni en el prestador de servicios. FXX One hereda la filosof\u00eda de Flexxible al incorporar la seguridad por dise\u00f1o, cumpliendo as\u00ed los m\u00e1s altos est\u00e1ndares de la industria a nivel global. Est\u00e1 avalada po certificaciones nacionales e internacionales que refuerzan el compromiso con la calidad de Flexxible.<\/li>\n<li>FXXOne te permitir\u00e1 supervisar y gestionar a distancia ordenadores y dispositivos, mejorando la fiabilidad y productividad.\n<ul>\n<li>Gesti\u00f3n de Parches<\/li>\n<li>Protecci\u00f3n antivirus<\/li>\n<li>Configuraci\u00f3n de puestos de trabajo \/ endpoints<\/li>\n<li>Informaci\u00f3n sobre riesgos de violaci\u00f3n de datos<\/li>\n<li>Acceso remoto<\/li>\n<li>Recuperaci\u00f3n<\/li>\n<\/ul>\n<\/li>\n<\/ul>\n<p>Para m\u00e1s informaci\u00f3n: <a href=\"mailto:msps@v-valley.com\">msps@v-valley.com<\/a><\/p>\n\t<p>Herramientas de Productividad<\/p>\n\t<p>Herramienta de colaboraci\u00f3n<\/p>\n\t<p>Autenticaci\u00f3n de m\u00faltiples factores<\/p>\n\t<p>Gesti\u00f3n de la seguridad<\/p>\n\n","protected":false},"excerpt":{"rendered":"<p>\u00bfQUI\u00c9N ES FLEXXIBLE? Flexxible, es el proveedor l\u00edder en soluciones de monitorizaci\u00f3n y gesti\u00f3n de dispositivos f\u00edsicos y virtuales en remoto (RMM). Flexxible te simplifica la asistencia al usuario final y los an\u00e1lisis Al utilizar una combinaci\u00f3n de herramientas de automatizaci\u00f3n, supervisi\u00f3n, soporte y observabilidad, permitimos una estrategia de EUC madura y lista para usar [&hellip;]<\/p>\n","protected":false},"author":6,"featured_media":0,"parent":79554,"menu_order":0,"comment_status":"closed","ping_status":"closed","template":"templates\/template-vendor-category.php","meta":{"_acf_changed":false,"_genesis_hide_title":false,"_genesis_hide_breadcrumbs":false,"_genesis_hide_singular_image":false,"_genesis_hide_footer_widgets":false,"_genesis_custom_body_class":"","_genesis_custom_post_class":"","_genesis_layout":"","footnotes":""},"class_list":{"0":"post-400258","1":"page","2":"type-page","3":"status-publish","5":"entry"},"acf":[],"_links":{"self":[{"href":"https:\/\/www.v-valley.com\/es\/wp-json\/wp\/v2\/pages\/400258","targetHints":{"allow":["GET"]}}],"collection":[{"href":"https:\/\/www.v-valley.com\/es\/wp-json\/wp\/v2\/pages"}],"about":[{"href":"https:\/\/www.v-valley.com\/es\/wp-json\/wp\/v2\/types\/page"}],"author":[{"embeddable":true,"href":"https:\/\/www.v-valley.com\/es\/wp-json\/wp\/v2\/users\/6"}],"replies":[{"embeddable":true,"href":"https:\/\/www.v-valley.com\/es\/wp-json\/wp\/v2\/comments?post=400258"}],"version-history":[{"count":0,"href":"https:\/\/www.v-valley.com\/es\/wp-json\/wp\/v2\/pages\/400258\/revisions"}],"up":[{"embeddable":true,"href":"https:\/\/www.v-valley.com\/es\/wp-json\/wp\/v2\/pages\/79554"}],"wp:attachment":[{"href":"https:\/\/www.v-valley.com\/es\/wp-json\/wp\/v2\/media?parent=400258"}],"curies":[{"name":"wp","href":"https:\/\/api.w.org\/{rel}","templated":true}]}}