{"id":397444,"date":"2023-11-08T17:53:51","date_gmt":"2023-11-08T16:53:51","guid":{"rendered":"https:\/\/www.v-valley.com\/vendor\/scality\/"},"modified":"2025-09-18T12:21:57","modified_gmt":"2025-09-18T10:21:57","slug":"scality","status":"publish","type":"page","link":"https:\/\/www.v-valley.com\/es\/vendor\/scality\/","title":{"rendered":"Scality"},"content":{"rendered":"\r\n\r\n\t\t\t\t<img loading=\"lazy\" decoding=\"async\" src=\"https:\/\/statics.v-valley.com\/prod\/2023\/05\/logo-scality.gif\" alt=\"logo-scality\" itemprop=\"image\" height=\"55\" width=\"140\" title=\"logo-scality\" onerror=\"this.style.display='none'\"  \/>\r\n<h2>\r\n\t\t\u00bfQUI\u00c9N ES SCALITY?\r\n\t<\/h2>\r\n\t<p><strong>Scality<\/strong> es una compa\u00f1\u00eda especializada en el desarrollo de software de almacenamiento de objetos. Resuelve los desaf\u00edos de almacenamiento de datos m\u00e1s dif\u00edciles de las organizaciones. Scality proporciona soluciones escalables y confiables para gestionar grandes cantidades de datos de manera eficiente y econ\u00f3mica.<\/p>\r\n<p>Adem\u00e1s, ofrece algunas herramientas de c\u00f3digo abierto, como Zenko y CloudServer, que son compatibles con la API de la <strong>plataforma Amazon S3<\/strong>.<\/p>\r\n<h2>\r\n\t\tLOS PRODUCTOS DE SCALITY\r\n\t<\/h2>\r\n\t<p><strong><u>Scality RING<\/u><\/strong>:<\/p>\r\n<p>Este es su producto m\u00e1s destacado de la arquitectura de datos en la nube de Scality. El Scality RING es un software de almacenamiento de objetos que permite la escalabilidad en todas las dimensiones cr\u00edticas: capacidad, rendimiento, aplicaciones nuevas y ubicaci\u00f3n de datos (desde el n\u00facleo hasta la nube y el extremo).<\/p>\r\n<p>Proporciona un 100% de tiempo de actividad, seguridad de nivel empresarial, protecci\u00f3n contra ransomware y una resistencia excepcional.<\/p>\r\n<p><strong><u>ARTESCA<\/u><\/strong><u>:<\/u><\/p>\r\n<p>Es un software de almacenamiento de objetos S3 simple y seguro que se <strong>integra perfectamente con Veeam<\/strong> para realizar copias de seguridad inmutables, a prueba de ransomware.<\/p>\r\n<p>Es el \u00fanico software de almacenamiento de objetos S3 dise\u00f1ado para ofrecer la forma m\u00e1s s\u00f3lida de inmutabilidad de datos, adem\u00e1s de una ciberresiliencia de extremo a extremo.<\/p>\r\n\t<p>Almacenamiento<\/p>\r\n\t<p>Software de backup y dr<\/p>\r\n\t<p>Soluciones para service provider<\/p>\r\n\r\n","protected":false},"excerpt":{"rendered":"<p>\u00bfQUI\u00c9N ES SCALITY? Scality es una compa\u00f1\u00eda especializada en el desarrollo de software de almacenamiento de objetos. Resuelve los desaf\u00edos de almacenamiento de datos m\u00e1s dif\u00edciles de las organizaciones. Scality proporciona soluciones escalables y confiables para gestionar grandes cantidades de datos de manera eficiente y econ\u00f3mica. Adem\u00e1s, ofrece algunas herramientas de c\u00f3digo abierto, como Zenko [&hellip;]<\/p>\n","protected":false},"author":6,"featured_media":0,"parent":79554,"menu_order":0,"comment_status":"closed","ping_status":"closed","template":"templates\/template-vendor-category.php","meta":{"_acf_changed":false,"_genesis_hide_title":false,"_genesis_hide_breadcrumbs":false,"_genesis_hide_singular_image":false,"_genesis_hide_footer_widgets":false,"_genesis_custom_body_class":"","_genesis_custom_post_class":"","_genesis_layout":"","footnotes":""},"class_list":{"0":"post-397444","1":"page","2":"type-page","3":"status-publish","5":"entry"},"acf":[],"_links":{"self":[{"href":"https:\/\/www.v-valley.com\/es\/wp-json\/wp\/v2\/pages\/397444","targetHints":{"allow":["GET"]}}],"collection":[{"href":"https:\/\/www.v-valley.com\/es\/wp-json\/wp\/v2\/pages"}],"about":[{"href":"https:\/\/www.v-valley.com\/es\/wp-json\/wp\/v2\/types\/page"}],"author":[{"embeddable":true,"href":"https:\/\/www.v-valley.com\/es\/wp-json\/wp\/v2\/users\/6"}],"replies":[{"embeddable":true,"href":"https:\/\/www.v-valley.com\/es\/wp-json\/wp\/v2\/comments?post=397444"}],"version-history":[{"count":2,"href":"https:\/\/www.v-valley.com\/es\/wp-json\/wp\/v2\/pages\/397444\/revisions"}],"predecessor-version":[{"id":600637,"href":"https:\/\/www.v-valley.com\/es\/wp-json\/wp\/v2\/pages\/397444\/revisions\/600637"}],"up":[{"embeddable":true,"href":"https:\/\/www.v-valley.com\/es\/wp-json\/wp\/v2\/pages\/79554"}],"wp:attachment":[{"href":"https:\/\/www.v-valley.com\/es\/wp-json\/wp\/v2\/media?parent=397444"}],"curies":[{"name":"wp","href":"https:\/\/api.w.org\/{rel}","templated":true}]}}