{"id":343846,"date":"2024-04-17T15:39:43","date_gmt":"2024-04-17T13:39:43","guid":{"rendered":"https:\/\/www.v-valley.com\/?page_id=343846"},"modified":"2024-04-17T15:39:43","modified_gmt":"2024-04-17T13:39:43","slug":"object-first","status":"publish","type":"page","link":"https:\/\/www.v-valley.com\/es\/vendor\/object-first\/","title":{"rendered":"Object First"},"content":{"rendered":"\n\n\t\t\t\t<img loading=\"lazy\" decoding=\"async\" src=\"https:\/\/statics.v-valley.com\/prod\/2024\/04\/logo_object_first.png\" alt=\"logo_object_first\" itemprop=\"image\" height=\"55\" width=\"140\" title=\"logo_object_first\" onerror=\"this.style.display='none'\"  \/>\n<h2>\n\t\t\u00bfQUI\u00c9N ES OBJECT FIRST?\n\t<\/h2>\n\t<p>Obt\u00e9n almacenamiento de respaldo seguro, simple, potente y con inmutabilidad lista para usar, optimizada espec\u00edficamente para Veeam.<\/p>\n<p><strong>Ootbi &#8211; El mejor almacenamiento para Veeam<\/strong><\/p>\n<p>A prueba de ransomware e inmutable desde el primer momento, el dispositivo <strong>Ootbi de Object First<\/strong> proporciona almacenamiento de respaldo seguro, simple y potente en las instalaciones para los clientes de Veeam, sin necesidad de experiencia en seguridad.<\/p>\n<h2>\n\t\tLOS PRODUCTOS DE OBJECT FIRST\n\t<\/h2>\n\t<p>En un mundo donde las empresas son v\u00edctimas de ransomware cada 11 segundos, y las copias de seguridad suelen ser el objetivo, la inmutabilidad lista para usar de <strong>Ootbi ayuda a hacer que los datos de respaldo sean a prueba de ransomware<\/strong>. Dise\u00f1ado en torno a los principios de seguridad de datos y confianza cero con inmutabilidad incorporada, Ootbi ayuda a <strong>reducir dr\u00e1sticamente el riesgo<\/strong> de que el ransomware afecte los datos de respaldo. Un sistema operativo Linux reforzado y personalizado aumenta la seguridad, y el acceso a los datos o al sistema operativo, no podr\u00e1n ser modificados ni por el usuario con mayores privilegios, Ootbi no podr\u00e1 ser alterado ni ninguno de sus datos inmutables.<\/p>\n<p><strong>Arquitectura de Resiliencia de Datos de Confianza Cero (ZTDR)<\/strong><\/p>\n<p><strong>Ootbi<\/strong> est\u00e1 completamente <strong>separado del servidor de Veeam Backup &amp; Replication<\/strong> debido a la arquitectura ZTDR y el factor de forma seguro del dispositivo, esto garantiza la segmentaci\u00f3n adecuada entre las capas de Software de Respaldo y Almacenamiento de Respaldo para garantizar la resistencia total al ransomware.<\/p>\n\n","protected":false},"excerpt":{"rendered":"<p>\u00bfQUI\u00c9N ES OBJECT FIRST? Obt\u00e9n almacenamiento de respaldo seguro, simple, potente y con inmutabilidad lista para usar, optimizada espec\u00edficamente para Veeam. Ootbi &#8211; El mejor almacenamiento para Veeam A prueba de ransomware e inmutable desde el primer momento, el dispositivo Ootbi de Object First proporciona almacenamiento de respaldo seguro, simple y potente en las instalaciones [&hellip;]<\/p>\n","protected":false},"author":6,"featured_media":0,"parent":79554,"menu_order":0,"comment_status":"closed","ping_status":"closed","template":"templates\/template-vendor-category.php","meta":{"_acf_changed":false,"_genesis_hide_title":false,"_genesis_hide_breadcrumbs":false,"_genesis_hide_singular_image":false,"_genesis_hide_footer_widgets":false,"_genesis_custom_body_class":"","_genesis_custom_post_class":"","_genesis_layout":"","footnotes":""},"class_list":{"0":"post-343846","1":"page","2":"type-page","3":"status-publish","5":"entry"},"acf":[],"_links":{"self":[{"href":"https:\/\/www.v-valley.com\/es\/wp-json\/wp\/v2\/pages\/343846","targetHints":{"allow":["GET"]}}],"collection":[{"href":"https:\/\/www.v-valley.com\/es\/wp-json\/wp\/v2\/pages"}],"about":[{"href":"https:\/\/www.v-valley.com\/es\/wp-json\/wp\/v2\/types\/page"}],"author":[{"embeddable":true,"href":"https:\/\/www.v-valley.com\/es\/wp-json\/wp\/v2\/users\/6"}],"replies":[{"embeddable":true,"href":"https:\/\/www.v-valley.com\/es\/wp-json\/wp\/v2\/comments?post=343846"}],"version-history":[{"count":0,"href":"https:\/\/www.v-valley.com\/es\/wp-json\/wp\/v2\/pages\/343846\/revisions"}],"up":[{"embeddable":true,"href":"https:\/\/www.v-valley.com\/es\/wp-json\/wp\/v2\/pages\/79554"}],"wp:attachment":[{"href":"https:\/\/www.v-valley.com\/es\/wp-json\/wp\/v2\/media?parent=343846"}],"curies":[{"name":"wp","href":"https:\/\/api.w.org\/{rel}","templated":true}]}}