{"id":343837,"date":"2024-04-17T15:31:47","date_gmt":"2024-04-17T13:31:47","guid":{"rendered":"https:\/\/www.v-valley.com\/?page_id=343837"},"modified":"2024-04-17T15:31:47","modified_gmt":"2024-04-17T13:31:47","slug":"anydesk","status":"publish","type":"page","link":"https:\/\/www.v-valley.com\/es\/vendor\/anydesk\/","title":{"rendered":"AnyDesk"},"content":{"rendered":"\n\n\t\t\t\t<img loading=\"lazy\" decoding=\"async\" src=\"https:\/\/statics.v-valley.com\/prod\/2024\/04\/logo_anydesk.png\" alt=\"logo_anydesk\" itemprop=\"image\" height=\"55\" width=\"140\" title=\"logo_anydesk\" onerror=\"this.style.display='none'\"  \/>\n<h2>\n\t\t\u00bfQUI\u00c9N ES ANYDESK?\n\t<\/h2>\n\t<p><strong>AnyDesk<\/strong> es un proveedor de software de escritorio remoto l\u00edder en todo el mundo.<\/p>\n<p>AnyDesk permite conexiones remotas entre los profesionales de TI y los dispositivos de los clientes para resolver problemas t\u00e9cnicos, adem\u00e1s de facilitar el trabajo a distancia, lo que permite que m\u00e1s personas puedan trabajar desde cualquier lugar.<\/p>\n<h2>\n\t\tLOS PRODUCTOS DE ANYDESK\n\t<\/h2>\n\t<ul>\n<li><strong>Soporte remoto<\/strong>: Proporciona soporte inform\u00e1tico \u00f3ptimo desde cualquier lugar. Tanto si te encuentras en la oficina de al lado o en la otra punta del mundo, el soporte remoto a trav\u00e9s de AnyDesk resuelve cualquier problema de TI. Seguro y fiable, para profesionales de TI y proveedores de servicios de TI.\n<\/li>\n<li><strong>Trabajo remoto<\/strong>: Trabaja eficazmente desde cualquier lugar. El software de escritorio remoto de AnyDesk permite a los miembros de tu equipo trabajar dondequiera que se encuentren. Convierte cualquier lugar en su espacio de trabajo.\n<\/li>\n<li><strong>Acceso remoto<\/strong>: Capacidad de acceder a un ordenador o a una red a distancia.<\/li>\n<\/ul>\n<h2>\n\t\tLICENCIAS ANYDESK:\n\t<\/h2>\n\t<ul>\n<li><strong>Solo<\/strong>: es una licencia de usuario \u00fanico para profesionales de negocios aut\u00f3nomos, freelance y especialistas en TI. Ofrece un conjunto de funciones b\u00e1sicas para trabajo remoto y soporte remoto.<\/li>\n<li><strong>Standard<\/strong>: es la licencia ideal para equipos y empresas peque\u00f1as y medianas, desde departamentos de TI hasta proveedores de servicios administrados que deseen utilizar AnyDesk con un conjunto b\u00e1sico de funciones comerciales.<\/li>\n<li><strong>Advanced<\/strong>: incluye un conjunto completo de funciones comerciales dise\u00f1adas para empresas medianas y equipos m\u00e1s grandes en todos los Industrias para las que la colaboraci\u00f3n es clave y las m\u00faltiples conexiones simult\u00e1neas son imprescindibles.<\/li>\n<li><strong>Ultimate<\/strong>: Soluci\u00f3n Premium de escritorio remoto para grandes empresas y organizaciones con necesidades individuales. Adaptable al caso de uso del cliente.<\/li>\n<\/ul>\n\t<p>\ud83d\udce9 Para m\u00e1s informaci\u00f3n y precios: <a href=\"mailto:anydesk@v-valley.com\">anydesk@v-valley.com<\/a><\/p>\n\n","protected":false},"excerpt":{"rendered":"<p>\u00bfQUI\u00c9N ES ANYDESK? AnyDesk es un proveedor de software de escritorio remoto l\u00edder en todo el mundo. AnyDesk permite conexiones remotas entre los profesionales de TI y los dispositivos de los clientes para resolver problemas t\u00e9cnicos, adem\u00e1s de facilitar el trabajo a distancia, lo que permite que m\u00e1s personas puedan trabajar desde cualquier lugar. LOS [&hellip;]<\/p>\n","protected":false},"author":6,"featured_media":0,"parent":79554,"menu_order":0,"comment_status":"closed","ping_status":"closed","template":"templates\/template-vendor-category.php","meta":{"_acf_changed":false,"_genesis_hide_title":false,"_genesis_hide_breadcrumbs":false,"_genesis_hide_singular_image":false,"_genesis_hide_footer_widgets":false,"_genesis_custom_body_class":"","_genesis_custom_post_class":"","_genesis_layout":"","footnotes":""},"class_list":{"0":"post-343837","1":"page","2":"type-page","3":"status-publish","5":"entry"},"acf":[],"_links":{"self":[{"href":"https:\/\/www.v-valley.com\/es\/wp-json\/wp\/v2\/pages\/343837","targetHints":{"allow":["GET"]}}],"collection":[{"href":"https:\/\/www.v-valley.com\/es\/wp-json\/wp\/v2\/pages"}],"about":[{"href":"https:\/\/www.v-valley.com\/es\/wp-json\/wp\/v2\/types\/page"}],"author":[{"embeddable":true,"href":"https:\/\/www.v-valley.com\/es\/wp-json\/wp\/v2\/users\/6"}],"replies":[{"embeddable":true,"href":"https:\/\/www.v-valley.com\/es\/wp-json\/wp\/v2\/comments?post=343837"}],"version-history":[{"count":0,"href":"https:\/\/www.v-valley.com\/es\/wp-json\/wp\/v2\/pages\/343837\/revisions"}],"up":[{"embeddable":true,"href":"https:\/\/www.v-valley.com\/es\/wp-json\/wp\/v2\/pages\/79554"}],"wp:attachment":[{"href":"https:\/\/www.v-valley.com\/es\/wp-json\/wp\/v2\/media?parent=343837"}],"curies":[{"name":"wp","href":"https:\/\/api.w.org\/{rel}","templated":true}]}}