{"id":305657,"date":"2024-02-06T16:36:52","date_gmt":"2024-02-06T15:36:52","guid":{"rendered":"https:\/\/www.v-valley.com\/?page_id=305657"},"modified":"2024-07-24T09:32:47","modified_gmt":"2024-07-24T07:32:47","slug":"virtual-cable","status":"publish","type":"page","link":"https:\/\/www.v-valley.com\/es\/vendor\/virtual-cable\/","title":{"rendered":"Virtual Cable"},"content":{"rendered":"\n\n\t\t\t\t<img loading=\"lazy\" decoding=\"async\" src=\"https:\/\/statics.v-valley.com\/prod\/2024\/01\/logo-virtual-cable.gif\" alt=\"logo-virtual-cable\" itemprop=\"image\" height=\"55\" width=\"140\" title=\"logo-virtual-cable\" onerror=\"this.style.display='none'\"  \/>\n<h2>\n\t\t\u00bfQUI\u00c9N ES VIRTUAL CABLE?\n\t<\/h2>\n\tVirtual Cable es una compa\u00f1\u00eda especializada en la transformaci\u00f3n digital del puesto de trabajo. Desde hace m\u00e1s de una d\u00e9cada, la empresa desarrolla, soporta y comercializa UDS Enterprise. Su equipo de expertos ha dise\u00f1ado soluciones VDI a medida de cada sector, al alcance de todos y para cualquier perfil de usuario.<br \/>\nNuestro software UDS Enterprise permite crear un sistema de virtualizaci\u00f3n del puesto de trabajo totalmente adaptado a las necesidades de cada proyecto. Optimiza y consolida sus infraestructuras existentes. Mejora la eficiencia, sostenibilidad, ciberseguridad y resiliencia de las organizaciones.\n<h2>\n\t\tLOS PRODUCTOS DE VIRTUAL CABLE\n\t<\/h2>\n\tUDS Enterprise es un nuevo concepto de software para crear una plataforma de virtualizaci\u00f3n del puesto de trabajo totalmente personalizada. Proporciona acceso seguro 24&#215;7, desde cualquier lugar y dispositivo a todas las aplicaciones y software de una organizaci\u00f3n o centro educativo.<br \/>\nPermite aunar en una \u00fanica consola virtualizaci\u00f3n de escritorios y aplicaciones Windows y Linux, adem\u00e1s de acceso remoto a equipos Windows, Linux y macOS.<br \/>\nSu base Open Source garantiza compatibilidad con cualquier tecnolog\u00eda de terceros. Se puede desplegar on premise, en nube p\u00fablica, privada, h\u00edbrida o multicloud. Incluso combinar varios entornos al mismo tiempo y realizar desbordamientos autom\u00e1ticos e inteligentes para optimizar el rendimiento y la eficiencia.<br \/>\nTodo con una \u00fanica suscripci\u00f3n. \n\t<p>Virtualizaci\u00f3n del puesto de trabajo<\/p>\n\t<p>Escritorios virtuales (VDI)<\/p>\n\t<p>Aplicaciones virtuales<\/p>\n\t<p>Acceso remoto a equipos f\u00edsicos<\/p>\n\t<p>Soluciones para Service Providers (DaaS)<\/p>\n\n","protected":false},"excerpt":{"rendered":"<p>\u00bfQUI\u00c9N ES VIRTUAL CABLE? Virtual Cable es una compa\u00f1\u00eda especializada en la transformaci\u00f3n digital del puesto de trabajo. Desde hace m\u00e1s de una d\u00e9cada, la empresa desarrolla, soporta y comercializa UDS Enterprise. Su equipo de expertos ha dise\u00f1ado soluciones VDI a medida de cada sector, al alcance de todos y para cualquier perfil de usuario. [&hellip;]<\/p>\n","protected":false},"author":6,"featured_media":0,"parent":79554,"menu_order":0,"comment_status":"closed","ping_status":"closed","template":"templates\/template-vendor-category.php","meta":{"_acf_changed":false,"_genesis_hide_title":false,"_genesis_hide_breadcrumbs":false,"_genesis_hide_singular_image":false,"_genesis_hide_footer_widgets":false,"_genesis_custom_body_class":"","_genesis_custom_post_class":"","_genesis_layout":"","footnotes":""},"class_list":{"0":"post-305657","1":"page","2":"type-page","3":"status-publish","5":"entry"},"acf":[],"_links":{"self":[{"href":"https:\/\/www.v-valley.com\/es\/wp-json\/wp\/v2\/pages\/305657","targetHints":{"allow":["GET"]}}],"collection":[{"href":"https:\/\/www.v-valley.com\/es\/wp-json\/wp\/v2\/pages"}],"about":[{"href":"https:\/\/www.v-valley.com\/es\/wp-json\/wp\/v2\/types\/page"}],"author":[{"embeddable":true,"href":"https:\/\/www.v-valley.com\/es\/wp-json\/wp\/v2\/users\/6"}],"replies":[{"embeddable":true,"href":"https:\/\/www.v-valley.com\/es\/wp-json\/wp\/v2\/comments?post=305657"}],"version-history":[{"count":0,"href":"https:\/\/www.v-valley.com\/es\/wp-json\/wp\/v2\/pages\/305657\/revisions"}],"up":[{"embeddable":true,"href":"https:\/\/www.v-valley.com\/es\/wp-json\/wp\/v2\/pages\/79554"}],"wp:attachment":[{"href":"https:\/\/www.v-valley.com\/es\/wp-json\/wp\/v2\/media?parent=305657"}],"curies":[{"name":"wp","href":"https:\/\/api.w.org\/{rel}","templated":true}]}}