{"id":296934,"date":"2023-12-15T15:54:52","date_gmt":"2023-12-15T14:54:52","guid":{"rendered":"https:\/\/www.v-valley.com\/?page_id=296934"},"modified":"2025-03-14T12:57:45","modified_gmt":"2025-03-14T11:57:45","slug":"compliance","status":"publish","type":"page","link":"https:\/\/www.v-valley.com\/es\/compliance\/","title":{"rendered":"Compliance"},"content":{"rendered":"\n<h2>\n\t\tDocumentos relativos a la empresa V-Valley Advanced Solutions Espa\u00f1a, S.A.U.\n\t<\/h2>\n<h3>\n\t\tCanal de comunicaci\u00f3n de infracciones\n\t<\/h3>\n\t<p>Grupo Esprinet dispone de un sistema de informaci\u00f3n mediante el cual si una parte interesada detecta un posible fraude, agravio, infracci\u00f3n de normativa o irregularidad puede realizar una comunicaci\u00f3n a trav\u00e9s de los canales indicados en la Pol\u00edtica Whistleblowing de la compa\u00f1\u00eda o en la siguiente direcci\u00f3n: <a href=\"https:\/\/esprinet.eticainsieme.it\/#\/\" target=\"_blank\" rel=\"noopener\">https:\/\/esprinet.eticainsieme.it\/#\/<\/a><\/p>\n\t<p><strong>Espa\u00f1ol<\/strong><\/p>\n\t<a href=\"https:\/\/statics.v-valley.com\/prod\/2023\/12\/ESDIS01001-POLITICA-PARA-LA-PREVENCION-DEL-FRAUDE-Y-VIOLACION-DEL-CODIGO-ETICO.pdf\" target=\"_self\" role=\"button\" download=\"ESDIS01001-POLITICA-PARA-LA-PREVENCION-DEL-FRAUDE-Y-VIOLACION-DEL-CODIGO-ETICO.pdf\" aria-label=\"Pol\u00edtica Whistleblowing\">\n\t\t\t\t\t\tPol\u00edtica Whistleblowing\n\t\t\t\t\t<\/a>\n\t<p><strong>English<\/strong><\/p>\n\t<a href=\"https:\/\/statics.v-valley.com\/prod\/2024\/03\/ESDIS01001-POLITICA-PARA-LA-PREVENCION-DEL-FRAUDE-Y-VIOLACION-DEL-CODIGO-ETICO-ENG-Rev.-05.pdf\" target=\"_self\" role=\"button\" download=\"ESDIS01001-POLITICA-PARA-LA-PREVENCION-DEL-FRAUDE-Y-VIOLACION-DEL-CODIGO-ETICO-ENG-Rev.-05.pdf\" aria-label=\"Whistleblowing Policy\">\n\t\t\t\t\t\tWhistleblowing Policy\n\t\t\t\t\t<\/a>\n<h3>\n\t\tC\u00f3digo \u00c9tico\n\t<\/h3>\n\t<p>El C\u00f3digo \u00c9tico, que aplica a todas las actividades realizadas por el Grupo Esprinet, establece las pautas de conducta y regula el conjunto de derechos, obligaciones y responsabilidades que el Grupo asume expresamente con sus propias partes interesadas.<\/p>\n\t<p><strong>Espa\u00f1ol<\/strong><\/p>\n\t<a href=\"https:\/\/statics.v-valley.com\/prod\/2023\/12\/ESLIG00003-CODIGO-ETICO.pdf\" target=\"_self\" role=\"button\" download=\"ESLIG00003-CODIGO-ETICO.pdf\" aria-label=\"C\u00f3digo etico\">\n\t\t\t\t\t\tC\u00f3digo etico\n\t\t\t\t\t<\/a>\n\t<p><strong>English<\/strong><\/p>\n\t<a href=\"https:\/\/statics.v-valley.com\/prod\/2023\/12\/Codice_Etico_2023_rev.EN_.pdf\" target=\"_self\" role=\"button\" download=\"Codice_Etico_2023_rev.EN_.pdf\" aria-label=\"Code of Ethics\">\n\t\t\t\t\t\tCode of Ethics\n\t\t\t\t\t<\/a>\n<h3>\n\t\tC\u00f3digo de Conducta de Proveedores\n\t<\/h3>\n\t<p>El Grupo ha definido un C\u00f3digo de Conducta que sirve de gu\u00eda para establecer relaciones comerciales con sus propios proveedores y socios comerciales de la cadena de suministro que se caractericen por la transparencia, la equidad y las pr\u00e1cticas comerciales \u00e9ticas. <\/p>\n\t<p><strong>Espa\u00f1ol<\/strong><\/p>\n\t<a href=\"https:\/\/statics.v-valley.com\/prod\/2023\/12\/ESLIG00004-CODIGO-DE-CONDUCTA-DE-PROVEEDORES.pdf\" target=\"_self\" role=\"button\" download=\"ESLIG00004-CODIGO-DE-CONDUCTA-DE-PROVEEDORES.pdf\" aria-label=\"C\u00f3digo de Conducta\">\n\t\t\t\t\t\tC\u00f3digo de Conducta\n\t\t\t\t\t<\/a>\n\t<p><strong>English<\/strong><\/p>\n\t<a href=\"https:\/\/statics.v-valley.com\/prod\/2023\/12\/Code-of-Conduct-Supply-Chain-2023-ENG.pdf\" target=\"_self\" role=\"button\" download=\"Code-of-Conduct-Supply-Chain-2023-ENG.pdf\" aria-label=\"Code of Conduct\">\n\t\t\t\t\t\tCode of Conduct\n\t\t\t\t\t<\/a>\n\n","protected":false},"excerpt":{"rendered":"<p>Documentos relativos a la empresa V-Valley Advanced Solutions Espa\u00f1a, S.A.U. Canal de comunicaci\u00f3n de infracciones Grupo Esprinet dispone de un sistema de informaci\u00f3n mediante el cual si una parte interesada detecta un posible fraude, agravio, infracci\u00f3n de normativa o irregularidad puede realizar una comunicaci\u00f3n a trav\u00e9s de los canales indicados en la Pol\u00edtica Whistleblowing de [&hellip;]<\/p>\n","protected":false},"author":6,"featured_media":0,"parent":0,"menu_order":0,"comment_status":"closed","ping_status":"closed","template":"templates\/template-simple.php","meta":{"_acf_changed":false,"_genesis_hide_title":false,"_genesis_hide_breadcrumbs":false,"_genesis_hide_singular_image":false,"_genesis_hide_footer_widgets":false,"_genesis_custom_body_class":"","_genesis_custom_post_class":"","_genesis_layout":"","footnotes":""},"class_list":{"0":"post-296934","1":"page","2":"type-page","3":"status-publish","5":"entry"},"acf":[],"_links":{"self":[{"href":"https:\/\/www.v-valley.com\/es\/wp-json\/wp\/v2\/pages\/296934","targetHints":{"allow":["GET"]}}],"collection":[{"href":"https:\/\/www.v-valley.com\/es\/wp-json\/wp\/v2\/pages"}],"about":[{"href":"https:\/\/www.v-valley.com\/es\/wp-json\/wp\/v2\/types\/page"}],"author":[{"embeddable":true,"href":"https:\/\/www.v-valley.com\/es\/wp-json\/wp\/v2\/users\/6"}],"replies":[{"embeddable":true,"href":"https:\/\/www.v-valley.com\/es\/wp-json\/wp\/v2\/comments?post=296934"}],"version-history":[{"count":2,"href":"https:\/\/www.v-valley.com\/es\/wp-json\/wp\/v2\/pages\/296934\/revisions"}],"predecessor-version":[{"id":521847,"href":"https:\/\/www.v-valley.com\/es\/wp-json\/wp\/v2\/pages\/296934\/revisions\/521847"}],"wp:attachment":[{"href":"https:\/\/www.v-valley.com\/es\/wp-json\/wp\/v2\/media?parent=296934"}],"curies":[{"name":"wp","href":"https:\/\/api.w.org\/{rel}","templated":true}]}}