{"id":253124,"date":"2023-09-21T15:47:10","date_gmt":"2023-09-21T13:47:10","guid":{"rendered":"https:\/\/www.v-valley.com\/?page_id=253124"},"modified":"2023-09-21T16:32:42","modified_gmt":"2023-09-21T14:32:42","slug":"sanyo-denki","status":"publish","type":"page","link":"https:\/\/www.v-valley.com\/es\/vendor\/sanyo-denki\/","title":{"rendered":"Sanyo Denki"},"content":{"rendered":"\r\n\r\n\t\t\t\t<img loading=\"lazy\" decoding=\"async\" src=\"https:\/\/statics.v-valley.com\/prod\/2023\/09\/logo-sanyo-denki.gif\" alt=\"logo-sanyo-denki\" itemprop=\"image\" height=\"55\" width=\"140\" title=\"logo-sanyo-denki\" onerror=\"this.style.display='none'\"  \/>\r\n<h2>\r\n\t\t\u00bfQUI\u00c9N ES SANYO DENKI?\r\n\t<\/h2>\r\n\t<p>Sanyo Denki America desarrolla soluciones de gesti\u00f3n t\u00e9rmica y proporcionan confiabilidad y rendimiento l\u00edderes en la industria. Desde 1927, ofrecen productos altamente competitivos y es la marca m\u00e1s buscada del mercado.<\/p>\r\n<p>Tiene su sede en Tokyo. Disponen de sucursales de ventas y soporte t\u00e9cnico en los EE. UU., Europa, Jap\u00f3n, Corea, Taiw\u00e1n, Hong Kong, China continental, Singapur, Tailandia y Filipinas.<\/p>\r\n<h2>\r\n\t\tLOS PRODUCTOS DE SANYO DENKI\r\n\t<\/h2>\r\n\tL\u00edneas de producto SANYO DENKI:<br \/>\r\n&#8211; SAN ACE: Ventiladores y sistemas de enfriamiento<br \/>\r\n&#8211; SANUPS: Fuentes de energ\u00eda ininterrumpida<br \/>\r\n&#8211; SANMOTION: Generadores de motores y acondicionadores de energ\u00eda solar y sistemas de servomotores y motores paso a paso\r\n\t<p>M2M\/IoT<\/p>\r\n\t<p>Infraestructura del CPD<\/p>\r\n\r\n","protected":false},"excerpt":{"rendered":"<p>\u00bfQUI\u00c9N ES SANYO DENKI? Sanyo Denki America desarrolla soluciones de gesti\u00f3n t\u00e9rmica y proporcionan confiabilidad y rendimiento l\u00edderes en la industria. Desde 1927, ofrecen productos altamente competitivos y es la marca m\u00e1s buscada del mercado. Tiene su sede en Tokyo. Disponen de sucursales de ventas y soporte t\u00e9cnico en los EE. UU., Europa, Jap\u00f3n, Corea, [&hellip;]<\/p>\n","protected":false},"author":6,"featured_media":0,"parent":79554,"menu_order":0,"comment_status":"closed","ping_status":"closed","template":"templates\/template-vendor-category.php","meta":{"_acf_changed":false,"_genesis_hide_title":false,"_genesis_hide_breadcrumbs":false,"_genesis_hide_singular_image":false,"_genesis_hide_footer_widgets":false,"_genesis_custom_body_class":"","_genesis_custom_post_class":"","_genesis_layout":"","footnotes":""},"class_list":{"0":"post-253124","1":"page","2":"type-page","3":"status-publish","5":"entry"},"acf":[],"_links":{"self":[{"href":"https:\/\/www.v-valley.com\/es\/wp-json\/wp\/v2\/pages\/253124","targetHints":{"allow":["GET"]}}],"collection":[{"href":"https:\/\/www.v-valley.com\/es\/wp-json\/wp\/v2\/pages"}],"about":[{"href":"https:\/\/www.v-valley.com\/es\/wp-json\/wp\/v2\/types\/page"}],"author":[{"embeddable":true,"href":"https:\/\/www.v-valley.com\/es\/wp-json\/wp\/v2\/users\/6"}],"replies":[{"embeddable":true,"href":"https:\/\/www.v-valley.com\/es\/wp-json\/wp\/v2\/comments?post=253124"}],"version-history":[{"count":0,"href":"https:\/\/www.v-valley.com\/es\/wp-json\/wp\/v2\/pages\/253124\/revisions"}],"up":[{"embeddable":true,"href":"https:\/\/www.v-valley.com\/es\/wp-json\/wp\/v2\/pages\/79554"}],"wp:attachment":[{"href":"https:\/\/www.v-valley.com\/es\/wp-json\/wp\/v2\/media?parent=253124"}],"curies":[{"name":"wp","href":"https:\/\/api.w.org\/{rel}","templated":true}]}}