{"id":253078,"date":"2023-09-21T15:48:11","date_gmt":"2023-09-21T13:48:11","guid":{"rendered":"https:\/\/www.v-valley.com\/?page_id=253078"},"modified":"2023-09-21T16:33:01","modified_gmt":"2023-09-21T14:33:01","slug":"skylane-optics","status":"publish","type":"page","link":"https:\/\/www.v-valley.com\/es\/vendor\/skylane-optics\/","title":{"rendered":"Skylane Optics"},"content":{"rendered":"\r\n\r\n\t\t\t\t<img loading=\"lazy\" decoding=\"async\" src=\"https:\/\/statics.v-valley.com\/prod\/2023\/09\/logo-skylane-optics.gif\" alt=\"logo-skylane-optics\" itemprop=\"image\" height=\"55\" width=\"140\" title=\"logo-skylane-optics\" onerror=\"this.style.display='none'\"  \/>\r\n<h2>\r\n\t\t\u00bfQUI\u00c9N ES SKYLANE OPTICS?\r\n\t<\/h2>\r\n\t<p>Fundada en 1998, Skylane Optics es una empresa europea especializada en codificaci\u00f3n de m\u00f3dulos de fibra \u00f3ptica y en el suministro de una amplia gama de transceptores \u00f3pticos, productos pasivos y productos para el hogar inteligente.<\/p>\r\n<p>Skylane Optics garantizan la conectividad en despliegues FTTx, centros de datos, redes corporativas y campus y proyectos de banda ancha m\u00f3vil. Son proveedores de 2\/3 de las empresas operadoras de telecomunicaciones en Europa y, sus productos son compatibles con marcas l\u00edderes en tecnolog\u00eda como Cisco, HP, Ericsson, Avaya, D-Link, Alcatel-Lucent, Huawei, entre otras.<\/p>\r\n<h2>\r\n\t\tLOS PRODUCTOS DE SKYLANE OPTICS\r\n\t<\/h2>\r\n\tEl portfolio de Skylane Optics incluye:<br \/>\r\n&#8211; Transceptores de fibra \u00f3ptica de todo tipo como m\u00f3dulos SFP o m\u00f3dulos mini GBIC<br \/>\r\n&#8211; Cables<br \/>\r\n&#8211; Coding boxes<br \/>\r\n&#8211; Productos pasivos, como CWDM, que se adaptan a todas las necesidades de aplicaciones de comunicaciones de datos y telecomunicaciones\r\n<p>Todo el cat\u00e1logo de Skylane Optics cumple las normativas REACH, CSR y RoHS. Cuentan con la garant\u00eda y el soporte de estar legalmente garantizados, ya que ofrecen documentaci\u00f3n de cumplimiento donde la garant\u00eda y el soporte se mantienen v\u00e1lidos con el uso de transceptores de terceros.<\/p>\r\n\t<p>Comunicaciones IP y Videovigilancia<\/p>\r\n\t<p>Networking<\/p>\r\n\r\n","protected":false},"excerpt":{"rendered":"<p>\u00bfQUI\u00c9N ES SKYLANE OPTICS? Fundada en 1998, Skylane Optics es una empresa europea especializada en codificaci\u00f3n de m\u00f3dulos de fibra \u00f3ptica y en el suministro de una amplia gama de transceptores \u00f3pticos, productos pasivos y productos para el hogar inteligente. Skylane Optics garantizan la conectividad en despliegues FTTx, centros de datos, redes corporativas y campus [&hellip;]<\/p>\n","protected":false},"author":6,"featured_media":0,"parent":79554,"menu_order":0,"comment_status":"closed","ping_status":"closed","template":"templates\/template-vendor-category.php","meta":{"_acf_changed":false,"_genesis_hide_title":false,"_genesis_hide_breadcrumbs":false,"_genesis_hide_singular_image":false,"_genesis_hide_footer_widgets":false,"_genesis_custom_body_class":"","_genesis_custom_post_class":"","_genesis_layout":"","footnotes":""},"class_list":{"0":"post-253078","1":"page","2":"type-page","3":"status-publish","5":"entry"},"acf":[],"_links":{"self":[{"href":"https:\/\/www.v-valley.com\/es\/wp-json\/wp\/v2\/pages\/253078","targetHints":{"allow":["GET"]}}],"collection":[{"href":"https:\/\/www.v-valley.com\/es\/wp-json\/wp\/v2\/pages"}],"about":[{"href":"https:\/\/www.v-valley.com\/es\/wp-json\/wp\/v2\/types\/page"}],"author":[{"embeddable":true,"href":"https:\/\/www.v-valley.com\/es\/wp-json\/wp\/v2\/users\/6"}],"replies":[{"embeddable":true,"href":"https:\/\/www.v-valley.com\/es\/wp-json\/wp\/v2\/comments?post=253078"}],"version-history":[{"count":0,"href":"https:\/\/www.v-valley.com\/es\/wp-json\/wp\/v2\/pages\/253078\/revisions"}],"up":[{"embeddable":true,"href":"https:\/\/www.v-valley.com\/es\/wp-json\/wp\/v2\/pages\/79554"}],"wp:attachment":[{"href":"https:\/\/www.v-valley.com\/es\/wp-json\/wp\/v2\/media?parent=253078"}],"curies":[{"name":"wp","href":"https:\/\/api.w.org\/{rel}","templated":true}]}}