{"id":253062,"date":"2023-09-21T15:47:28","date_gmt":"2023-09-21T13:47:28","guid":{"rendered":"https:\/\/www.v-valley.com\/?page_id=253062"},"modified":"2023-09-21T16:32:51","modified_gmt":"2023-09-21T14:32:51","slug":"sato","status":"publish","type":"page","link":"https:\/\/www.v-valley.com\/es\/vendor\/sato\/","title":{"rendered":"SATO"},"content":{"rendered":"\r\n\r\n\t\t\t\t<img loading=\"lazy\" decoding=\"async\" src=\"https:\/\/statics.v-valley.com\/prod\/2022\/11\/logo_sato.gif\" alt=\"logo_sato\" itemprop=\"image\" height=\"55\" width=\"140\" title=\"logo_sato\" onerror=\"this.style.display='none'\"  \/>\r\n<h2>\r\n\t\t\u00bfQUI\u00c9N ES SATO?\r\n\t<\/h2>\r\n\t<p>SATO es un destacado proveedor internacional de soluciones de identificaci\u00f3n autom\u00e1tica que permite conectar a personas, productos e informaci\u00f3n.<\/p>\r\n<p>Da servicio a una amplia variedad de sectores para optimizar las operaciones, impulsar la productividad de los empleados y ayudar a los clientes a reducir su impacto ambiental. Integrando la tecnolog\u00eda de identificaci\u00f3n autom\u00e1tica con soluciones de hardware, etiquetamos identificadores con productos y personas en entornos empresariales y recopilamos datos en sistemas inform\u00e1ticos para su procesamiento.<\/p>\r\n<h2>\r\n\t\tLOS PRODUCTOS DE SATO\r\n\t<\/h2>\r\n\t&#8211; Impresoras: SATO fabrica una amplia gama de soluciones de impresi\u00f3n, lectura e impresi\u00f3n l\u00e1ser de gran fiabilidad y solidez para numerosos sectores de actividad.<br \/>\r\n&#8211; Consumibles: SATO proporciona una gama de etiquetas, identificadores, cintas, soluciones RFID y pulseras para complementar su oferta de productos.<br \/>\r\n&#8211; Dispositivos de etiquetado manual: Con m\u00e1s de 50 a\u00f1os de experiencia en la producci\u00f3n de dispositivos de etiquetado manual, SATO fabrica los dispositivos m\u00e1s resistentes, fiables y f\u00e1ciles de usar.<br \/>\r\n&#8211; Accesorios: SATO fabrica una serie de accesorios de \u00faltima generaci\u00f3n para complementar su gama de impresoras, lectores, impresoras l\u00e1ser y dispositivos de etiquetado manual.<br \/>\r\n&#8211; Software: para cubrir las necesidades de desarrolladores, administradores y usuarios.<br \/>\r\n&#8211; Lectores: SATO colabora con fabricantes de lectores, terminales de datos port\u00e1tiles y otros dispositivos para satisfacer las necesidades de captura de datos de nuestros clientes.\r\n\t<p>Impresoras tt-dt y tarjetas<\/p>\r\n\t<p>Accesorios para impresoras de tt-dt y tarjetas<\/p>\r\n\r\n","protected":false},"excerpt":{"rendered":"<p>\u00bfQUI\u00c9N ES SATO? SATO es un destacado proveedor internacional de soluciones de identificaci\u00f3n autom\u00e1tica que permite conectar a personas, productos e informaci\u00f3n. Da servicio a una amplia variedad de sectores para optimizar las operaciones, impulsar la productividad de los empleados y ayudar a los clientes a reducir su impacto ambiental. Integrando la tecnolog\u00eda de identificaci\u00f3n [&hellip;]<\/p>\n","protected":false},"author":6,"featured_media":0,"parent":79554,"menu_order":0,"comment_status":"closed","ping_status":"closed","template":"templates\/template-vendor-category.php","meta":{"_acf_changed":false,"_genesis_hide_title":false,"_genesis_hide_breadcrumbs":false,"_genesis_hide_singular_image":false,"_genesis_hide_footer_widgets":false,"_genesis_custom_body_class":"","_genesis_custom_post_class":"","_genesis_layout":"","footnotes":""},"class_list":{"0":"post-253062","1":"page","2":"type-page","3":"status-publish","5":"entry"},"acf":[],"_links":{"self":[{"href":"https:\/\/www.v-valley.com\/es\/wp-json\/wp\/v2\/pages\/253062","targetHints":{"allow":["GET"]}}],"collection":[{"href":"https:\/\/www.v-valley.com\/es\/wp-json\/wp\/v2\/pages"}],"about":[{"href":"https:\/\/www.v-valley.com\/es\/wp-json\/wp\/v2\/types\/page"}],"author":[{"embeddable":true,"href":"https:\/\/www.v-valley.com\/es\/wp-json\/wp\/v2\/users\/6"}],"replies":[{"embeddable":true,"href":"https:\/\/www.v-valley.com\/es\/wp-json\/wp\/v2\/comments?post=253062"}],"version-history":[{"count":0,"href":"https:\/\/www.v-valley.com\/es\/wp-json\/wp\/v2\/pages\/253062\/revisions"}],"up":[{"embeddable":true,"href":"https:\/\/www.v-valley.com\/es\/wp-json\/wp\/v2\/pages\/79554"}],"wp:attachment":[{"href":"https:\/\/www.v-valley.com\/es\/wp-json\/wp\/v2\/media?parent=253062"}],"curies":[{"name":"wp","href":"https:\/\/api.w.org\/{rel}","templated":true}]}}