{"id":253050,"date":"2023-09-21T15:46:37","date_gmt":"2023-09-21T13:46:37","guid":{"rendered":"https:\/\/www.v-valley.com\/?page_id=253050"},"modified":"2023-09-21T16:32:35","modified_gmt":"2023-09-21T14:32:35","slug":"queclink","status":"publish","type":"page","link":"https:\/\/www.v-valley.com\/es\/vendor\/queclink\/","title":{"rendered":"Queclink"},"content":{"rendered":"\r\n\r\n\t\t\t\t<img loading=\"lazy\" decoding=\"async\" src=\"https:\/\/statics.v-valley.com\/prod\/2023\/09\/logo-queclink.jpg\" alt=\"logo-queclink\" itemprop=\"image\" height=\"55\" width=\"140\" title=\"logo-queclink\" onerror=\"this.style.display='none'\"  \/>\r\n<h2>\r\n\t\t\u00bfQUI\u00c9N ES QUECLINK?\r\n\t<\/h2>\r\n\t<p>Los equipos de trabajo de Queclink motivan e impulsan de forma constante a los clientes para descubrir la tecnolog\u00eda basada en dispositivos y aplicaciones IoT y reinvemtar con ella sus negocios con soluciones inteligentes dise\u00f1adas por Queclink.<\/p>\r\n<h2>\r\n\t\tLOS PRODUCTOS DE QUECLINK\r\n\t<\/h2>\r\n\tTransporte: Seguimiento y monitorizaci\u00f3n a distancia de veh\u00edculos y conductores<br \/>\r\nActivos y movilidad: Vigilancia y Rastreo de activos valiosos<br \/>\r\nRedes IoT: Enrutadores robustos para crear soluciones IoT eficientes<br \/>\r\nGanader\u00eda: Productos de identificaci\u00f3n animal para apoyar gesti\u00f3n del ganado y la seguridad alimentaria<br \/>\r\nPersonalizaci\u00f3n: Productos dise\u00f1ados para cumplir con los requerimientos de IoT totalmente particualares para un caso de uso\r\n\t<p>M2M\/IoT<\/p>\r\n\t<p>Networking<\/p>\r\n\r\n","protected":false},"excerpt":{"rendered":"<p>\u00bfQUI\u00c9N ES QUECLINK? Los equipos de trabajo de Queclink motivan e impulsan de forma constante a los clientes para descubrir la tecnolog\u00eda basada en dispositivos y aplicaciones IoT y reinvemtar con ella sus negocios con soluciones inteligentes dise\u00f1adas por Queclink. LOS PRODUCTOS DE QUECLINK Transporte: Seguimiento y monitorizaci\u00f3n a distancia de veh\u00edculos y conductores Activos [&hellip;]<\/p>\n","protected":false},"author":6,"featured_media":0,"parent":79554,"menu_order":0,"comment_status":"closed","ping_status":"closed","template":"templates\/template-vendor-category.php","meta":{"_acf_changed":false,"_genesis_hide_title":false,"_genesis_hide_breadcrumbs":false,"_genesis_hide_singular_image":false,"_genesis_hide_footer_widgets":false,"_genesis_custom_body_class":"","_genesis_custom_post_class":"","_genesis_layout":"","footnotes":""},"class_list":{"0":"post-253050","1":"page","2":"type-page","3":"status-publish","5":"entry"},"acf":[],"_links":{"self":[{"href":"https:\/\/www.v-valley.com\/es\/wp-json\/wp\/v2\/pages\/253050","targetHints":{"allow":["GET"]}}],"collection":[{"href":"https:\/\/www.v-valley.com\/es\/wp-json\/wp\/v2\/pages"}],"about":[{"href":"https:\/\/www.v-valley.com\/es\/wp-json\/wp\/v2\/types\/page"}],"author":[{"embeddable":true,"href":"https:\/\/www.v-valley.com\/es\/wp-json\/wp\/v2\/users\/6"}],"replies":[{"embeddable":true,"href":"https:\/\/www.v-valley.com\/es\/wp-json\/wp\/v2\/comments?post=253050"}],"version-history":[{"count":0,"href":"https:\/\/www.v-valley.com\/es\/wp-json\/wp\/v2\/pages\/253050\/revisions"}],"up":[{"embeddable":true,"href":"https:\/\/www.v-valley.com\/es\/wp-json\/wp\/v2\/pages\/79554"}],"wp:attachment":[{"href":"https:\/\/www.v-valley.com\/es\/wp-json\/wp\/v2\/media?parent=253050"}],"curies":[{"name":"wp","href":"https:\/\/api.w.org\/{rel}","templated":true}]}}