{"id":253042,"date":"2023-09-08T16:27:22","date_gmt":"2023-09-08T14:27:22","guid":{"rendered":"https:\/\/www.v-valley.com\/?page_id=253042"},"modified":"2023-09-21T16:32:04","modified_gmt":"2023-09-21T14:32:04","slug":"panorama-antennas","status":"publish","type":"page","link":"https:\/\/www.v-valley.com\/es\/vendor\/panorama-antennas\/","title":{"rendered":"Panorama Antennas"},"content":{"rendered":"\r\n\r\n\t\t\t\t<img loading=\"lazy\" decoding=\"async\" src=\"https:\/\/statics.v-valley.com\/prod\/2023\/09\/panorama-antennas.gif\" alt=\"panorama-antennas\" itemprop=\"image\" height=\"55\" width=\"140\" title=\"panorama-antennas\" onerror=\"this.style.display='none'\"  \/>\r\n<h2>\r\n\t\t\u00bfQUI\u00c9N ES PANORAMA ANTENNAS?\r\n\t<\/h2>\r\n\tPanorama Antennas es l\u00edder en el dise\u00f1o y la fabricaci\u00f3n de antenas de radiocomunicaci\u00f3n.<br \/>\r\nLa constante investigaci\u00f3n de vanguardia de Panorama garantiza que sus antenas cumplan las exigencias de las tecnolog\u00edas de comunicaci\u00f3n m\u00e1s recientes. Todas ellas, en las que conf\u00edan profesionales y consumidores de todo el mundo, proporcionan comunicaciones incluso en las condiciones m\u00e1s dif\u00edciles.\r\nActualmente, Panorama se especializa en soluciones de antenas profesionales para las tecnolog\u00edas de comunicaci\u00f3n modernas. Proporciona soluciones de antenas innovadoras para los sectores de mercado de las comunicaciones cr\u00edticas, M2M e IOT, LTE celular e In-building y tiene una experiencia particular en el suministro de antenas combinadas que incorporan m\u00faltiples tecnolog\u00edas.<br \/>\r\nCon 70 a\u00f1os de experiencia en el suministro de antenas a nivel internacional, la actual gama de productos de Panorama refleja su experiencia en el suministro de antenas de alto rendimiento.\r\n<p>Panorama Antennas ha dise\u00f1ado y fabricado antenas y productos estrechamente relacionados para la industria de las radiocomunicaciones en todo el mundo desde 1947. Proporciona antenas y accesorios de alta calidad que mejoran continuamente.<\/p>\r\n<h2>\r\n\t\tLOS PRODUCTOS DE PANORAMA ANTENNAS\r\n\t<\/h2>\r\n\t<p>Panorama ofrece una nueva generaci\u00f3n de antenas LTE, la gama m\u00e1s completa de soluciones de antena que cubre la banda 71 de LTE 5G (617-698MHz), las bandas 42 y 48 de LTE para CBRS (3400-3600MH y 3550-3700MHz), y la red privada LTE de 5GHz. Una serie de productos de vanguardia y alto rendimiento en un espectro de frecuencias cada vez m\u00e1s amplio, lo que permite a los clientes comprar, instalar y utilizar un producto con garant\u00eda de futuro para toda una gama de aplicaciones diferentes.<\/p>\r\nSoluciones m\u00f3viles:<br \/>\r\n&#8211; Antena MiMo Sharkee 4G\/5G<br \/>\r\n&#8211; Antena Great White 5G MiMo<br \/>\r\n&#8211; Antena MAKO 5G MiMo<br \/>\r\n&#8211; Antena MiMo de montaje en el salpicadero<br \/>\r\n&#8211; Soluciones para sucursales:<br \/>\r\n&#8211; Antena direccional 2\u00d72 MiMo 4G\/5G<br \/>\r\n&#8211; Antena direccional 4\u00d74 MiMo 4G\/5G\r\nSoluciones IoT:<br \/>\r\n&#8211; Antena 4G\/5G de montaje en soporte<br \/>\r\n&#8211; Antena 4G\/5G de panel de perfil bajo<br \/>\r\n&#8211; Antena magn\u00e9tica de perfil bajo<br \/>\r\n&#8211; Banda ancha 4G\/5G. Antena de paleta terminal<br \/>\r\n&#8211; Antea MiMo 4G\/5G de sobremesa<br \/>\r\n&#8211; Soluciones para edificios:<br \/>\r\n&#8211; Antena de techo UHF y celular de perfil ultrabajo<br \/>\r\n&#8211; Antena de techo Omni SiSo\/MiMo de bajo PIM<br \/>\r\n&#8211; Antena de techo UHF y Celular\r\n\t<p>M2M\/IoT<\/p>\r\n\t<p>Networking<\/p>\r\n\r\n","protected":false},"excerpt":{"rendered":"<p>\u00bfQUI\u00c9N ES PANORAMA ANTENNAS? Panorama Antennas es l\u00edder en el dise\u00f1o y la fabricaci\u00f3n de antenas de radiocomunicaci\u00f3n. La constante investigaci\u00f3n de vanguardia de Panorama garantiza que sus antenas cumplan las exigencias de las tecnolog\u00edas de comunicaci\u00f3n m\u00e1s recientes. Todas ellas, en las que conf\u00edan profesionales y consumidores de todo el mundo, proporcionan comunicaciones incluso [&hellip;]<\/p>\n","protected":false},"author":6,"featured_media":0,"parent":79554,"menu_order":0,"comment_status":"closed","ping_status":"closed","template":"templates\/template-vendor-category.php","meta":{"_acf_changed":false,"_genesis_hide_title":false,"_genesis_hide_breadcrumbs":false,"_genesis_hide_singular_image":false,"_genesis_hide_footer_widgets":false,"_genesis_custom_body_class":"","_genesis_custom_post_class":"","_genesis_layout":"","footnotes":""},"class_list":{"0":"post-253042","1":"page","2":"type-page","3":"status-publish","5":"entry"},"acf":[],"_links":{"self":[{"href":"https:\/\/www.v-valley.com\/es\/wp-json\/wp\/v2\/pages\/253042","targetHints":{"allow":["GET"]}}],"collection":[{"href":"https:\/\/www.v-valley.com\/es\/wp-json\/wp\/v2\/pages"}],"about":[{"href":"https:\/\/www.v-valley.com\/es\/wp-json\/wp\/v2\/types\/page"}],"author":[{"embeddable":true,"href":"https:\/\/www.v-valley.com\/es\/wp-json\/wp\/v2\/users\/6"}],"replies":[{"embeddable":true,"href":"https:\/\/www.v-valley.com\/es\/wp-json\/wp\/v2\/comments?post=253042"}],"version-history":[{"count":0,"href":"https:\/\/www.v-valley.com\/es\/wp-json\/wp\/v2\/pages\/253042\/revisions"}],"up":[{"embeddable":true,"href":"https:\/\/www.v-valley.com\/es\/wp-json\/wp\/v2\/pages\/79554"}],"wp:attachment":[{"href":"https:\/\/www.v-valley.com\/es\/wp-json\/wp\/v2\/media?parent=253042"}],"curies":[{"name":"wp","href":"https:\/\/api.w.org\/{rel}","templated":true}]}}