{"id":253034,"date":"2023-09-21T15:45:30","date_gmt":"2023-09-21T13:45:30","guid":{"rendered":"https:\/\/www.v-valley.com\/?page_id=253034"},"modified":"2023-09-21T16:32:01","modified_gmt":"2023-09-21T14:32:01","slug":"octopus","status":"publish","type":"page","link":"https:\/\/www.v-valley.com\/es\/vendor\/octopus\/","title":{"rendered":"Octopus"},"content":{"rendered":"\r\n\r\n\t\t\t\t<img loading=\"lazy\" decoding=\"async\" src=\"https:\/\/statics.v-valley.com\/prod\/2023\/09\/logo-octopus.gif\" alt=\"logo-octopus\" itemprop=\"image\" height=\"55\" width=\"140\" title=\"logo-octopus\" onerror=\"this.style.display='none'\"  \/>\r\n<h2>\r\n\t\t\u00bfQUI\u00c9N ES OCTOPUS?\r\n\t<\/h2>\r\n\t<p>Octopus WiFi, proveedor de soluciones de comunicaciones, ofrece una plataforma Cloud global orientada a gestionar y controlar el acceso en entornos WiFi, convirti\u00e9ndose as\u00ed en una herramienta de marketing que permite obtener datos e informaci\u00f3n en relaci\u00f3n a la generaci\u00f3n de leads, perfiles de usuarios, aumento de las visitas a un sitio web y redes sociales, campa\u00f1as, promociones, etc.<\/p>\r\nOctopus Platform es una plataforma cloud de conectividad que ofrece valor a las infraestructuras de telecomunicaciones, dotando a las redes WiFi de funcionalidades diferenciales y trabajando sobre los pilares fundamentales de la digitalizaci\u00f3n, como son la conectividad y el marketing automatizado. Mediante el WiFi invitados es posible fomentar el negocio utiliz\u00e1ndolo como un nuevo canal de marketing: Generaci\u00f3n de Leads, construcci\u00f3n de perfiles, interacci\u00f3n con herramientas de marketing online, automatizaci\u00f3n de campa\u00f1as&#8230;<br \/>\r\nEn la actualidad, disponer de una s\u00f3lida y potente soluci\u00f3n de WiFi resulta imprescindible para la mayor\u00eda de los negocios y supone un reclamo de atracci\u00f3n y fidelizaci\u00f3n de clientes.\r\n<h2>\r\n\t\tLOS PRODUCTOS DE OCTOPUS\r\n\t<\/h2>\r\n\tLa plataforma consta de 3 m\u00f3dulos y dos m\u00f3dulos de complementos para impulsar sectores claves. Todos ellos agrupan diferentes funcionalidades que se adaptan a diferentes sectores o mercados, que junto con los servicios profesionales ofrecidos por Blue Octopus, permiten crear soluciones totalmente adaptables a cada negocio:<br \/>\r\n&#8211; Hospitality<br \/>\r\n&#8211; Retail<br \/>\r\n&#8211; Restauraci\u00f3n<br \/>\r\n&#8211; Educaci\u00f3n<br \/>\r\n&#8211; SmartCities<br \/>\r\n&#8211; Oficinas Corporativas<br \/>\r\n&#8211; Otros sectores: centros sanitarios, centros comerciales, locales de ocio, transportes, gimnasios&#8230;\r\n<p>Esta herramienta convierte el acceso a las redes en un entorno controlado y seguro para sus invitados, empleados y cualquier dispositivo con acceso a internet. Para ello la plataforma est\u00e1 integrada con las principales soluciones WLAN\/LAN del mercado, aportando un entorno de gesti\u00f3n unificado y sencillo.<\/p>\r\n\t<p>Networking<\/p>\r\n\t<p>Cloud Security<\/p>\r\n\t<p>Soluciones para Service Providers<\/p>\r\n\r\n","protected":false},"excerpt":{"rendered":"<p>\u00bfQUI\u00c9N ES OCTOPUS? Octopus WiFi, proveedor de soluciones de comunicaciones, ofrece una plataforma Cloud global orientada a gestionar y controlar el acceso en entornos WiFi, convirti\u00e9ndose as\u00ed en una herramienta de marketing que permite obtener datos e informaci\u00f3n en relaci\u00f3n a la generaci\u00f3n de leads, perfiles de usuarios, aumento de las visitas a un sitio [&hellip;]<\/p>\n","protected":false},"author":6,"featured_media":0,"parent":79554,"menu_order":0,"comment_status":"closed","ping_status":"closed","template":"templates\/template-vendor-category.php","meta":{"_acf_changed":false,"_genesis_hide_title":false,"_genesis_hide_breadcrumbs":false,"_genesis_hide_singular_image":false,"_genesis_hide_footer_widgets":false,"_genesis_custom_body_class":"","_genesis_custom_post_class":"","_genesis_layout":"","footnotes":""},"class_list":{"0":"post-253034","1":"page","2":"type-page","3":"status-publish","5":"entry"},"acf":[],"_links":{"self":[{"href":"https:\/\/www.v-valley.com\/es\/wp-json\/wp\/v2\/pages\/253034","targetHints":{"allow":["GET"]}}],"collection":[{"href":"https:\/\/www.v-valley.com\/es\/wp-json\/wp\/v2\/pages"}],"about":[{"href":"https:\/\/www.v-valley.com\/es\/wp-json\/wp\/v2\/types\/page"}],"author":[{"embeddable":true,"href":"https:\/\/www.v-valley.com\/es\/wp-json\/wp\/v2\/users\/6"}],"replies":[{"embeddable":true,"href":"https:\/\/www.v-valley.com\/es\/wp-json\/wp\/v2\/comments?post=253034"}],"version-history":[{"count":0,"href":"https:\/\/www.v-valley.com\/es\/wp-json\/wp\/v2\/pages\/253034\/revisions"}],"up":[{"embeddable":true,"href":"https:\/\/www.v-valley.com\/es\/wp-json\/wp\/v2\/pages\/79554"}],"wp:attachment":[{"href":"https:\/\/www.v-valley.com\/es\/wp-json\/wp\/v2\/media?parent=253034"}],"curies":[{"name":"wp","href":"https:\/\/api.w.org\/{rel}","templated":true}]}}