{"id":252972,"date":"2023-09-21T15:43:26","date_gmt":"2023-09-21T13:43:26","guid":{"rendered":"https:\/\/www.v-valley.com\/?page_id=252972"},"modified":"2023-09-21T16:31:25","modified_gmt":"2023-09-21T14:31:25","slug":"magtek","status":"publish","type":"page","link":"https:\/\/www.v-valley.com\/es\/vendor\/magtek\/","title":{"rendered":"MagTek"},"content":{"rendered":"\r\n\r\n\t\t\t\t<img loading=\"lazy\" decoding=\"async\" src=\"https:\/\/statics.v-valley.com\/prod\/2023\/09\/logo-magtek.gif\" alt=\"logo-magtek\" itemprop=\"image\" height=\"55\" width=\"140\" title=\"logo-magtek\" onerror=\"this.style.display='none'\"  \/>\r\n<h2>\r\n\t\t\u00bfQUI\u00c9N ES MagTek?\r\n\t<\/h2>\r\n\tMagTek dise\u00f1a, construye y fabrica hardware de primera calidad y servicios web seguros para proteger la identidad, las transacciones y la seguridad de las personas y las empresas en todo el mundo.<br \/>\r\nSu visi\u00f3n es garantizar que todos puedan realizar operaciones bancarias, comprar, trabajar, jugar, comunicarse e intercambiar servicios en un entorno seguro.\r\n<h2>\r\n\t\tLOS PRODUCTOS DE MagTek\r\n\t<\/h2>\r\n\t&#8211; Lectores de tarjetas: con autenticadores, seguros y fiables para soluciones de transacciones digitales m\u00f3viles, de mostrador y OEM.<br \/>\r\n&#8211; PINs Pads, teclados y terminales para entidades financieras, retailers, y todo tipo de negocios.<br \/>\r\n&#8211; Hardware de personalizaci\u00f3n y emisi\u00f3n de tarjetas. Desde tarjetas de pago financiero de alto rendimiento, hasta tarjetas de identificaci\u00f3n y acceso emitidas instant\u00e1neamente y tarjetas de fidelizaci\u00f3n.<br \/>\r\n&#8211; Scanners y lectores MICR: Para satisfacer las necesidades de una amplia gama de aplicaciones adecuados para todo tipo de organizaciones, desde los retailiers m\u00e1s grandes de la industria a las tiendas m\u00e1s peque\u00f1as, entidades bancarias, etc.\r\n\t<p>Identificaci\u00f3n Autom\u00e1tica<\/p>\r\n\r\n","protected":false},"excerpt":{"rendered":"<p>\u00bfQUI\u00c9N ES MagTek? MagTek dise\u00f1a, construye y fabrica hardware de primera calidad y servicios web seguros para proteger la identidad, las transacciones y la seguridad de las personas y las empresas en todo el mundo. Su visi\u00f3n es garantizar que todos puedan realizar operaciones bancarias, comprar, trabajar, jugar, comunicarse e intercambiar servicios en un entorno [&hellip;]<\/p>\n","protected":false},"author":6,"featured_media":0,"parent":79554,"menu_order":0,"comment_status":"closed","ping_status":"closed","template":"templates\/template-vendor-category.php","meta":{"_acf_changed":false,"_genesis_hide_title":false,"_genesis_hide_breadcrumbs":false,"_genesis_hide_singular_image":false,"_genesis_hide_footer_widgets":false,"_genesis_custom_body_class":"","_genesis_custom_post_class":"","_genesis_layout":"","footnotes":""},"class_list":{"0":"post-252972","1":"page","2":"type-page","3":"status-publish","5":"entry"},"acf":[],"_links":{"self":[{"href":"https:\/\/www.v-valley.com\/es\/wp-json\/wp\/v2\/pages\/252972","targetHints":{"allow":["GET"]}}],"collection":[{"href":"https:\/\/www.v-valley.com\/es\/wp-json\/wp\/v2\/pages"}],"about":[{"href":"https:\/\/www.v-valley.com\/es\/wp-json\/wp\/v2\/types\/page"}],"author":[{"embeddable":true,"href":"https:\/\/www.v-valley.com\/es\/wp-json\/wp\/v2\/users\/6"}],"replies":[{"embeddable":true,"href":"https:\/\/www.v-valley.com\/es\/wp-json\/wp\/v2\/comments?post=252972"}],"version-history":[{"count":0,"href":"https:\/\/www.v-valley.com\/es\/wp-json\/wp\/v2\/pages\/252972\/revisions"}],"up":[{"embeddable":true,"href":"https:\/\/www.v-valley.com\/es\/wp-json\/wp\/v2\/pages\/79554"}],"wp:attachment":[{"href":"https:\/\/www.v-valley.com\/es\/wp-json\/wp\/v2\/media?parent=252972"}],"curies":[{"name":"wp","href":"https:\/\/api.w.org\/{rel}","templated":true}]}}