{"id":252964,"date":"2023-09-21T15:42:44","date_gmt":"2023-09-21T13:42:44","guid":{"rendered":"https:\/\/www.v-valley.com\/?page_id=252964"},"modified":"2023-09-21T16:30:39","modified_gmt":"2023-09-21T14:30:39","slug":"lantronix","status":"publish","type":"page","link":"https:\/\/www.v-valley.com\/es\/vendor\/lantronix\/","title":{"rendered":"Lantronix"},"content":{"rendered":"\r\n\r\n\t\t\t\t<img loading=\"lazy\" decoding=\"async\" src=\"https:\/\/statics.v-valley.com\/prod\/2023\/09\/logo-lantronix.gif\" alt=\"logo-lantronix\" itemprop=\"image\" height=\"55\" width=\"140\" title=\"logo-lantronix\" onerror=\"this.style.display='none'\"  \/>\r\n<h2>\r\n\t\t\u00bfQUI\u00c9N ES LANTRONIX?\r\n\t<\/h2>\r\n\t<p>Lantronix es un proveedor global de software como servicio (SaaS), servicios de conectividad, servicios de ingenier\u00eda, hardware inteligente y soluciones llave en mano para el Internet de las Cosas (IoT) y la gesti\u00f3n de entornos remotos.<\/p>\r\nLantronix permite a sus clientes ofrecer soluciones fiables y seguras de IoT Intelligent Edge y OOBM al tiempo que acelera el tiempo de comercializaci\u00f3n.<br \/>\r\nLos productos y servicios de Lantronix simplifican dr\u00e1sticamente la creaci\u00f3n, el desarrollo, el despliegue y la gesti\u00f3n de los proyectos de IoT, a la vez que proporcionan calidad, fiabilidad y seguridad en el hardware, el software y las soluciones.\r\n<h2>\r\n\t\tLOS PRODUCTOS DE LANTRONIX\r\n\t<\/h2>\r\n\t<p>Los servicios y soluciones de Lantronix ofrecen un enfoque hol\u00edstico para abordar las necesidades de sus clientes integrando el desarrollo de software y aplicaciones, una plataforma de gesti\u00f3n SaaS, edge-computing inteligente, m\u00f3dulos embebidos por cable, Wi-Fi, m\u00f3viles y dispositivos externos, as\u00ed como una amplia gama de sensores y rastreadores.<\/p>\r\n<p>Ya se trate de m\u00f3dulos inal\u00e1mbricos integrados, servidores de administraci\u00f3n de consola remota, administradores de tiempo de inactividad automatizados o routers celulares industriales, las soluciones de Lantronix simplifican dr\u00e1sticamente la creaci\u00f3n, el desarrollo, la implementaci\u00f3n y la administraci\u00f3n de proyectos de IoT. Todas ellas se despliegan en millones de m\u00e1quinas, centros de datos, oficinas y sitios remotos que sirven a una amplia gama de industrias: energ\u00eda, agricultura, medicina, seguridad, fabricaci\u00f3n, distribuci\u00f3n, transporte, comercio minorista, finanzas, medio ambiente y gobierno.<\/p>\r\nEntre todo el portfolio del fabricante, destacan:<br \/>\r\n&#8211; M\u00f3dulos y gateways M2M \/ IoT<br \/>\r\n&#8211; M\u00f3dems y routers 2G, 3G, LTE y NB-IoT<br \/>\r\n&#8211; Soluciones serie WiFi \/ Ethernet<br \/>\r\n&#8211; Trackers\r\n\t<p>M2M\/IoT <\/p>\r\n\t<p>Networking<\/p>\r\n\r\n","protected":false},"excerpt":{"rendered":"<p>\u00bfQUI\u00c9N ES LANTRONIX? Lantronix es un proveedor global de software como servicio (SaaS), servicios de conectividad, servicios de ingenier\u00eda, hardware inteligente y soluciones llave en mano para el Internet de las Cosas (IoT) y la gesti\u00f3n de entornos remotos. Lantronix permite a sus clientes ofrecer soluciones fiables y seguras de IoT Intelligent Edge y OOBM [&hellip;]<\/p>\n","protected":false},"author":6,"featured_media":0,"parent":79554,"menu_order":0,"comment_status":"closed","ping_status":"closed","template":"templates\/template-vendor-category.php","meta":{"_acf_changed":false,"_genesis_hide_title":false,"_genesis_hide_breadcrumbs":false,"_genesis_hide_singular_image":false,"_genesis_hide_footer_widgets":false,"_genesis_custom_body_class":"","_genesis_custom_post_class":"","_genesis_layout":"","footnotes":""},"class_list":{"0":"post-252964","1":"page","2":"type-page","3":"status-publish","5":"entry"},"acf":[],"_links":{"self":[{"href":"https:\/\/www.v-valley.com\/es\/wp-json\/wp\/v2\/pages\/252964","targetHints":{"allow":["GET"]}}],"collection":[{"href":"https:\/\/www.v-valley.com\/es\/wp-json\/wp\/v2\/pages"}],"about":[{"href":"https:\/\/www.v-valley.com\/es\/wp-json\/wp\/v2\/types\/page"}],"author":[{"embeddable":true,"href":"https:\/\/www.v-valley.com\/es\/wp-json\/wp\/v2\/users\/6"}],"replies":[{"embeddable":true,"href":"https:\/\/www.v-valley.com\/es\/wp-json\/wp\/v2\/comments?post=252964"}],"version-history":[{"count":0,"href":"https:\/\/www.v-valley.com\/es\/wp-json\/wp\/v2\/pages\/252964\/revisions"}],"up":[{"embeddable":true,"href":"https:\/\/www.v-valley.com\/es\/wp-json\/wp\/v2\/pages\/79554"}],"wp:attachment":[{"href":"https:\/\/www.v-valley.com\/es\/wp-json\/wp\/v2\/media?parent=252964"}],"curies":[{"name":"wp","href":"https:\/\/api.w.org\/{rel}","templated":true}]}}